{"id":25048,"date":"2025-08-13T11:14:47","date_gmt":"2025-08-13T09:14:47","guid":{"rendered":"https:\/\/ddz.de\/?page_id=25048"},"modified":"2025-10-28T10:15:22","modified_gmt":"2025-10-28T09:15:22","slug":"dse-bluesky","status":"publish","type":"page","link":"https:\/\/ddz.de\/en\/dse-bluesky\/","title":{"rendered":"Nutzung unseres Unternehmensprofils bei Bluesky"},"content":{"rendered":"\n<p>Wir betreiben ein Unternehmensprofil auf Bluesky, einer Social-Media-Plattform, die von Bluesky PBLLC, Seattle, WA bereitgestellt wird.<\/p>\n\n\n\n<p>Als Betreiber dieses Profils sind wir gemeinsam mit Bluesky Verantwortliche im Sinne von Art. 26 DSGVO f\u00fcr die Verarbeitung personenbezogener Daten, die w\u00e4hrend Ihres Besuchs unseres Unternehmensprofils erfolgt.<\/p>\n\n\n\n<p>BlueSky stellt derzeit keine Vereinbarung \u00fcber eine gemeinsame Verantwortlichkeit i.S.d. Art. 26 Abs. 1 S. 2 DSGVO zur Verf\u00fcgung, die festlegt, welcher Verantwortliche welche datenschutzrechtlichen Pflichten nach der DSGVO erf\u00fcllt.<\/p>\n\n\n\n<p>Wir verarbeiten Ihre personenbezogenen Daten, wenn Sie \u00fcber unser Unternehmensprofil mit uns in Verbindung treten, indem Sie die hierf\u00fcr bereitgestellten Funktionen nutzen (z. B. Folgen, Nachrichten, Kommentarfunktion, Beitr\u00e4ge, \u201eGef\u00e4llt\u201c-Interaktionen, Weiterleitungen\/Teilen) oder die von uns bereitgestellten Inhalte abrufen.<\/p>\n\n\n\n<p>W\u00e4hrend Ihres Besuchs auf unserem Bluesky-Profil verarbeitet, Bluesky personenbezogene Daten, wie Ihre IP-Adresse, Ger\u00e4tedaten und Interaktionen. Uns als Seitenbetreiber stellt Bluesky anonymisierte statistische Auswertungen zur Nutzung und Reichweite unserer Inhalte zur Verf\u00fcgung.<\/p>\n\n\n\n<p>Bitte beachten Sie zus\u00e4tzlich die Datenschutzrichtlinie von Bluesky. Hier finden Sie detaillierte Informationen zur Funktionsweise des sozialen Netzwerks, zur Datenverarbeitung bei Interaktionen mit unserem Bluesky-Kanal sowie zu den Rechtsgrundlagen und Zwecken der Verarbeitung personenbezogener Daten. Dar\u00fcber hinaus enth\u00e4lt die Richtlinie Hinweise zur Speicherdauer und zum L\u00f6schen von Daten bei Bluesky.<\/p>\n\n\n\n<p>Die Datenschutzerkl\u00e4rung von Bluesky k\u00f6nnen Sie hier aufrufen:<\/p>\n\n\n\n<p><a href=\"https:\/\/bsky.social\/about\/support\/privacy-policy\">https:\/\/bsky.social\/about\/support\/privacy-policy<\/a><\/p>\n\n\n\n<h2 class=\"wp-block-heading\">Zweck der Verarbeitung<\/h2>\n\n\n\n<p>Die Verarbeitung Ihrer personenbezogenen Daten erfolgt zum Zweck der Verbesserung der Au\u00dfenwirkung unseres Unternehmens, der Kunden- und Kontaktpflege, der Bereitstellung relevanter Inhalte und der Interaktion mit Nutzern sowie zur Analyse der Reichweite und Nutzung unserer Inhalte.<\/p>\n\n\n\n<p>Dabei hat der Deutsche Diabetes Forschungsgesellschaft e.V. keinen Zugriff auf die personenbezogenen Daten, die von Bluesky im Rahmen von Analytics verarbeitet werden.<\/p>\n\n\n\n<h2 class=\"wp-block-heading\">Rechtsgrundlage<\/h2>\n\n\n\n<p>Wir verarbeiten Ihre personenbezogenen Daten auf Grundlage des berechtigten Interesses gem\u00e4\u00df Art. 6 Abs. 1 lit. f DSGVO. Unser berechtigtes Interesse liegt in der Bereitstellung unseres Unternehmensprofils, der Nutzung der Social-Media-Plattform zur Kundenkommunikation und der Analyse der Nutzung unserer Inhalte.<\/p>\n\n\n\n<p>Falls Sie uns \u00fcber Bluesky direkt kontaktieren (z. B. durch private Nachrichten), erfolgt die Verarbeitung auf Grundlage von Art. 6 Abs. 1 lit. b DSGVO (Vertragserf\u00fcllung oder vorvertragliche Ma\u00dfnahmen).<\/p>\n","protected":false},"excerpt":{"rendered":"<p>Wir betreiben ein Unternehmensprofil auf Bluesky, einer Social-Media-Plattform, die von Bluesky PBLLC, Seattle, WA bereitgestellt wird. Als Betreiber dieses Profils sind wir gemeinsam mit Bluesky Verantwortliche im Sinne von Art. [&hellip;]<\/p>\n","protected":false},"author":1,"featured_media":0,"parent":0,"menu_order":0,"comment_status":"closed","ping_status":"closed","template":"","meta":{"_acf_changed":false,"_FSMCFIC_featured_image_caption":"","_FSMCFIC_featured_image_nocaption":"","_FSMCFIC_featured_image_hide":"","footnotes":""},"categories":[],"tags":[],"class_list":["post-25048","page","type-page","status-publish","hentry"],"acf":{"ddz-icon":false,"attachments":false},"yoast_head":"<!-- This site is optimized with the Yoast SEO plugin v27.2 - https:\/\/yoast.com\/product\/yoast-seo-wordpress\/ -->\n<title>Nutzung unseres Unternehmensprofils bei Bluesky - Deutsches Diabetes-Zentrum (DDZ)<\/title>\n<meta name=\"description\" content=\"Datenschutz-Hinweise zur Nutzung unseres Unternehmensprofils auf LinkedIn\" \/>\n<meta name=\"robots\" content=\"index, follow, max-snippet:-1, max-image-preview:large, max-video-preview:-1\" \/>\n<link rel=\"canonical\" href=\"https:\/\/ddz.de\/en\/dse-bluesky\/\" \/>\n<meta property=\"og:locale\" content=\"en_US\" \/>\n<meta property=\"og:type\" content=\"article\" \/>\n<meta property=\"og:title\" content=\"Nutzung unseres Unternehmensprofils bei Bluesky - Deutsches Diabetes-Zentrum (DDZ)\" \/>\n<meta property=\"og:description\" content=\"Datenschutz-Hinweise zur Nutzung unseres Unternehmensprofils auf LinkedIn\" \/>\n<meta property=\"og:url\" content=\"https:\/\/ddz.de\/en\/dse-bluesky\/\" \/>\n<meta property=\"og:site_name\" content=\"Deutsches Diabetes-Zentrum (DDZ)\" \/>\n<meta property=\"article:publisher\" content=\"https:\/\/www.facebook.com\/diabetesinformationsdienst\/\" \/>\n<meta property=\"article:modified_time\" content=\"2025-10-28T09:15:22+00:00\" \/>\n<meta property=\"og:image\" content=\"https:\/\/ddz.de\/wp-content\/uploads\/ddz-og-image.png\" \/>\n\t<meta property=\"og:image:width\" content=\"222\" \/>\n\t<meta property=\"og:image:height\" content=\"222\" \/>\n\t<meta property=\"og:image:type\" content=\"image\/png\" \/>\n<meta name=\"twitter:card\" content=\"summary_large_image\" \/>\n<meta name=\"twitter:site\" content=\"@ddz_info\" \/>\n<meta name=\"twitter:label1\" content=\"Est. reading time\" \/>\n\t<meta name=\"twitter:data1\" content=\"2 minutes\" \/>\n<script type=\"application\/ld+json\" class=\"yoast-schema-graph\">{\"@context\":\"https:\/\/schema.org\",\"@graph\":[{\"@type\":\"WebPage\",\"@id\":\"https:\/\/ddz.de\/en\/dse-bluesky\/\",\"url\":\"https:\/\/ddz.de\/en\/dse-bluesky\/\",\"name\":\"Nutzung unseres Unternehmensprofils bei Bluesky - Deutsches Diabetes-Zentrum (DDZ)\",\"isPartOf\":{\"@id\":\"https:\/\/ddz.de\/en\/#website\"},\"datePublished\":\"2025-08-13T09:14:47+00:00\",\"dateModified\":\"2025-10-28T09:15:22+00:00\",\"description\":\"Datenschutz-Hinweise zur Nutzung unseres Unternehmensprofils auf LinkedIn\",\"breadcrumb\":{\"@id\":\"https:\/\/ddz.de\/en\/dse-bluesky\/#breadcrumb\"},\"inLanguage\":\"en-US\",\"potentialAction\":[{\"@type\":\"ReadAction\",\"target\":[\"https:\/\/ddz.de\/en\/dse-bluesky\/\"]}]},{\"@type\":\"BreadcrumbList\",\"@id\":\"https:\/\/ddz.de\/en\/dse-bluesky\/#breadcrumb\",\"itemListElement\":[{\"@type\":\"ListItem\",\"position\":1,\"name\":\"Startseite\",\"item\":\"https:\/\/ddz.de\/en\/\"},{\"@type\":\"ListItem\",\"position\":2,\"name\":\"Nutzung unseres Unternehmensprofils bei Bluesky\"}]},{\"@type\":\"WebSite\",\"@id\":\"https:\/\/ddz.de\/en\/#website\",\"url\":\"https:\/\/ddz.de\/en\/\",\"name\":\"Deutsches Diabetes-Zentrum (DDZ)\",\"description\":\"Diabetes erforschen - Menschen helfen\",\"publisher\":{\"@id\":\"https:\/\/ddz.de\/en\/#organization\"},\"potentialAction\":[{\"@type\":\"SearchAction\",\"target\":{\"@type\":\"EntryPoint\",\"urlTemplate\":\"https:\/\/ddz.de\/en\/?s={search_term_string}\"},\"query-input\":{\"@type\":\"PropertyValueSpecification\",\"valueRequired\":true,\"valueName\":\"search_term_string\"}}],\"inLanguage\":\"en-US\"},{\"@type\":\"Organization\",\"@id\":\"https:\/\/ddz.de\/en\/#organization\",\"name\":\"Deutsches Diabetes-Zentrum (DDZ)\",\"url\":\"https:\/\/ddz.de\/en\/\",\"logo\":{\"@type\":\"ImageObject\",\"inLanguage\":\"en-US\",\"@id\":\"https:\/\/ddz.de\/en\/#\/schema\/logo\/image\/\",\"url\":\"https:\/\/ddz.de\/wp-content\/uploads\/ddz_logo_de.png\",\"contentUrl\":\"https:\/\/ddz.de\/wp-content\/uploads\/ddz_logo_de.png\",\"width\":640,\"height\":226,\"caption\":\"Deutsches Diabetes-Zentrum (DDZ)\"},\"image\":{\"@id\":\"https:\/\/ddz.de\/en\/#\/schema\/logo\/image\/\"},\"sameAs\":[\"https:\/\/www.facebook.com\/diabetesinformationsdienst\/\",\"https:\/\/x.com\/ddz_info\",\"https:\/\/www.youtube.com\/channel\/UCNxwshEljrBJXPri-w9IiLg\"]}]}<\/script>\n<!-- \/ Yoast SEO plugin. -->","yoast_head_json":{"title":"Nutzung unseres Unternehmensprofils bei Bluesky - Deutsches Diabetes-Zentrum (DDZ)","description":"Datenschutz-Hinweise zur Nutzung unseres Unternehmensprofils auf LinkedIn","robots":{"index":"index","follow":"follow","max-snippet":"max-snippet:-1","max-image-preview":"max-image-preview:large","max-video-preview":"max-video-preview:-1"},"canonical":"https:\/\/ddz.de\/en\/dse-bluesky\/","og_locale":"en_US","og_type":"article","og_title":"Nutzung unseres Unternehmensprofils bei Bluesky - Deutsches Diabetes-Zentrum (DDZ)","og_description":"Datenschutz-Hinweise zur Nutzung unseres Unternehmensprofils auf LinkedIn","og_url":"https:\/\/ddz.de\/en\/dse-bluesky\/","og_site_name":"Deutsches Diabetes-Zentrum (DDZ)","article_publisher":"https:\/\/www.facebook.com\/diabetesinformationsdienst\/","article_modified_time":"2025-10-28T09:15:22+00:00","og_image":[{"width":222,"height":222,"url":"https:\/\/ddz.de\/wp-content\/uploads\/ddz-og-image.png","type":"image\/png"}],"twitter_card":"summary_large_image","twitter_site":"@ddz_info","twitter_misc":{"Est. reading time":"2 minutes"},"schema":{"@context":"https:\/\/schema.org","@graph":[{"@type":"WebPage","@id":"https:\/\/ddz.de\/en\/dse-bluesky\/","url":"https:\/\/ddz.de\/en\/dse-bluesky\/","name":"Nutzung unseres Unternehmensprofils bei Bluesky - Deutsches Diabetes-Zentrum (DDZ)","isPartOf":{"@id":"https:\/\/ddz.de\/en\/#website"},"datePublished":"2025-08-13T09:14:47+00:00","dateModified":"2025-10-28T09:15:22+00:00","description":"Datenschutz-Hinweise zur Nutzung unseres Unternehmensprofils auf LinkedIn","breadcrumb":{"@id":"https:\/\/ddz.de\/en\/dse-bluesky\/#breadcrumb"},"inLanguage":"en-US","potentialAction":[{"@type":"ReadAction","target":["https:\/\/ddz.de\/en\/dse-bluesky\/"]}]},{"@type":"BreadcrumbList","@id":"https:\/\/ddz.de\/en\/dse-bluesky\/#breadcrumb","itemListElement":[{"@type":"ListItem","position":1,"name":"Startseite","item":"https:\/\/ddz.de\/en\/"},{"@type":"ListItem","position":2,"name":"Nutzung unseres Unternehmensprofils bei Bluesky"}]},{"@type":"WebSite","@id":"https:\/\/ddz.de\/en\/#website","url":"https:\/\/ddz.de\/en\/","name":"Deutsches Diabetes-Zentrum (DDZ)","description":"Diabetes erforschen - Menschen helfen","publisher":{"@id":"https:\/\/ddz.de\/en\/#organization"},"potentialAction":[{"@type":"SearchAction","target":{"@type":"EntryPoint","urlTemplate":"https:\/\/ddz.de\/en\/?s={search_term_string}"},"query-input":{"@type":"PropertyValueSpecification","valueRequired":true,"valueName":"search_term_string"}}],"inLanguage":"en-US"},{"@type":"Organization","@id":"https:\/\/ddz.de\/en\/#organization","name":"Deutsches Diabetes-Zentrum (DDZ)","url":"https:\/\/ddz.de\/en\/","logo":{"@type":"ImageObject","inLanguage":"en-US","@id":"https:\/\/ddz.de\/en\/#\/schema\/logo\/image\/","url":"https:\/\/ddz.de\/wp-content\/uploads\/ddz_logo_de.png","contentUrl":"https:\/\/ddz.de\/wp-content\/uploads\/ddz_logo_de.png","width":640,"height":226,"caption":"Deutsches Diabetes-Zentrum (DDZ)"},"image":{"@id":"https:\/\/ddz.de\/en\/#\/schema\/logo\/image\/"},"sameAs":["https:\/\/www.facebook.com\/diabetesinformationsdienst\/","https:\/\/x.com\/ddz_info","https:\/\/www.youtube.com\/channel\/UCNxwshEljrBJXPri-w9IiLg"]}]}},"_links":{"self":[{"href":"https:\/\/ddz.de\/en\/wp-json\/wp\/v2\/pages\/25048","targetHints":{"allow":["GET"]}}],"collection":[{"href":"https:\/\/ddz.de\/en\/wp-json\/wp\/v2\/pages"}],"about":[{"href":"https:\/\/ddz.de\/en\/wp-json\/wp\/v2\/types\/page"}],"author":[{"embeddable":true,"href":"https:\/\/ddz.de\/en\/wp-json\/wp\/v2\/users\/1"}],"replies":[{"embeddable":true,"href":"https:\/\/ddz.de\/en\/wp-json\/wp\/v2\/comments?post=25048"}],"version-history":[{"count":2,"href":"https:\/\/ddz.de\/en\/wp-json\/wp\/v2\/pages\/25048\/revisions"}],"predecessor-version":[{"id":25429,"href":"https:\/\/ddz.de\/en\/wp-json\/wp\/v2\/pages\/25048\/revisions\/25429"}],"wp:attachment":[{"href":"https:\/\/ddz.de\/en\/wp-json\/wp\/v2\/media?parent=25048"}],"wp:term":[{"taxonomy":"category","embeddable":true,"href":"https:\/\/ddz.de\/en\/wp-json\/wp\/v2\/categories?post=25048"},{"taxonomy":"post_tag","embeddable":true,"href":"https:\/\/ddz.de\/en\/wp-json\/wp\/v2\/tags?post=25048"}],"curies":[{"name":"wp","href":"https:\/\/api.w.org\/{rel}","templated":true}]}}