{"id":24956,"date":"2025-07-10T09:59:53","date_gmt":"2025-07-10T07:59:53","guid":{"rendered":"https:\/\/ddz.de\/?page_id=24956"},"modified":"2025-08-13T11:19:14","modified_gmt":"2025-08-13T09:19:14","slug":"dse-linkedin","status":"publish","type":"page","link":"https:\/\/ddz.de\/en\/dse-linkedin\/","title":{"rendered":"Nutzung unseres Unternehmensprofils bei LinkedIn"},"content":{"rendered":"\n<p><\/p>\n\n\n\n<p>Wir betreiben eine Unternehmensprofil auf LinkedIn, einem Dienst der LinkedIn Ireland Unlimited Company, Wilton Plaza, Wilton Place, Dublin 2, Irland.<\/p>\n\n\n\n<p>Als Betreiber dieses Profils sind wir gemeinsam mit LinkedIn Verantwortliche im Sinne von Art. 26 DSGVO f\u00fcr die Verarbeitung personenbezogener Daten, die durch den Besuch unseres Profils erfolgt.<\/p>\n\n\n\n<p>Wir verarbeiten Ihre personenbezogenen Daten, wenn Sie \u00fcber unser Unternehmensprofil mit uns in Verbindung treten, indem Sie die hierf\u00fcr bereitgestellten Funktionen nutzen (z. B. Folgen, Nachrichten, Kommentarfunktion, Beitr\u00e4ge, \u201eGef\u00e4llt-mir-Button\u201c, Weiterleitung\/Teilen) oder die von uns bereitgestellten Inhalte abrufen.<\/p>\n\n\n\n<p>LinkedIn verarbeitet beim Besuch unserer Seite personenbezogene Daten der Nutzer, z. B. IP-Adressen, Ger\u00e4tedaten und Interaktionen. Als Betreiber der Seite erhalten wir \u00fcber \u201eLinkedIn Page Insights\u201c anonymisierte statistische Auswertungen \u00fcber die Nutzung und Reichweite unserer Inhalte.<\/p>\n\n\n\n<p>Weitere Informationen zur Datenverarbeitung durch LinkedIn finden Sie in der Datenschutzerkl\u00e4rung von LinkedIn:<br><a href=\"https:\/\/de.linkedin.com\/legal\/privacy-policy\" target=\"_blank\" rel=\"noreferrer noopener\">https:\/\/de.linkedin.com\/legal\/privacy-policy<\/a><\/p>\n\n\n\n<h2 class=\"wp-block-heading\">1.1 Zweck der Verarbeitung<\/h2>\n\n\n\n<p>Die Verarbeitung erfolgt zur professionellen Au\u00dfendarstellung, zu Kunden- und Kontaktpflege sowie zur Analyse der Seitenreichweite.<\/p>\n\n\n\n<h2 class=\"wp-block-heading\">1.2 Rechtsgrundlage<\/h2>\n\n\n\n<p>Die Verarbeitung personenbezogener Daten erfolgt auf Basis unseres berechtigten Interesses gem\u00e4\u00df Art. 6 Abs. 1 lit. f DSGVO. Unser berechtigtes Interesse liegt in der Bereitstellung und Bewerbung unseres Unternehmensprofils sowie der Interaktion mit Nutzern und Interessenten auf LinkedIn. Sollten Sie direkt mit uns \u00fcber LinkedIn kommunizieren (z. B. private Nachrichten senden oder Beitr\u00e4ge kommentieren), dient Art. 6 Abs. 1 lit. b DSGVO (Vertragserf\u00fcllung oder vorvertragliche Ma\u00dfnahmen) als Rechtsgrundlage.<\/p>\n\n\n\n<h2 class=\"wp-block-heading\">1.3 Gemeinsame Verantwortlichkeit<\/h2>\n\n\n\n<p>F\u00fcr die sogenannten \u201ePage-Insights\u201c-Daten, die LinkedIn im Zusammenhang mit Ihrem Besuch unseres Unternehmensprofils verarbeitet, sind wir und LinkedIn gemeinsam verantwortlich. Die Vereinbarung zur gemeinsamen Verantwortlichkeit k\u00f6nnen Sie hier einsehen:<br><a href=\"https:\/\/legal.linkedin.com\/pages-joint-controller-addendum\" target=\"_blank\" rel=\"noreferrer noopener\">https:\/\/legal.linkedin.com\/pages-joint-controller-addendum<\/a><\/p>\n\n\n\n<p>In dieser Vereinbarung ist geregelt, dass LinkedIn prim\u00e4r f\u00fcr die Verarbeitung der Page-Insights-Daten und die Einhaltung der Betroffenenrechte zust\u00e4ndig ist. Sie k\u00f6nnen Ihre Rechte (z. B. auf Auskunft, L\u00f6schung, Widerspruch) jedoch sowohl bei uns als auch direkt bei LinkedIn geltend machen. Wenn Sie Ihre Rechte gegen\u00fcber uns geltend machen, werden wir Ihre Anfrage an LinkedIn weiterleiten, soweit diese Datenverarbeitung betrifft.<\/p>\n","protected":false},"excerpt":{"rendered":"<p>Wir betreiben eine Unternehmensprofil auf LinkedIn, einem Dienst der LinkedIn Ireland Unlimited Company, Wilton Plaza, Wilton Place, Dublin 2, Irland. Als Betreiber dieses Profils sind wir gemeinsam mit LinkedIn Verantwortliche [&hellip;]<\/p>\n","protected":false},"author":1,"featured_media":0,"parent":0,"menu_order":0,"comment_status":"closed","ping_status":"closed","template":"","meta":{"_acf_changed":false,"_FSMCFIC_featured_image_caption":"","_FSMCFIC_featured_image_nocaption":"","_FSMCFIC_featured_image_hide":"","footnotes":""},"categories":[],"tags":[],"class_list":["post-24956","page","type-page","status-publish","hentry"],"acf":{"ddz-icon":false,"attachments":false},"yoast_head":"<!-- This site is optimized with the Yoast SEO plugin v27.2 - https:\/\/yoast.com\/product\/yoast-seo-wordpress\/ -->\n<title>Nutzung unseres Unternehmensprofils bei LinkedIn - Deutsches Diabetes-Zentrum (DDZ)<\/title>\n<meta name=\"description\" content=\"Datenschutz-Hinweise zur Nutzung unseres Unternehmensprofils auf LinkedIn\" \/>\n<meta name=\"robots\" content=\"index, follow, max-snippet:-1, max-image-preview:large, max-video-preview:-1\" \/>\n<link rel=\"canonical\" href=\"https:\/\/ddz.de\/en\/dse-linkedin\/\" \/>\n<meta property=\"og:locale\" content=\"en_US\" \/>\n<meta property=\"og:type\" content=\"article\" \/>\n<meta property=\"og:title\" content=\"Nutzung unseres Unternehmensprofils bei LinkedIn - Deutsches Diabetes-Zentrum (DDZ)\" \/>\n<meta property=\"og:description\" content=\"Datenschutz-Hinweise zur Nutzung unseres Unternehmensprofils auf LinkedIn\" \/>\n<meta property=\"og:url\" content=\"https:\/\/ddz.de\/en\/dse-linkedin\/\" \/>\n<meta property=\"og:site_name\" content=\"Deutsches Diabetes-Zentrum (DDZ)\" \/>\n<meta property=\"article:publisher\" content=\"https:\/\/www.facebook.com\/diabetesinformationsdienst\/\" \/>\n<meta property=\"article:modified_time\" content=\"2025-08-13T09:19:14+00:00\" \/>\n<meta property=\"og:image\" content=\"https:\/\/ddz.de\/wp-content\/uploads\/ddz-og-image.png\" \/>\n\t<meta property=\"og:image:width\" content=\"222\" \/>\n\t<meta property=\"og:image:height\" content=\"222\" \/>\n\t<meta property=\"og:image:type\" content=\"image\/png\" \/>\n<meta name=\"twitter:card\" content=\"summary_large_image\" \/>\n<meta name=\"twitter:site\" content=\"@ddz_info\" \/>\n<meta name=\"twitter:label1\" content=\"Est. reading time\" \/>\n\t<meta name=\"twitter:data1\" content=\"2 minutes\" \/>\n<script type=\"application\/ld+json\" class=\"yoast-schema-graph\">{\"@context\":\"https:\/\/schema.org\",\"@graph\":[{\"@type\":\"WebPage\",\"@id\":\"https:\/\/ddz.de\/en\/dse-linkedin\/\",\"url\":\"https:\/\/ddz.de\/en\/dse-linkedin\/\",\"name\":\"Nutzung unseres Unternehmensprofils bei LinkedIn - Deutsches Diabetes-Zentrum (DDZ)\",\"isPartOf\":{\"@id\":\"https:\/\/ddz.de\/en\/#website\"},\"datePublished\":\"2025-07-10T07:59:53+00:00\",\"dateModified\":\"2025-08-13T09:19:14+00:00\",\"description\":\"Datenschutz-Hinweise zur Nutzung unseres Unternehmensprofils auf LinkedIn\",\"breadcrumb\":{\"@id\":\"https:\/\/ddz.de\/en\/dse-linkedin\/#breadcrumb\"},\"inLanguage\":\"en-US\",\"potentialAction\":[{\"@type\":\"ReadAction\",\"target\":[\"https:\/\/ddz.de\/en\/dse-linkedin\/\"]}]},{\"@type\":\"BreadcrumbList\",\"@id\":\"https:\/\/ddz.de\/en\/dse-linkedin\/#breadcrumb\",\"itemListElement\":[{\"@type\":\"ListItem\",\"position\":1,\"name\":\"Startseite\",\"item\":\"https:\/\/ddz.de\/en\/\"},{\"@type\":\"ListItem\",\"position\":2,\"name\":\"Nutzung unseres Unternehmensprofils bei LinkedIn\"}]},{\"@type\":\"WebSite\",\"@id\":\"https:\/\/ddz.de\/en\/#website\",\"url\":\"https:\/\/ddz.de\/en\/\",\"name\":\"Deutsches Diabetes-Zentrum (DDZ)\",\"description\":\"Diabetes erforschen - Menschen helfen\",\"publisher\":{\"@id\":\"https:\/\/ddz.de\/en\/#organization\"},\"potentialAction\":[{\"@type\":\"SearchAction\",\"target\":{\"@type\":\"EntryPoint\",\"urlTemplate\":\"https:\/\/ddz.de\/en\/?s={search_term_string}\"},\"query-input\":{\"@type\":\"PropertyValueSpecification\",\"valueRequired\":true,\"valueName\":\"search_term_string\"}}],\"inLanguage\":\"en-US\"},{\"@type\":\"Organization\",\"@id\":\"https:\/\/ddz.de\/en\/#organization\",\"name\":\"Deutsches Diabetes-Zentrum (DDZ)\",\"url\":\"https:\/\/ddz.de\/en\/\",\"logo\":{\"@type\":\"ImageObject\",\"inLanguage\":\"en-US\",\"@id\":\"https:\/\/ddz.de\/en\/#\/schema\/logo\/image\/\",\"url\":\"https:\/\/ddz.de\/wp-content\/uploads\/ddz_logo_de.png\",\"contentUrl\":\"https:\/\/ddz.de\/wp-content\/uploads\/ddz_logo_de.png\",\"width\":640,\"height\":226,\"caption\":\"Deutsches Diabetes-Zentrum (DDZ)\"},\"image\":{\"@id\":\"https:\/\/ddz.de\/en\/#\/schema\/logo\/image\/\"},\"sameAs\":[\"https:\/\/www.facebook.com\/diabetesinformationsdienst\/\",\"https:\/\/x.com\/ddz_info\",\"https:\/\/www.youtube.com\/channel\/UCNxwshEljrBJXPri-w9IiLg\"]}]}<\/script>\n<!-- \/ Yoast SEO plugin. -->","yoast_head_json":{"title":"Nutzung unseres Unternehmensprofils bei LinkedIn - Deutsches Diabetes-Zentrum (DDZ)","description":"Datenschutz-Hinweise zur Nutzung unseres Unternehmensprofils auf LinkedIn","robots":{"index":"index","follow":"follow","max-snippet":"max-snippet:-1","max-image-preview":"max-image-preview:large","max-video-preview":"max-video-preview:-1"},"canonical":"https:\/\/ddz.de\/en\/dse-linkedin\/","og_locale":"en_US","og_type":"article","og_title":"Nutzung unseres Unternehmensprofils bei LinkedIn - Deutsches Diabetes-Zentrum (DDZ)","og_description":"Datenschutz-Hinweise zur Nutzung unseres Unternehmensprofils auf LinkedIn","og_url":"https:\/\/ddz.de\/en\/dse-linkedin\/","og_site_name":"Deutsches Diabetes-Zentrum (DDZ)","article_publisher":"https:\/\/www.facebook.com\/diabetesinformationsdienst\/","article_modified_time":"2025-08-13T09:19:14+00:00","og_image":[{"width":222,"height":222,"url":"https:\/\/ddz.de\/wp-content\/uploads\/ddz-og-image.png","type":"image\/png"}],"twitter_card":"summary_large_image","twitter_site":"@ddz_info","twitter_misc":{"Est. reading time":"2 minutes"},"schema":{"@context":"https:\/\/schema.org","@graph":[{"@type":"WebPage","@id":"https:\/\/ddz.de\/en\/dse-linkedin\/","url":"https:\/\/ddz.de\/en\/dse-linkedin\/","name":"Nutzung unseres Unternehmensprofils bei LinkedIn - Deutsches Diabetes-Zentrum (DDZ)","isPartOf":{"@id":"https:\/\/ddz.de\/en\/#website"},"datePublished":"2025-07-10T07:59:53+00:00","dateModified":"2025-08-13T09:19:14+00:00","description":"Datenschutz-Hinweise zur Nutzung unseres Unternehmensprofils auf LinkedIn","breadcrumb":{"@id":"https:\/\/ddz.de\/en\/dse-linkedin\/#breadcrumb"},"inLanguage":"en-US","potentialAction":[{"@type":"ReadAction","target":["https:\/\/ddz.de\/en\/dse-linkedin\/"]}]},{"@type":"BreadcrumbList","@id":"https:\/\/ddz.de\/en\/dse-linkedin\/#breadcrumb","itemListElement":[{"@type":"ListItem","position":1,"name":"Startseite","item":"https:\/\/ddz.de\/en\/"},{"@type":"ListItem","position":2,"name":"Nutzung unseres Unternehmensprofils bei LinkedIn"}]},{"@type":"WebSite","@id":"https:\/\/ddz.de\/en\/#website","url":"https:\/\/ddz.de\/en\/","name":"Deutsches Diabetes-Zentrum (DDZ)","description":"Diabetes erforschen - Menschen helfen","publisher":{"@id":"https:\/\/ddz.de\/en\/#organization"},"potentialAction":[{"@type":"SearchAction","target":{"@type":"EntryPoint","urlTemplate":"https:\/\/ddz.de\/en\/?s={search_term_string}"},"query-input":{"@type":"PropertyValueSpecification","valueRequired":true,"valueName":"search_term_string"}}],"inLanguage":"en-US"},{"@type":"Organization","@id":"https:\/\/ddz.de\/en\/#organization","name":"Deutsches Diabetes-Zentrum (DDZ)","url":"https:\/\/ddz.de\/en\/","logo":{"@type":"ImageObject","inLanguage":"en-US","@id":"https:\/\/ddz.de\/en\/#\/schema\/logo\/image\/","url":"https:\/\/ddz.de\/wp-content\/uploads\/ddz_logo_de.png","contentUrl":"https:\/\/ddz.de\/wp-content\/uploads\/ddz_logo_de.png","width":640,"height":226,"caption":"Deutsches Diabetes-Zentrum (DDZ)"},"image":{"@id":"https:\/\/ddz.de\/en\/#\/schema\/logo\/image\/"},"sameAs":["https:\/\/www.facebook.com\/diabetesinformationsdienst\/","https:\/\/x.com\/ddz_info","https:\/\/www.youtube.com\/channel\/UCNxwshEljrBJXPri-w9IiLg"]}]}},"_links":{"self":[{"href":"https:\/\/ddz.de\/en\/wp-json\/wp\/v2\/pages\/24956","targetHints":{"allow":["GET"]}}],"collection":[{"href":"https:\/\/ddz.de\/en\/wp-json\/wp\/v2\/pages"}],"about":[{"href":"https:\/\/ddz.de\/en\/wp-json\/wp\/v2\/types\/page"}],"author":[{"embeddable":true,"href":"https:\/\/ddz.de\/en\/wp-json\/wp\/v2\/users\/1"}],"replies":[{"embeddable":true,"href":"https:\/\/ddz.de\/en\/wp-json\/wp\/v2\/comments?post=24956"}],"version-history":[{"count":2,"href":"https:\/\/ddz.de\/en\/wp-json\/wp\/v2\/pages\/24956\/revisions"}],"predecessor-version":[{"id":25052,"href":"https:\/\/ddz.de\/en\/wp-json\/wp\/v2\/pages\/24956\/revisions\/25052"}],"wp:attachment":[{"href":"https:\/\/ddz.de\/en\/wp-json\/wp\/v2\/media?parent=24956"}],"wp:term":[{"taxonomy":"category","embeddable":true,"href":"https:\/\/ddz.de\/en\/wp-json\/wp\/v2\/categories?post=24956"},{"taxonomy":"post_tag","embeddable":true,"href":"https:\/\/ddz.de\/en\/wp-json\/wp\/v2\/tags?post=24956"}],"curies":[{"name":"wp","href":"https:\/\/api.w.org\/{rel}","templated":true}]}}