{"id":24233,"date":"2024-03-11T12:35:45","date_gmt":"2024-03-11T11:35:45","guid":{"rendered":"https:\/\/ddz.de\/?page_id=24233"},"modified":"2024-09-20T13:59:45","modified_gmt":"2024-09-20T11:59:45","slug":"lifetime-studie","status":"publish","type":"page","link":"https:\/\/ddz.de\/en\/studien\/lifetime-studie\/","title":{"rendered":"LIFETIME-Studie"},"content":{"rendered":"<div class=\"wpb-content-wrapper\">[vc_row][vc_column][vc_single_image image=&#8221;24234&#8243; img_size=&#8221;full&#8221;][vc_empty_space height=&#8221;40px&#8221;][\/vc_column][\/vc_row][vc_row][vc_column][vc_column_text]\r\n<h2>Studie f\u00fcr Menschen mit Pr\u00e4diabetes und erh\u00f6htem Risiko f\u00fcr Folgeerkrankungen der Niere<\/h2>\r\nIn dieser Studie soll bei Menschen mit Pr\u00e4diabetes untersucht werden, ob eine fr\u00fche Behandlung mit dem Diabetesmedikament Dapagliflozin zu einer Verbesserung bzw. Vorbeugung der Nierenerkrankung f\u00fchrt.\r\n\r\n[\/vc_column_text][vc_empty_space height=\"40px\"][\/vc_column][\/vc_row][vc_row][vc_column][vc_tta_tour tab_position=\"right\" controls_size=\"md\" active_section=\"1\"][vc_tta_section i_icon_fontawesome=\"fas fa-info-circle\" add_icon=\"true\" title=\"Hintergrund der Studie\" tab_id=\"1568905612174-95224172-6149\"]<div id='ins-heading-69d265902f397' class='section-heading ins-heading default default    '  style='margin-top:0; margin-bottom:0'><h2 class='section-heading-title margin-10px-top  font-weight-600 '>Hintergrund der Studie<\/h2><\/div><script type=\"text\/javascript\">\n\t\t(function(jQuery) {\n\t\t\t\t\t})(jQuery);\n\t\t\t\t\t\t<\/script>[vc_empty_space height=\"10px\"][vc_column_text]Ein Typ-2-Diabetes ist eine chronische Erkrankung, die mit verschiedenen Komplikationen einhergeht. Vor Ausbruch der Erkrankung zeigen Betroffene h\u00e4ufig \u00fcber viele Jahre moderat erh\u00f6hte Blutzuckerwerte \u2013 ein Zustand, den man als Pr\u00e4diabetes bezeichnet. Heute wei\u00df man, dass gewisse Untergruppen des Pr\u00e4diabetes ein hohes Risiko f\u00fcr die Entwicklung von Komplikationen aufweisen. Ein Teil dieser Menschen zeigt dabei ein erh\u00f6htes Risiko f\u00fcr die Entwicklung von Diabetes und chronischem Nierenversagen. Eine Gruppe glukosesenkender Medikamente, die Natrium-Glukose-Cotransporter-2 (SGLT2)-Hemmer, haben sich als sehr wirksam bei der Behandlung von Typ- 2-Diabetes erwiesen und vermindern das Fortschreiten der diabetischen Nierenerkrankung. Allerdings stehen diese Medikamente bislang nicht Patienten zur Verf\u00fcgung, die noch keinen Diabetes haben.\r\n\r\nDie Studie wird deutschlandweit <a href=\"#pruefzentren\">an vier Standorten<\/a> durchgef\u00fchrt.[\/vc_column_text][\/vc_tta_section][vc_tta_section i_icon_fontawesome=\"far fa-user-circle\" add_icon=\"true\" title=\"Wer kann teilnehmen?\" tab_id=\"1568905612162-cc98c880-f00f\"]<div id='ins-heading-69d265902f3b9' class='section-heading ins-heading default default    '  style='margin-top:0; margin-bottom:0'><h2 class='section-heading-title margin-10px-top  font-weight-600 '>Wer kann teilnehmen?<\/h2><\/div><script type=\"text\/javascript\">\n\t\t(function(jQuery) {\n\t\t\t\t\t})(jQuery);\n\t\t\t\t\t\t<\/script>[vc_empty_space height=\"10px\"][vc_column_text]\r\n<h3>Einschlusskriterien<\/h3>\r\n<ul>\r\n \t<li>Menschen zwischen 35 und 75 Jahren<\/li>\r\n \t<li>mit einem BMI &gt; 20 kg\/m\u00b2<\/li>\r\n \t<li>die bereits erh\u00f6hte Blutzuckerwerte, aber noch keinen Diabetes haben (Pr\u00e4diabetes)<\/li>\r\n \t<li>und bei denen m\u00f6glicherweise eine bislang (zumeist unerkannte) fr\u00fche Nierensch\u00e4digung vorliegt<\/li>\r\n<\/ul>\r\n<h3>Wichtigste Ausschlusskriterien<\/h3>\r\n<ul>\r\n \t<li>psychische Erkrankungen, Einnahme von Psychopharmaka<\/li>\r\n \t<li>Personen, die mit Blutzucker-senkenden Medikamenten behandelt werden<\/li>\r\n \t<li>Schwere Herzschw\u00e4che, Herzschrittmacher<\/li>\r\n \t<li>b\u00f6sartige Tumorerkrankungen (Krebs) in den letzten 5 Jahren<\/li>\r\n \t<li>Blutarmut<\/li>\r\n \t<li>Schwangerschaft<\/li>\r\n<\/ul>\r\n[\/vc_column_text][\/vc_tta_section][vc_tta_section i_icon_fontawesome=\"far fa-hand-point-right\" add_icon=\"true\" title=\"Ablauf und Untersuchungen\" tab_id=\"1602079065461-ac85bb59-4191\"]<div id='ins-heading-69d265902f3fd' class='section-heading ins-heading default default    '  style='margin-top:0; margin-bottom:0'><h2 class='section-heading-title margin-10px-top  font-weight-600 '>Ablauf und Untersuchungen<\/h2><\/div><script type=\"text\/javascript\">\n\t\t(function(jQuery) {\n\t\t\t\t\t})(jQuery);\n\t\t\t\t\t\t<\/script>[vc_empty_space height=\"10px\"][vc_column_text css=\"\"]Die Studiendauer betr\u00e4gt ein Jahr, in dem Sie entweder das Pr\u00fcfpr\u00e4parat (Dapagliflozin 10 mg\/Tag) oder ein Placebo erhalten. Die Medikation wird als Tablette einmal t\u00e4glich eingenommen. Die Studie sieht neun Untersuchungstage am Studienzentrum vor (je 1-5 Stunden, davon eine Screening Visite und acht regul\u00e4re Visiten), bei denen Sie metabolische Untersuchungen und ausf\u00fchrliche Untersuchungen Ihres Herzens erhalten.\r\n\r\nZus\u00e4tzlich wird eine sogenannte Lebensstilintervention durchgef\u00fchrt. Dazu erhalten Sie zum einen eine ausf\u00fchrliche Beratung durch eine Ern\u00e4hrungswissenschaftlerin zu Beginn der Studie und Beratungen durch das \u00c4rzteteam bei jeder Visite vor Ort. Au\u00dferdem werden Sie gebeten, Ern\u00e4hrungsprotokolle zu f\u00fchren, um den Gesamtenergieverbrauch regelm\u00e4\u00dfig zu dokumentieren. Zum anderen werden Sie angeleitet, Ihre k\u00f6rperliche Aktivit\u00e4t zu erh\u00f6hen. Dies kann aus regelm\u00e4\u00dfiger Bewegung im Rahmen allt\u00e4glicher Aktivit\u00e4ten oder sportlichen \u00dcbungen bestehen.\r\n\r\n<strong>Untersuchungen:<\/strong>\r\n<ul>\r\n \t<li>\u00e4rztliche k\u00f6rperliche Untersuchung<\/li>\r\n \t<li>K\u00f6rpervermessungen (Gewicht, Gr\u00f6\u00dfe, Bauch- und Taillenumfang)<\/li>\r\n \t<li>Messung der Vitalzeichen (d.h. Blutdruck, Puls, K\u00f6rpertemperatur)<\/li>\r\n \t<li>Elektrokardiogramm (EKG)<\/li>\r\n \t<li>Blut- und Urinuntersuchungen<\/li>\r\n \t<li>Stoffwechseltests<\/li>\r\n \t<li>Untersuchung des Nervensystems<\/li>\r\n \t<li>MRT (Kernspinuntersuchung zur Bestimmung des Bauch- und Leberfettanteils)<\/li>\r\n<\/ul>\r\n[\/vc_column_text][\/vc_tta_section][vc_tta_section i_icon_fontawesome=\"fas fa-pills\" add_icon=\"true\" title=\"Studienmedikation\" tab_id=\"1568905657429-f6fd801d-76b9\"]<div id='ins-heading-69d265902f417' class='section-heading ins-heading default default    '  style='margin-top:0; margin-bottom:0'><h2 class='section-heading-title margin-10px-top  font-weight-600 '>Studienmedikation<\/h2><\/div><script type=\"text\/javascript\">\n\t\t(function(jQuery) {\n\t\t\t\t\t})(jQuery);\n\t\t\t\t\t\t<\/script>[vc_empty_space height=\"10px\"][vc_column_text]In der LIFETIME-Studie wird der Wirkstoff Dapagliflozin (Forxiga<sup>\u00ae<\/sup>), der in Deutschland bereits zur Behandlung des Typ-2-Diabetes und der chronischen Niereninsuffizienz zugelassen ist, mit einem Placebo (d. h. Tabletten, die keinen Wirkstoff enthalten) verglichen, um dessen Wirksamkeit auf eine Nierenerkrankung bei Pr\u00e4diabetes zu untersuchen.\r\n\r\nDer Wirkstoff f\u00fchrt zur vermehrten Ausscheidung von Glukose \u00fcber den Urin und zeigte in vielen Studien g\u00fcnstige Effekte auf Herz- und Nierenfunktion. Die Behandlung mit dem genannten Medikament kann dazu beitragen, dass sich eine Nierenerkrankung nicht ausbildet bzw. nicht weiter voranschreitet.[\/vc_column_text][\/vc_tta_section][vc_tta_section i_icon_fontawesome=\"far fa-money-bill-alt\" add_icon=\"true\" title=\"Aufwandsentsch\u00e4digung\" tab_id=\"1602079175027-474545f2-ef02\"]<div id='ins-heading-69d265902f42b' class='section-heading ins-heading default default    '  style='margin-top:0; margin-bottom:0'><h2 class='section-heading-title margin-10px-top  font-weight-600 '>Aufwandsentsch\u00e4digung<\/h2><\/div><script type=\"text\/javascript\">\n\t\t(function(jQuery) {\n\t\t\t\t\t})(jQuery);\n\t\t\t\t\t\t<\/script>[vc_empty_space height=\"10px\"][vc_column_text]Alle Untersuchungen sind f\u00fcr Sie kostenlos. Die Kosten daf\u00fcr tr\u00e4gt das Studienzentrum. Sie erhalten eine finanzielle Aufwandsentsch\u00e4digung f\u00fcr die Teilnahme an den Untersuchungen w\u00e4hrend der Studienvisiten.\r\n\r\nBei vollst\u00e4ndiger Teilnahme erhalten Sie eine Aufwandsentsch\u00e4digung von bis zu 500 \u20ac.[\/vc_column_text][\/vc_tta_section][vc_tta_section i_icon_fontawesome=\"fa fa-users\" add_icon=\"true\" title=\"Ansprechpartner\" tab_id=\"1568906521363-3a65b74e-b705\"]<div id='ins-heading-69d265902f43c' class='section-heading ins-heading default default    '  style='margin-top:0; margin-bottom:0'><h2 class='section-heading-title margin-10px-top  font-weight-600 '>Ansprechpartner<\/h2><\/div><script type=\"text\/javascript\">\n\t\t(function(jQuery) {\n\t\t\t\t\t})(jQuery);\n\t\t\t\t\t\t<\/script>[vc_empty_space height=\"10px\"][vc_column_text]Gerne k\u00f6nnen Sie uns bei Interesse oder Fragen unverbindlich telefonisch oder per E-Mail kontaktieren:\r\n\r\n<div class=\" pure-data shortcodes color-links\"><div class=\"visitenkarten-container\"><div class=\"visitenkarte\">\r\n\t\t\t\t\t<div class=\"inner\">\r\n\t\t\t\t\t\t\r\n\r\n\t\t\t\t\t\t<div class=\"left\">\r\n\t\t\t\t\t\t\t<div class=\"name mb-3\">Monika Schulte<\/div>\r\n\t\t\t\t\t\t\t<div class=\"units-roles mt-2 clear-first\"><div class=\"roles-and-unit mt-2 clear-first\"><div class=\"roles hyphens\"><span class=\"role hyphens mb-1 clear-last\">Studienkoordinatorin<\/span><\/div><div class=\"orgaunit hyphens\">LIFETIME-Studie<\/div><\/div><\/div>\r\n\t\t\t\t\t\t\t\r\n\t\t\t\t\t\t\t\r\n\t\t\t\t\t\t\t\r\n\t\t\t\t\t\t\t\r\n\t\t\t\t\t\t\t<div class=\"contacts mt-4\">\r\n\t\t\t\t\t\t\t\t<div class=\"email mt-2\"><a href=\"mailto:studienzentrum@ddz.de\" title=\"Send e-mail to Monika Schulte\"><i class=\"fa fa-envelope\"><\/i> studienzentrum@ddz.de<\/a><\/div>\r\n\t\t\t\t\t\t\t\t<div class=\"phones mt-2\"><div class=\"phone\"><i class=\"fa fa-phone\"><\/i>+49 211-3382-209<\/div><\/div>\r\n\t\t\t\t\t\t\t<\/div>\r\n\t\t\t\t\t\t\t\r\n\t\t\t\t\t\t\t\r\n\t\t\t\t\t\t\t\r\n\t\t\t\t\t\t<\/div>\r\n\t\t\t\t\t<\/div>\r\n\t\t\t\t<\/div><\/div><\/div>\r\n<div class=\" pure-data shortcodes color-links\"><div class=\"visitenkarten-container\"><div class=\"visitenkarte\">\r\n\t\t\t\t\t<div class=\"inner\">\r\n\t\t\t\t\t\t\r\n\r\n\t\t\t\t\t\t<div class=\"left\">\r\n\t\t\t\t\t\t\t<div class=\"name mb-3\">Francesco Battiato, B. Sc.<\/div>\r\n\t\t\t\t\t\t\t<div class=\"units-roles mt-2 clear-first\"><div class=\"roles-and-unit mt-2 clear-first\"><div class=\"roles hyphens\"><span class=\"role hyphens mb-1 clear-last\">Studienkoordinator<\/span><\/div><div class=\"orgaunit hyphens\">LIFETIME-Studie<\/div><\/div><\/div>\r\n\t\t\t\t\t\t\t\r\n\t\t\t\t\t\t\t\r\n\t\t\t\t\t\t\t\r\n\t\t\t\t\t\t\t\r\n\t\t\t\t\t\t\t<div class=\"contacts mt-4\">\r\n\t\t\t\t\t\t\t\t<div class=\"email mt-2\"><a href=\"mailto:studienzentrum@ddz.de\" title=\"Send e-mail to Francesco Battiato, B. Sc.\"><i class=\"fa fa-envelope\"><\/i> studienzentrum@ddz.de<\/a><\/div>\r\n\t\t\t\t\t\t\t\t<div class=\"phones mt-2\"><div class=\"phone\"><i class=\"fa fa-phone\"><\/i>+49 211-3382-209<\/div><\/div>\r\n\t\t\t\t\t\t\t<\/div>\r\n\t\t\t\t\t\t\t\r\n\t\t\t\t\t\t\t\r\n\t\t\t\t\t\t\t\r\n\t\t\t\t\t\t<\/div>\r\n\t\t\t\t\t<\/div>\r\n\t\t\t\t<\/div><\/div><\/div>\r\n<div class=\" pure-data shortcodes color-links\"><div class=\"visitenkarten-container\"><div class=\"visitenkarte\">\r\n\t\t\t\t\t<div class=\"inner\">\r\n\t\t\t\t\t\t\r\n\r\n\t\t\t\t\t\t<div class=\"left\">\r\n\t\t\t\t\t\t\t<div class=\"name mb-3\">Iryna Yurchenko<\/div>\r\n\t\t\t\t\t\t\t<div class=\"units-roles mt-2 clear-first\"><div class=\"roles-and-unit mt-2 clear-first\"><div class=\"roles hyphens\"><span class=\"role hyphens mb-1 clear-last\">Studien\u00e4rztin<\/span><\/div><div class=\"orgaunit hyphens\">LIFETIME-Studie<\/div><\/div><\/div>\r\n\t\t\t\t\t\t\t\r\n\t\t\t\t\t\t\t\r\n\t\t\t\t\t\t\t\r\n\t\t\t\t\t\t\t\r\n\t\t\t\t\t\t\t<div class=\"contacts mt-4\">\r\n\t\t\t\t\t\t\t\t<div class=\"email mt-2\"><a href=\"mailto:studienzentrum@ddz.de\" title=\"Send e-mail to Iryna Yurchenko\"><i class=\"fa fa-envelope\"><\/i> studienzentrum@ddz.de<\/a><\/div>\r\n\t\t\t\t\t\t\t\t<div class=\"phones mt-2\"><div class=\"phone\"><i class=\"fa fa-phone\"><\/i>+49 211-3382-209<\/div><\/div>\r\n\t\t\t\t\t\t\t<\/div>\r\n\t\t\t\t\t\t\t\r\n\t\t\t\t\t\t\t\r\n\t\t\t\t\t\t\t\r\n\t\t\t\t\t\t<\/div>\r\n\t\t\t\t\t<\/div>\r\n\t\t\t\t<\/div><\/div><\/div>\r\n<div class=\" pure-data shortcodes color-links\"><div class=\"visitenkarten-container\"><div class=\"visitenkarte\">\r\n\t\t\t\t\t<div class=\"inner\">\r\n\t\t\t\t\t\t\r\n\t\t\t\t\t\t<div class=\"portrait\" style=\"background-image:url(https:\/\/api.ddz.de\/file\/get\/f8c11c0c69e6d5faf3ba9eab13062f1a746b10d7a4f9ed0ede20aca03f55ab66.jpg)\" title=\"Portrait image of Univ.-Prof. Dr. Robert Wagner, MD\"><\/div>\r\n\t\t\t\t\t\t\r\n\r\n\t\t\t\t\t\t<div class=\"left\">\r\n\t\t\t\t\t\t\t<div class=\"name mb-3\">Univ.-Prof. Dr. Robert Wagner, MD<\/div>\r\n\t\t\t\t\t\t\t<div class=\"units-roles mt-2 clear-first\"><div class=\"roles-and-unit mt-2 clear-first\"><div class=\"roles hyphens\"><span class=\"role hyphens mb-1 clear-last\">Studienleitung<\/span><\/div><div class=\"orgaunit hyphens\"><\/div><\/div><\/div>\r\n\t\t\t\t\t\t\t\r\n\t\t\t\t\t\t\t\r\n\t\t\t\t\t\t\t\r\n\t\t\t\t\t\t\t\r\n\t\t\t\t\t\t\t\r\n\t\t\t\t\t\t\t\r\n\t\t\t\t\t\t<\/div>\r\n\t\t\t\t\t<\/div>\r\n\t\t\t\t<\/div><\/div><\/div>[\/vc_column_text][\/vc_tta_section][vc_tta_section i_icon_fontawesome=\"fa fa-map-marker\" add_icon=\"true\" title=\"Pr\u00fcfzentren\" tab_id=\"pruefzentren\"][vc_column_text el_id=\"pruefzentren\"]\r\n<h2>Pr\u00fcfzentren<\/h2>\r\n<div style=\"font-size: 0.85em; line-height: 1em;\">\r\n\r\n<strong>D\u00fcsseldorf<\/strong>\r\nDeutsches Diabetes-Zentrum (DDZ)\r\nProf. Dr. Michael Roden\r\nProf. Dr. Robert Wagner\r\n<i class=\"fa fa-phone\"><\/i> 0211-3382-209\r\n<a title=\"E-Mail senden\" href=\"mailto:studienzentrum@ddz.de\"><i class=\"fa fa-envelope\"><\/i> studienzentrum@ddz.de<\/a>\r\n\r\n<strong>T\u00fcbingen <\/strong>\r\nUniversit\u00e4tsklinikum T\u00fcbingen\r\nProf. Dr. Andreas Fritsche\r\nProf. Dr. Reiner Jumpertz-von Schwartzenberg\r\n<i class=\"fa fa-phone\"><\/i> 07071\u20132980687\r\n<a title=\"E-Mail senden\" href=\"mailto:stoffwechsel@med.uni-tuebingen.de\"><i class=\"fa fa-envelope\"><\/i> stoffwechsel@med.uni-tuebingen.de<\/a>\r\n\r\n<strong>Leipzig<\/strong>\r\nUniversit\u00e4tsmedizin Leipzig\r\nDr. Gesine Flehmig\r\n<i class=\"fa fa-phone\"><\/i> 0341-97 20 728\r\n<a title=\"E-Mail senden\" href=\"mailto:plis@medizin.uni-leipzig.de\"><i class=\"fa fa-envelope\"><\/i> plis@medizin.uni-leipzig.de<\/a>\r\n\r\n<strong>Heidelberg<\/strong>\r\nKlinik der Universit\u00e4t Heidelberg\r\nDr. Stefan Kopf\r\nDr. Alba Sulaj\r\n<i class=\"fa fa-phone\"><\/i> 06221 56-8606\r\n<a title=\"E-Mail senden\" href=\"mailto:stoffwechsel.studien@med.uni-heidelberg.de\"><i class=\"fa fa-envelope\"><\/i> stoffwechsel.studien@med.uni-heidelberg.de<\/a>\r\n\r\n<\/div>\r\n[\/vc_column_text][\/vc_tta_section][\/vc_tta_tour][\/vc_column][\/vc_row][vc_row][vc_column][vc_empty_space height=\"100px\"][\/vc_column][\/vc_row]<!-- \/wp:post-content --><\/div>","protected":false},"excerpt":{"rendered":"<p>[vc_row][vc_column][vc_single_image image=&#8221;24234&#8243; img_size=&#8221;full&#8221;][vc_empty_space height=&#8221;40px&#8221;][\/vc_column][\/vc_row][vc_row][vc_column][vc_column_text] In dieser Studie soll bei Menschen mit Pr\u00e4diabetes untersucht werden, ob eine fr\u00fche Behandlung mit dem Diabetesmedikament Dapagliflozin zu einer Verbesserung bzw. Vorbeugung der Nierenerkrankung f\u00fchrt. [&hellip;]<\/p>\n","protected":false},"author":1,"featured_media":24234,"parent":15013,"menu_order":2,"comment_status":"closed","ping_status":"closed","template":"","meta":{"_acf_changed":false,"_FSMCFIC_featured_image_caption":"","_FSMCFIC_featured_image_nocaption":"","_FSMCFIC_featured_image_hide":"","footnotes":""},"categories":[44],"tags":[],"class_list":["post-24233","page","type-page","status-publish","has-post-thumbnail","hentry","category-studien"],"acf":{"ddz-icon":false,"attachments":false},"yoast_head":"<!-- This site is optimized with the Yoast SEO plugin v27.2 - https:\/\/yoast.com\/product\/yoast-seo-wordpress\/ -->\n<title>LIFETIME-Studie - Deutsches Diabetes-Zentrum (DDZ)<\/title>\n<meta name=\"description\" content=\"Studie f\u00fcr Menschen mit Pr\u00e4diabetes und erh\u00f6htem Risiko f\u00fcr Folgeerkrankungen der Niere\" \/>\n<meta name=\"robots\" content=\"index, follow, max-snippet:-1, max-image-preview:large, max-video-preview:-1\" \/>\n<link rel=\"canonical\" href=\"https:\/\/ddz.de\/en\/studien\/lifetime-studie\/\" \/>\n<meta property=\"og:locale\" content=\"en_US\" \/>\n<meta property=\"og:type\" content=\"article\" \/>\n<meta property=\"og:title\" content=\"LIFETIME-Studie - Deutsches Diabetes-Zentrum (DDZ)\" \/>\n<meta property=\"og:description\" content=\"Studie f\u00fcr Menschen mit Pr\u00e4diabetes und erh\u00f6htem Risiko f\u00fcr Folgeerkrankungen der Niere\" \/>\n<meta property=\"og:url\" content=\"https:\/\/ddz.de\/en\/studien\/lifetime-studie\/\" \/>\n<meta property=\"og:site_name\" content=\"Deutsches Diabetes-Zentrum (DDZ)\" \/>\n<meta property=\"article:publisher\" content=\"https:\/\/www.facebook.com\/diabetesinformationsdienst\/\" \/>\n<meta property=\"article:modified_time\" content=\"2024-09-20T11:59:45+00:00\" \/>\n<meta property=\"og:image\" content=\"https:\/\/ddz.de\/wp-content\/uploads\/lifetime.jpg\" \/>\n\t<meta property=\"og:image:width\" content=\"1000\" \/>\n\t<meta property=\"og:image:height\" content=\"668\" \/>\n\t<meta property=\"og:image:type\" content=\"image\/jpeg\" \/>\n<meta name=\"twitter:card\" content=\"summary_large_image\" \/>\n<meta name=\"twitter:site\" content=\"@ddz_info\" \/>\n<meta name=\"twitter:label1\" content=\"Est. reading time\" \/>\n\t<meta name=\"twitter:data1\" content=\"5 minutes\" \/>\n<script type=\"application\/ld+json\" class=\"yoast-schema-graph\">{\"@context\":\"https:\/\/schema.org\",\"@graph\":[{\"@type\":\"WebPage\",\"@id\":\"https:\/\/ddz.de\/en\/studien\/lifetime-studie\/\",\"url\":\"https:\/\/ddz.de\/en\/studien\/lifetime-studie\/\",\"name\":\"LIFETIME-Studie - Deutsches Diabetes-Zentrum (DDZ)\",\"isPartOf\":{\"@id\":\"https:\/\/ddz.de\/en\/#website\"},\"primaryImageOfPage\":{\"@id\":\"https:\/\/ddz.de\/en\/studien\/lifetime-studie\/#primaryimage\"},\"image\":{\"@id\":\"https:\/\/ddz.de\/en\/studien\/lifetime-studie\/#primaryimage\"},\"thumbnailUrl\":\"https:\/\/ddz.de\/wp-content\/uploads\/lifetime.jpg\",\"datePublished\":\"2024-03-11T11:35:45+00:00\",\"dateModified\":\"2024-09-20T11:59:45+00:00\",\"description\":\"Studie f\u00fcr Menschen mit Pr\u00e4diabetes und erh\u00f6htem Risiko f\u00fcr Folgeerkrankungen der Niere\",\"breadcrumb\":{\"@id\":\"https:\/\/ddz.de\/en\/studien\/lifetime-studie\/#breadcrumb\"},\"inLanguage\":\"en-US\",\"potentialAction\":[{\"@type\":\"ReadAction\",\"target\":[\"https:\/\/ddz.de\/en\/studien\/lifetime-studie\/\"]}]},{\"@type\":\"ImageObject\",\"inLanguage\":\"en-US\",\"@id\":\"https:\/\/ddz.de\/en\/studien\/lifetime-studie\/#primaryimage\",\"url\":\"https:\/\/ddz.de\/wp-content\/uploads\/lifetime.jpg\",\"contentUrl\":\"https:\/\/ddz.de\/wp-content\/uploads\/lifetime.jpg\",\"width\":1000,\"height\":668,\"caption\":\"Lifetime-Studie\"},{\"@type\":\"BreadcrumbList\",\"@id\":\"https:\/\/ddz.de\/en\/studien\/lifetime-studie\/#breadcrumb\",\"itemListElement\":[{\"@type\":\"ListItem\",\"position\":1,\"name\":\"Startseite\",\"item\":\"https:\/\/ddz.de\/en\/\"},{\"@type\":\"ListItem\",\"position\":2,\"name\":\"Klinische Studien\",\"item\":\"https:\/\/ddz.de\/en\/studien\/\"},{\"@type\":\"ListItem\",\"position\":3,\"name\":\"LIFETIME-Studie\"}]},{\"@type\":\"WebSite\",\"@id\":\"https:\/\/ddz.de\/en\/#website\",\"url\":\"https:\/\/ddz.de\/en\/\",\"name\":\"Deutsches Diabetes-Zentrum (DDZ)\",\"description\":\"Diabetes erforschen - Menschen helfen\",\"publisher\":{\"@id\":\"https:\/\/ddz.de\/en\/#organization\"},\"potentialAction\":[{\"@type\":\"SearchAction\",\"target\":{\"@type\":\"EntryPoint\",\"urlTemplate\":\"https:\/\/ddz.de\/en\/?s={search_term_string}\"},\"query-input\":{\"@type\":\"PropertyValueSpecification\",\"valueRequired\":true,\"valueName\":\"search_term_string\"}}],\"inLanguage\":\"en-US\"},{\"@type\":\"Organization\",\"@id\":\"https:\/\/ddz.de\/en\/#organization\",\"name\":\"Deutsches Diabetes-Zentrum (DDZ)\",\"url\":\"https:\/\/ddz.de\/en\/\",\"logo\":{\"@type\":\"ImageObject\",\"inLanguage\":\"en-US\",\"@id\":\"https:\/\/ddz.de\/en\/#\/schema\/logo\/image\/\",\"url\":\"https:\/\/ddz.de\/wp-content\/uploads\/ddz_logo_de.png\",\"contentUrl\":\"https:\/\/ddz.de\/wp-content\/uploads\/ddz_logo_de.png\",\"width\":640,\"height\":226,\"caption\":\"Deutsches Diabetes-Zentrum (DDZ)\"},\"image\":{\"@id\":\"https:\/\/ddz.de\/en\/#\/schema\/logo\/image\/\"},\"sameAs\":[\"https:\/\/www.facebook.com\/diabetesinformationsdienst\/\",\"https:\/\/x.com\/ddz_info\",\"https:\/\/www.youtube.com\/channel\/UCNxwshEljrBJXPri-w9IiLg\"]}]}<\/script>\n<!-- \/ Yoast SEO plugin. -->","yoast_head_json":{"title":"LIFETIME-Studie - Deutsches Diabetes-Zentrum (DDZ)","description":"Studie f\u00fcr Menschen mit Pr\u00e4diabetes und erh\u00f6htem Risiko f\u00fcr Folgeerkrankungen der Niere","robots":{"index":"index","follow":"follow","max-snippet":"max-snippet:-1","max-image-preview":"max-image-preview:large","max-video-preview":"max-video-preview:-1"},"canonical":"https:\/\/ddz.de\/en\/studien\/lifetime-studie\/","og_locale":"en_US","og_type":"article","og_title":"LIFETIME-Studie - Deutsches Diabetes-Zentrum (DDZ)","og_description":"Studie f\u00fcr Menschen mit Pr\u00e4diabetes und erh\u00f6htem Risiko f\u00fcr Folgeerkrankungen der Niere","og_url":"https:\/\/ddz.de\/en\/studien\/lifetime-studie\/","og_site_name":"Deutsches Diabetes-Zentrum (DDZ)","article_publisher":"https:\/\/www.facebook.com\/diabetesinformationsdienst\/","article_modified_time":"2024-09-20T11:59:45+00:00","og_image":[{"width":1000,"height":668,"url":"https:\/\/ddz.de\/wp-content\/uploads\/lifetime.jpg","type":"image\/jpeg"}],"twitter_card":"summary_large_image","twitter_site":"@ddz_info","twitter_misc":{"Est. reading time":"5 minutes"},"schema":{"@context":"https:\/\/schema.org","@graph":[{"@type":"WebPage","@id":"https:\/\/ddz.de\/en\/studien\/lifetime-studie\/","url":"https:\/\/ddz.de\/en\/studien\/lifetime-studie\/","name":"LIFETIME-Studie - Deutsches Diabetes-Zentrum (DDZ)","isPartOf":{"@id":"https:\/\/ddz.de\/en\/#website"},"primaryImageOfPage":{"@id":"https:\/\/ddz.de\/en\/studien\/lifetime-studie\/#primaryimage"},"image":{"@id":"https:\/\/ddz.de\/en\/studien\/lifetime-studie\/#primaryimage"},"thumbnailUrl":"https:\/\/ddz.de\/wp-content\/uploads\/lifetime.jpg","datePublished":"2024-03-11T11:35:45+00:00","dateModified":"2024-09-20T11:59:45+00:00","description":"Studie f\u00fcr Menschen mit Pr\u00e4diabetes und erh\u00f6htem Risiko f\u00fcr Folgeerkrankungen der Niere","breadcrumb":{"@id":"https:\/\/ddz.de\/en\/studien\/lifetime-studie\/#breadcrumb"},"inLanguage":"en-US","potentialAction":[{"@type":"ReadAction","target":["https:\/\/ddz.de\/en\/studien\/lifetime-studie\/"]}]},{"@type":"ImageObject","inLanguage":"en-US","@id":"https:\/\/ddz.de\/en\/studien\/lifetime-studie\/#primaryimage","url":"https:\/\/ddz.de\/wp-content\/uploads\/lifetime.jpg","contentUrl":"https:\/\/ddz.de\/wp-content\/uploads\/lifetime.jpg","width":1000,"height":668,"caption":"Lifetime-Studie"},{"@type":"BreadcrumbList","@id":"https:\/\/ddz.de\/en\/studien\/lifetime-studie\/#breadcrumb","itemListElement":[{"@type":"ListItem","position":1,"name":"Startseite","item":"https:\/\/ddz.de\/en\/"},{"@type":"ListItem","position":2,"name":"Klinische Studien","item":"https:\/\/ddz.de\/en\/studien\/"},{"@type":"ListItem","position":3,"name":"LIFETIME-Studie"}]},{"@type":"WebSite","@id":"https:\/\/ddz.de\/en\/#website","url":"https:\/\/ddz.de\/en\/","name":"Deutsches Diabetes-Zentrum (DDZ)","description":"Diabetes erforschen - Menschen helfen","publisher":{"@id":"https:\/\/ddz.de\/en\/#organization"},"potentialAction":[{"@type":"SearchAction","target":{"@type":"EntryPoint","urlTemplate":"https:\/\/ddz.de\/en\/?s={search_term_string}"},"query-input":{"@type":"PropertyValueSpecification","valueRequired":true,"valueName":"search_term_string"}}],"inLanguage":"en-US"},{"@type":"Organization","@id":"https:\/\/ddz.de\/en\/#organization","name":"Deutsches Diabetes-Zentrum (DDZ)","url":"https:\/\/ddz.de\/en\/","logo":{"@type":"ImageObject","inLanguage":"en-US","@id":"https:\/\/ddz.de\/en\/#\/schema\/logo\/image\/","url":"https:\/\/ddz.de\/wp-content\/uploads\/ddz_logo_de.png","contentUrl":"https:\/\/ddz.de\/wp-content\/uploads\/ddz_logo_de.png","width":640,"height":226,"caption":"Deutsches Diabetes-Zentrum (DDZ)"},"image":{"@id":"https:\/\/ddz.de\/en\/#\/schema\/logo\/image\/"},"sameAs":["https:\/\/www.facebook.com\/diabetesinformationsdienst\/","https:\/\/x.com\/ddz_info","https:\/\/www.youtube.com\/channel\/UCNxwshEljrBJXPri-w9IiLg"]}]}},"_links":{"self":[{"href":"https:\/\/ddz.de\/en\/wp-json\/wp\/v2\/pages\/24233","targetHints":{"allow":["GET"]}}],"collection":[{"href":"https:\/\/ddz.de\/en\/wp-json\/wp\/v2\/pages"}],"about":[{"href":"https:\/\/ddz.de\/en\/wp-json\/wp\/v2\/types\/page"}],"author":[{"embeddable":true,"href":"https:\/\/ddz.de\/en\/wp-json\/wp\/v2\/users\/1"}],"replies":[{"embeddable":true,"href":"https:\/\/ddz.de\/en\/wp-json\/wp\/v2\/comments?post=24233"}],"version-history":[{"count":11,"href":"https:\/\/ddz.de\/en\/wp-json\/wp\/v2\/pages\/24233\/revisions"}],"predecessor-version":[{"id":24515,"href":"https:\/\/ddz.de\/en\/wp-json\/wp\/v2\/pages\/24233\/revisions\/24515"}],"up":[{"embeddable":true,"href":"https:\/\/ddz.de\/en\/wp-json\/wp\/v2\/pages\/15013"}],"wp:featuredmedia":[{"embeddable":true,"href":"https:\/\/ddz.de\/en\/wp-json\/wp\/v2\/media\/24234"}],"wp:attachment":[{"href":"https:\/\/ddz.de\/en\/wp-json\/wp\/v2\/media?parent=24233"}],"wp:term":[{"taxonomy":"category","embeddable":true,"href":"https:\/\/ddz.de\/en\/wp-json\/wp\/v2\/categories?post=24233"},{"taxonomy":"post_tag","embeddable":true,"href":"https:\/\/ddz.de\/en\/wp-json\/wp\/v2\/tags?post=24233"}],"curies":[{"name":"wp","href":"https:\/\/api.w.org\/{rel}","templated":true}]}}