{"id":23461,"date":"2023-01-01T06:00:49","date_gmt":"2023-01-01T05:00:49","guid":{"rendered":"https:\/\/ddz.de\/?page_id=23461"},"modified":"2024-03-11T13:30:58","modified_gmt":"2024-03-11T12:30:58","slug":"ovid-fasti","status":"publish","type":"page","link":"https:\/\/ddz.de\/en\/studien\/ovid-fasti\/","title":{"rendered":"OVID-FASTI Studie"},"content":{"rendered":"<div class=\"wpb-content-wrapper\">[vc_row][vc_column][vc_single_image image=&#8221;23973&#8243; img_size=&#8221;full&#8221;][vc_empty_space height=&#8221;40px&#8221;][\/vc_column][\/vc_row][vc_row][vc_column][vc_column_text]\r\n<h2>Studie f\u00fcr Gesunde zum Effekt einer kurzfristigen hyperkalorischen fettreichen Ern\u00e4hrung<\/h2>\r\nIn der OVID-FASTI Studie (Overfeeding induced fat-tissue stimulation; ehemals OVID-ARS) wird der Effekt einer hyperkalorischen fettreichen Di\u00e4t auf den Zucker-Insulin-Stoffwechsel des wei\u00dfen Fettgewebes und des Muskelgewebes bei j\u00fcngeren Menschen untersucht.\r\n\r\n[\/vc_column_text][vc_empty_space height=\"40px\"][\/vc_column][\/vc_row][vc_row][vc_column][vc_tta_tour tab_position=\"right\" controls_size=\"md\" active_section=\"1\"][vc_tta_section i_icon_fontawesome=\"far fa-user-circle\" add_icon=\"true\" title=\"Wer kann teilnehmen?\" tab_id=\"1678967236748-716e96f8-93bf\"]<div id='ins-heading-69ded992d9f34' class='section-heading ins-heading default default    '  style='margin-top:0; margin-bottom:0'><h2 class='section-heading-title margin-10px-top  font-weight-600 '>Wer kann teilnehmen?<\/h2><\/div><script type=\"text\/javascript\">\n\t\t(function(jQuery) {\n\t\t\t\t\t})(jQuery);\n\t\t\t\t\t\t<\/script>[vc_empty_space height=\"10px\"][vc_column_text]\r\n<h3><strong>Einschlusskriterien<\/strong><\/h3>\r\n<ul>\r\n \t<li>Gesunde Menschen im Alter von 18 bis 40 Jahren<\/li>\r\n \t<li>mit einem BMI &lt;29 kg\/m\u00b2<\/li>\r\n \t<li>sportlich eher inaktiv (&lt;1x \/Woche)<\/li>\r\n<\/ul>\r\n<h3><strong>Wichtigste Ausschlusskriterien<\/strong><\/h3>\r\n<ul>\r\n \t<li>Menschen mit Diabetes mellitus<\/li>\r\n \t<li>Schwangerschaft<\/li>\r\n \t<li>Schwere chronische Leber-, Herz-, Nieren- Erkrankungen<\/li>\r\n \t<li>Schwere konsumierende Erkrankungen (Krebs)<\/li>\r\n<\/ul>\r\n[\/vc_column_text][\/vc_tta_section][vc_tta_section i_icon_fontawesome=\"fas fa-search\" add_icon=\"true\" title=\"Ablauf und Untersuchungen\" tab_id=\"1602079065461-ac85bb59-4191\"]<div id='ins-heading-69ded992d9f53' class='section-heading ins-heading default default    '  style='margin-top:0; margin-bottom:0'><h2 class='section-heading-title margin-10px-top  font-weight-600 '>Ablauf und Untersuchungen<\/h2><\/div><script type=\"text\/javascript\">\n\t\t(function(jQuery) {\n\t\t\t\t\t})(jQuery);\n\t\t\t\t\t\t<\/script>[vc_empty_space height=\"10px\"][vc_column_text]Die Studiendauer betr\u00e4gt insgesamt ca. 3 Wochen und beinhaltet f\u00fcr Sie ca. 2 Besuche am Studienzentrum (Visite). Jeweils vor und nach einer 2 oder 3-w\u00f6chigen fettreichen Di\u00e4t wird Ihr Stoffwechsel im Rahmen beider Visiten sehr genau untersucht. Neben Blutentnahmen zur Bestimmung der Glukosetoleranz wird die Insulinwirkung gemessen, der Energieumsatz bestimmt sowie Fett- und Muskelbiopsien genommen. Au\u00dferdem erhalten Sie eine Ern\u00e4hrungsberatung durch eine zertifizierte Ern\u00e4hrungsberaterin.[\/vc_column_text][\/vc_tta_section][vc_tta_section i_icon_fontawesome=\"fas fa-money-bill-alt\" add_icon=\"true\" title=\"Aufwandsentsch\u00e4digung\" tab_id=\"1602079175027-474545f2-ef02\"]<div id='ins-heading-69ded992d9f67' class='section-heading ins-heading default default    '  style='margin-top:0; margin-bottom:0'><h2 class='section-heading-title margin-10px-top  font-weight-600 '>Aufwandsentsch\u00e4digung<\/h2><\/div><script type=\"text\/javascript\">\n\t\t(function(jQuery) {\n\t\t\t\t\t})(jQuery);\n\t\t\t\t\t\t<\/script>[vc_empty_space height=\"10px\"][vc_column_text]Alle Untersuchungen sowie die Mahlzeiten im gesamten Zeitraum der Di\u00e4tintervention sind f\u00fcr Sie kostenlos. Die Kosten daf\u00fcr tr\u00e4gt das Studienzentrum. Sie erhalten eine finanzielle Aufwandsentsch\u00e4digung f\u00fcr die Teilnahme an den Untersuchungen w\u00e4hrend der Studienvisiten sowie eine Erstattung Ihrer Fahrkosten zum Studienzentrum.\r\n\r\nBei vollst\u00e4ndiger Teilnahme erhalten Sie eine Aufwandsentsch\u00e4digung von bis zu 1.220 \u20ac.[\/vc_column_text][\/vc_tta_section][vc_tta_section i_icon_fontawesome=\"fas fa-user-friends\" add_icon=\"true\" title=\"Ansprechpartner\" tab_id=\"1568906521363-3a65b74e-b705\"]<div id='ins-heading-69ded992d9f7a' class='section-heading ins-heading default default    '  style='margin-top:0; margin-bottom:0'><h2 class='section-heading-title margin-10px-top  font-weight-600 '>Ansprechpartner<\/h2><\/div><script type=\"text\/javascript\">\n\t\t(function(jQuery) {\n\t\t\t\t\t})(jQuery);\n\t\t\t\t\t\t<\/script>[vc_empty_space height=\"10px\"][vc_column_text]Gerne k\u00f6nnen Sie uns bei Interesse oder Fragen unverbindlich telefonisch oder per E-Mail kontaktieren:\r\n\r\n<div class=\" pure-data shortcodes color-links\"><div class=\"visitenkarten-container\"><div class=\"visitenkarte\">\r\n\t\t\t\t\t<div class=\"inner\">\r\n\t\t\t\t\t\t\r\n\r\n\t\t\t\t\t\t<div class=\"left\">\r\n\t\t\t\t\t\t\t<div class=\"name mb-3\">Georgia Xourafa<\/div>\r\n\t\t\t\t\t\t\t<div class=\"units-roles mt-2 clear-first\"><div class=\"roles-and-unit mt-2 clear-first\"><div class=\"roles hyphens\"><span class=\"role hyphens mb-1 clear-last\">Studien\u00e4rztin<\/span><\/div><div class=\"orgaunit hyphens\">OVID-ARS Studie<\/div><\/div><\/div>\r\n\t\t\t\t\t\t\t\r\n\t\t\t\t\t\t\t\r\n\t\t\t\t\t\t\t\r\n\t\t\t\t\t\t\t\r\n\t\t\t\t\t\t\t<div class=\"contacts mt-4\">\r\n\t\t\t\t\t\t\t\t<div class=\"email mt-2\"><a href=\"mailto:georgia.xourafa@ddz.de\" title=\"Send e-mail to Georgia Xourafa\"><i class=\"fa fa-envelope\"><\/i> georgia.xourafa@ddz.de<\/a><\/div>\r\n\t\t\t\t\t\t\t\t<div class=\"phones mt-2\"><div class=\"phone mt-1 clear-first\"><i class=\"fa fa-phone\"><\/i>+49 211 3382-426<\/div><\/div>\r\n\t\t\t\t\t\t\t<\/div>\r\n\t\t\t\t\t\t\t\r\n\t\t\t\t\t\t\t\r\n\t\t\t\t\t\t\t\r\n\t\t\t\t\t\t<\/div>\r\n\t\t\t\t\t<\/div>\r\n\t\t\t\t<\/div><\/div><\/div>\r\n\r\n<div class=\" pure-data shortcodes color-links\"><div class=\"visitenkarten-container\"><div class=\"visitenkarte\">\r\n\t\t\t\t\t<div class=\"inner\">\r\n\t\t\t\t\t\t\r\n\t\t\t\t\t\t<div class=\"portrait\" style=\"background-image:url(https:\/\/api.ddz.de\/file\/get\/d3452bf7dcb57d1cd53443d0ea3b86ec837eae2eb9b5c9011c83e16210c28396.jpg)\" title=\"Portrait image of Univ.-Prof. Dr. Michael Roden\"><\/div>\r\n\t\t\t\t\t\t\r\n\r\n\t\t\t\t\t\t<div class=\"left\">\r\n\t\t\t\t\t\t\t<div class=\"name mb-3\">Univ.-Prof. Dr. Michael Roden<\/div>\r\n\t\t\t\t\t\t\t<div class=\"units-roles mt-2 clear-first\"><div class=\"roles-and-unit mt-2 clear-first\"><div class=\"roles hyphens\"><span class=\"role hyphens mb-1 clear-last\">Studienleitung<\/span><\/div><div class=\"orgaunit hyphens\">OVID-ARS Studie<\/div><\/div><\/div>\r\n\t\t\t\t\t\t\t\r\n\t\t\t\t\t\t\t\r\n\t\t\t\t\t\t\t\r\n\t\t\t\t\t\t\t\r\n\t\t\t\t\t\t\t\r\n\t\t\t\t\t\t\t\r\n\t\t\t\t\t\t<\/div>\r\n\t\t\t\t\t<\/div>\r\n\t\t\t\t<\/div><\/div><\/div>[\/vc_column_text][\/vc_tta_section][\/vc_tta_tour][\/vc_column][\/vc_row][vc_row][vc_column][vc_empty_space height=\"100px\"][\/vc_column][\/vc_row]<!-- \/wp:post-content --><\/div>","protected":false},"excerpt":{"rendered":"<p>[vc_row][vc_column][vc_single_image image=&#8221;23973&#8243; img_size=&#8221;full&#8221;][vc_empty_space height=&#8221;40px&#8221;][\/vc_column][\/vc_row][vc_row][vc_column][vc_column_text] In der OVID-FASTI Studie (Overfeeding induced fat-tissue stimulation; ehemals OVID-ARS) wird der Effekt einer hyperkalorischen fettreichen Di\u00e4t auf den Zucker-Insulin-Stoffwechsel des wei\u00dfen Fettgewebes und des Muskelgewebes [&hellip;]<\/p>\n","protected":false},"author":1,"featured_media":23973,"parent":15013,"menu_order":4,"comment_status":"closed","ping_status":"closed","template":"","meta":{"_acf_changed":false,"_FSMCFIC_featured_image_caption":"","_FSMCFIC_featured_image_nocaption":"","_FSMCFIC_featured_image_hide":"","footnotes":""},"categories":[44],"tags":[],"class_list":["post-23461","page","type-page","status-publish","has-post-thumbnail","hentry","category-studien"],"acf":{"ddz-icon":false,"attachments":false},"yoast_head":"<!-- This site is optimized with the Yoast SEO plugin v27.2 - https:\/\/yoast.com\/product\/yoast-seo-wordpress\/ -->\n<title>OVID-FASTI Studie - Deutsches Diabetes-Zentrum (DDZ)<\/title>\n<meta name=\"description\" content=\"Studie f\u00fcr Gesunde zum Effekt einer kurzfristigen hyperkalorischen fettreichen Ern\u00e4hrung\" \/>\n<meta name=\"robots\" content=\"index, follow, max-snippet:-1, max-image-preview:large, max-video-preview:-1\" \/>\n<link rel=\"canonical\" href=\"https:\/\/ddz.de\/en\/studien\/ovid-fasti\/\" \/>\n<meta property=\"og:locale\" content=\"en_US\" \/>\n<meta property=\"og:type\" content=\"article\" \/>\n<meta property=\"og:title\" content=\"OVID-FASTI Studie - Deutsches Diabetes-Zentrum (DDZ)\" \/>\n<meta property=\"og:description\" content=\"Studie f\u00fcr Gesunde zum Effekt einer kurzfristigen hyperkalorischen fettreichen Ern\u00e4hrung\" \/>\n<meta property=\"og:url\" content=\"https:\/\/ddz.de\/en\/studien\/ovid-fasti\/\" \/>\n<meta property=\"og:site_name\" content=\"Deutsches Diabetes-Zentrum (DDZ)\" \/>\n<meta property=\"article:publisher\" content=\"https:\/\/www.facebook.com\/diabetesinformationsdienst\/\" \/>\n<meta property=\"article:modified_time\" content=\"2024-03-11T12:30:58+00:00\" \/>\n<meta property=\"og:image\" content=\"https:\/\/ddz.de\/wp-content\/uploads\/ovid-fasti.jpg\" \/>\n\t<meta property=\"og:image:width\" content=\"1000\" \/>\n\t<meta property=\"og:image:height\" content=\"668\" \/>\n\t<meta property=\"og:image:type\" content=\"image\/jpeg\" \/>\n<meta name=\"twitter:card\" content=\"summary_large_image\" \/>\n<meta name=\"twitter:site\" content=\"@ddz_info\" \/>\n<meta name=\"twitter:label1\" content=\"Est. reading time\" \/>\n\t<meta name=\"twitter:data1\" content=\"2 minutes\" \/>\n<script type=\"application\/ld+json\" class=\"yoast-schema-graph\">{\"@context\":\"https:\/\/schema.org\",\"@graph\":[{\"@type\":\"WebPage\",\"@id\":\"https:\/\/ddz.de\/en\/studien\/ovid-fasti\/\",\"url\":\"https:\/\/ddz.de\/en\/studien\/ovid-fasti\/\",\"name\":\"OVID-FASTI Studie - Deutsches Diabetes-Zentrum (DDZ)\",\"isPartOf\":{\"@id\":\"https:\/\/ddz.de\/en\/#website\"},\"primaryImageOfPage\":{\"@id\":\"https:\/\/ddz.de\/en\/studien\/ovid-fasti\/#primaryimage\"},\"image\":{\"@id\":\"https:\/\/ddz.de\/en\/studien\/ovid-fasti\/#primaryimage\"},\"thumbnailUrl\":\"https:\/\/ddz.de\/wp-content\/uploads\/ovid-fasti.jpg\",\"datePublished\":\"2023-01-01T05:00:49+00:00\",\"dateModified\":\"2024-03-11T12:30:58+00:00\",\"description\":\"Studie f\u00fcr Gesunde zum Effekt einer kurzfristigen hyperkalorischen fettreichen Ern\u00e4hrung\",\"breadcrumb\":{\"@id\":\"https:\/\/ddz.de\/en\/studien\/ovid-fasti\/#breadcrumb\"},\"inLanguage\":\"en-US\",\"potentialAction\":[{\"@type\":\"ReadAction\",\"target\":[\"https:\/\/ddz.de\/en\/studien\/ovid-fasti\/\"]}]},{\"@type\":\"ImageObject\",\"inLanguage\":\"en-US\",\"@id\":\"https:\/\/ddz.de\/en\/studien\/ovid-fasti\/#primaryimage\",\"url\":\"https:\/\/ddz.de\/wp-content\/uploads\/ovid-fasti.jpg\",\"contentUrl\":\"https:\/\/ddz.de\/wp-content\/uploads\/ovid-fasti.jpg\",\"width\":1000,\"height\":668,\"caption\":\"Eine Anordnung von verschiedenen \u00d6lfalschen und -beh\u00e4ltern auf einem Holzuntergrund.\"},{\"@type\":\"BreadcrumbList\",\"@id\":\"https:\/\/ddz.de\/en\/studien\/ovid-fasti\/#breadcrumb\",\"itemListElement\":[{\"@type\":\"ListItem\",\"position\":1,\"name\":\"Startseite\",\"item\":\"https:\/\/ddz.de\/en\/\"},{\"@type\":\"ListItem\",\"position\":2,\"name\":\"Klinische Studien\",\"item\":\"https:\/\/ddz.de\/en\/studien\/\"},{\"@type\":\"ListItem\",\"position\":3,\"name\":\"OVID-FASTI Studie\"}]},{\"@type\":\"WebSite\",\"@id\":\"https:\/\/ddz.de\/en\/#website\",\"url\":\"https:\/\/ddz.de\/en\/\",\"name\":\"Deutsches Diabetes-Zentrum (DDZ)\",\"description\":\"Diabetes erforschen - Menschen helfen\",\"publisher\":{\"@id\":\"https:\/\/ddz.de\/en\/#organization\"},\"potentialAction\":[{\"@type\":\"SearchAction\",\"target\":{\"@type\":\"EntryPoint\",\"urlTemplate\":\"https:\/\/ddz.de\/en\/?s={search_term_string}\"},\"query-input\":{\"@type\":\"PropertyValueSpecification\",\"valueRequired\":true,\"valueName\":\"search_term_string\"}}],\"inLanguage\":\"en-US\"},{\"@type\":\"Organization\",\"@id\":\"https:\/\/ddz.de\/en\/#organization\",\"name\":\"Deutsches Diabetes-Zentrum (DDZ)\",\"url\":\"https:\/\/ddz.de\/en\/\",\"logo\":{\"@type\":\"ImageObject\",\"inLanguage\":\"en-US\",\"@id\":\"https:\/\/ddz.de\/en\/#\/schema\/logo\/image\/\",\"url\":\"https:\/\/ddz.de\/wp-content\/uploads\/ddz_logo_de.png\",\"contentUrl\":\"https:\/\/ddz.de\/wp-content\/uploads\/ddz_logo_de.png\",\"width\":640,\"height\":226,\"caption\":\"Deutsches Diabetes-Zentrum (DDZ)\"},\"image\":{\"@id\":\"https:\/\/ddz.de\/en\/#\/schema\/logo\/image\/\"},\"sameAs\":[\"https:\/\/www.facebook.com\/diabetesinformationsdienst\/\",\"https:\/\/x.com\/ddz_info\",\"https:\/\/www.youtube.com\/channel\/UCNxwshEljrBJXPri-w9IiLg\"]}]}<\/script>\n<!-- \/ Yoast SEO plugin. -->","yoast_head_json":{"title":"OVID-FASTI Studie - Deutsches Diabetes-Zentrum (DDZ)","description":"Studie f\u00fcr Gesunde zum Effekt einer kurzfristigen hyperkalorischen fettreichen Ern\u00e4hrung","robots":{"index":"index","follow":"follow","max-snippet":"max-snippet:-1","max-image-preview":"max-image-preview:large","max-video-preview":"max-video-preview:-1"},"canonical":"https:\/\/ddz.de\/en\/studien\/ovid-fasti\/","og_locale":"en_US","og_type":"article","og_title":"OVID-FASTI Studie - Deutsches Diabetes-Zentrum (DDZ)","og_description":"Studie f\u00fcr Gesunde zum Effekt einer kurzfristigen hyperkalorischen fettreichen Ern\u00e4hrung","og_url":"https:\/\/ddz.de\/en\/studien\/ovid-fasti\/","og_site_name":"Deutsches Diabetes-Zentrum (DDZ)","article_publisher":"https:\/\/www.facebook.com\/diabetesinformationsdienst\/","article_modified_time":"2024-03-11T12:30:58+00:00","og_image":[{"width":1000,"height":668,"url":"https:\/\/ddz.de\/wp-content\/uploads\/ovid-fasti.jpg","type":"image\/jpeg"}],"twitter_card":"summary_large_image","twitter_site":"@ddz_info","twitter_misc":{"Est. reading time":"2 minutes"},"schema":{"@context":"https:\/\/schema.org","@graph":[{"@type":"WebPage","@id":"https:\/\/ddz.de\/en\/studien\/ovid-fasti\/","url":"https:\/\/ddz.de\/en\/studien\/ovid-fasti\/","name":"OVID-FASTI Studie - Deutsches Diabetes-Zentrum (DDZ)","isPartOf":{"@id":"https:\/\/ddz.de\/en\/#website"},"primaryImageOfPage":{"@id":"https:\/\/ddz.de\/en\/studien\/ovid-fasti\/#primaryimage"},"image":{"@id":"https:\/\/ddz.de\/en\/studien\/ovid-fasti\/#primaryimage"},"thumbnailUrl":"https:\/\/ddz.de\/wp-content\/uploads\/ovid-fasti.jpg","datePublished":"2023-01-01T05:00:49+00:00","dateModified":"2024-03-11T12:30:58+00:00","description":"Studie f\u00fcr Gesunde zum Effekt einer kurzfristigen hyperkalorischen fettreichen Ern\u00e4hrung","breadcrumb":{"@id":"https:\/\/ddz.de\/en\/studien\/ovid-fasti\/#breadcrumb"},"inLanguage":"en-US","potentialAction":[{"@type":"ReadAction","target":["https:\/\/ddz.de\/en\/studien\/ovid-fasti\/"]}]},{"@type":"ImageObject","inLanguage":"en-US","@id":"https:\/\/ddz.de\/en\/studien\/ovid-fasti\/#primaryimage","url":"https:\/\/ddz.de\/wp-content\/uploads\/ovid-fasti.jpg","contentUrl":"https:\/\/ddz.de\/wp-content\/uploads\/ovid-fasti.jpg","width":1000,"height":668,"caption":"Eine Anordnung von verschiedenen \u00d6lfalschen und -beh\u00e4ltern auf einem Holzuntergrund."},{"@type":"BreadcrumbList","@id":"https:\/\/ddz.de\/en\/studien\/ovid-fasti\/#breadcrumb","itemListElement":[{"@type":"ListItem","position":1,"name":"Startseite","item":"https:\/\/ddz.de\/en\/"},{"@type":"ListItem","position":2,"name":"Klinische Studien","item":"https:\/\/ddz.de\/en\/studien\/"},{"@type":"ListItem","position":3,"name":"OVID-FASTI Studie"}]},{"@type":"WebSite","@id":"https:\/\/ddz.de\/en\/#website","url":"https:\/\/ddz.de\/en\/","name":"Deutsches Diabetes-Zentrum (DDZ)","description":"Diabetes erforschen - Menschen helfen","publisher":{"@id":"https:\/\/ddz.de\/en\/#organization"},"potentialAction":[{"@type":"SearchAction","target":{"@type":"EntryPoint","urlTemplate":"https:\/\/ddz.de\/en\/?s={search_term_string}"},"query-input":{"@type":"PropertyValueSpecification","valueRequired":true,"valueName":"search_term_string"}}],"inLanguage":"en-US"},{"@type":"Organization","@id":"https:\/\/ddz.de\/en\/#organization","name":"Deutsches Diabetes-Zentrum (DDZ)","url":"https:\/\/ddz.de\/en\/","logo":{"@type":"ImageObject","inLanguage":"en-US","@id":"https:\/\/ddz.de\/en\/#\/schema\/logo\/image\/","url":"https:\/\/ddz.de\/wp-content\/uploads\/ddz_logo_de.png","contentUrl":"https:\/\/ddz.de\/wp-content\/uploads\/ddz_logo_de.png","width":640,"height":226,"caption":"Deutsches Diabetes-Zentrum (DDZ)"},"image":{"@id":"https:\/\/ddz.de\/en\/#\/schema\/logo\/image\/"},"sameAs":["https:\/\/www.facebook.com\/diabetesinformationsdienst\/","https:\/\/x.com\/ddz_info","https:\/\/www.youtube.com\/channel\/UCNxwshEljrBJXPri-w9IiLg"]}]}},"_links":{"self":[{"href":"https:\/\/ddz.de\/en\/wp-json\/wp\/v2\/pages\/23461","targetHints":{"allow":["GET"]}}],"collection":[{"href":"https:\/\/ddz.de\/en\/wp-json\/wp\/v2\/pages"}],"about":[{"href":"https:\/\/ddz.de\/en\/wp-json\/wp\/v2\/types\/page"}],"author":[{"embeddable":true,"href":"https:\/\/ddz.de\/en\/wp-json\/wp\/v2\/users\/1"}],"replies":[{"embeddable":true,"href":"https:\/\/ddz.de\/en\/wp-json\/wp\/v2\/comments?post=23461"}],"version-history":[{"count":10,"href":"https:\/\/ddz.de\/en\/wp-json\/wp\/v2\/pages\/23461\/revisions"}],"predecessor-version":[{"id":24248,"href":"https:\/\/ddz.de\/en\/wp-json\/wp\/v2\/pages\/23461\/revisions\/24248"}],"up":[{"embeddable":true,"href":"https:\/\/ddz.de\/en\/wp-json\/wp\/v2\/pages\/15013"}],"wp:featuredmedia":[{"embeddable":true,"href":"https:\/\/ddz.de\/en\/wp-json\/wp\/v2\/media\/23973"}],"wp:attachment":[{"href":"https:\/\/ddz.de\/en\/wp-json\/wp\/v2\/media?parent=23461"}],"wp:term":[{"taxonomy":"category","embeddable":true,"href":"https:\/\/ddz.de\/en\/wp-json\/wp\/v2\/categories?post=23461"},{"taxonomy":"post_tag","embeddable":true,"href":"https:\/\/ddz.de\/en\/wp-json\/wp\/v2\/tags?post=23461"}],"curies":[{"name":"wp","href":"https:\/\/api.w.org\/{rel}","templated":true}]}}