{"id":23348,"date":"2023-01-01T07:00:42","date_gmt":"2023-01-01T06:00:42","guid":{"rendered":"https:\/\/ddz.de\/?page_id=23348"},"modified":"2025-07-15T10:37:13","modified_gmt":"2025-07-15T08:37:13","slug":"ifis","status":"publish","type":"page","link":"https:\/\/ddz.de\/en\/studien\/ifis\/","title":{"rendered":"IFIS Studie"},"content":{"rendered":"<div class=\"wpb-content-wrapper\">[vc_row][vc_column][vc_single_image image=&#8221;23990&#8243; img_size=&#8221;full&#8221;][vc_empty_space height=&#8221;40px&#8221;][\/vc_column][\/vc_row][vc_row][vc_column][vc_column_text]\r\n<h2>Studie zum Intervallfasten f\u00fcr Menschen mit Pr\u00e4diabetes und Typ-2-Diabetes und erh\u00f6htem Risiko f\u00fcr Folgeerkrankungen<\/h2>\r\nIn der IFIS (<strong>I<\/strong>ntermittent <strong>F<\/strong>asting to <strong>I<\/strong>mprove Insulin <strong>S<\/strong>ecretion)-Studie wird untersucht, ob das intermittierende Fasten (Intervallfasten) zur Verbesserung der Insulinsekretion beitr\u00e4gt.\r\n\r\n[\/vc_column_text][vc_empty_space height=\"40px\"][\/vc_column][\/vc_row][vc_row][vc_column][vc_tta_tour tab_position=\"right\" controls_size=\"md\" active_section=\"1\"][vc_tta_section i_icon_fontawesome=\"fas fa-info-circle\" add_icon=\"true\" title=\"Hintergrund der Studie\" tab_id=\"1568905612162-cc98c880-f00f\"]<div id='ins-heading-69e19e0ddaa7a' class='section-heading ins-heading default default    '  style='margin-top:0; margin-bottom:0'><h2 class='section-heading-title margin-10px-top  font-weight-600 '>Hintergrund der Studie<\/h2><\/div><script type=\"text\/javascript\">\n\t\t(function(jQuery) {\n\t\t\t\t\t})(jQuery);\n\t\t\t\t\t\t<\/script>[vc_empty_space height=\"10px\"][vc_column_text]Vorherige klinische Studien zeigten die positive Wirkung von Intervallfasten auf die Gewichtsreduktion und den Stoffwechsel. Nun soll detailliert der Effekt des Intervallfastens auf den Blutzuckerstoffwechsel und den K\u00f6rperfettgehalt untersucht werden.\r\n\r\nDie Studie wird deutschlandweit an mehreren Standorten durchgef\u00fchrt.[\/vc_column_text][\/vc_tta_section][vc_tta_section i_icon_fontawesome=\"far fa-user-circle\" add_icon=\"true\" title=\"Wer kann teilnehmen?\" tab_id=\"1678967236748-716e96f8-93bf\"]<div id='ins-heading-69e19e0ddaaa0' class='section-heading ins-heading default default    '  style='margin-top:0; margin-bottom:0'><h2 class='section-heading-title margin-10px-top  font-weight-600 '>Wer kann teilnehmen?<\/h2><\/div><script type=\"text\/javascript\">\n\t\t(function(jQuery) {\n\t\t\t\t\t})(jQuery);\n\t\t\t\t\t\t<\/script>[vc_empty_space height=\"10px\"][vc_column_text css=\"\"]\r\n<h3>Einschlusskriterien<\/h3>\r\n<ul>\r\n \t<li>Frauen und M\u00e4nner zwischen 18 und 70 Jahren<\/li>\r\n \t<li>neu manifestierter Typ-2-Diabetes (Diagnose &lt; 5 Jahre)<\/li>\r\n \t<li>BMI 22 \u2013 45 kg\/m\u00b2<\/li>\r\n<\/ul>\r\n<h3>Wichtigste Ausschlusskriterien<\/h3>\r\n<ul>\r\n \t<li>Typ-1-Diabetes<\/li>\r\n \t<li>Schwangere oder Stillende<\/li>\r\n \t<li>Bekannte Erkrankungen des Pankreas\u00a0(Bauchspeicheldr\u00fcse)<\/li>\r\n \t<li>bestehende Insulintherapie<\/li>\r\n<\/ul>\r\n[\/vc_column_text][\/vc_tta_section][vc_tta_section i_icon_fontawesome=\"fas fa-search\" add_icon=\"true\" title=\"Ablauf und Untersuchungen\" tab_id=\"1602079065461-ac85bb59-4191\"]<div id='ins-heading-69e19e0ddaab5' class='section-heading ins-heading default default    '  style='margin-top:0; margin-bottom:0'><h2 class='section-heading-title margin-10px-top  font-weight-600 '>Ablauf und Untersuchungen<\/h2><\/div><script type=\"text\/javascript\">\n\t\t(function(jQuery) {\n\t\t\t\t\t})(jQuery);\n\t\t\t\t\t\t<\/script>[vc_empty_space height=\"10px\"][vc_column_text]Die Studiendauer betr\u00e4gt ca. 6 Wochen, in denen Sie entweder angeleitet werden, eine Standarddi\u00e4t durchzuf\u00fchren oder mit dem Prinzip des Intervallfastens abzunehmen. Sie erhalten eine wissenschaftlich fundierte Ern\u00e4hrungsberatung durch Fachpersonal. Nach 6 Monaten ist eine Nachuntersuchung geplant.\r\n\r\n<strong>Untersuchungen:<\/strong>\r\n<ul>\r\n \t<li>\u00c4rztliche k\u00f6rperliche Untersuchung<\/li>\r\n \t<li>K\u00f6rpervermessungen (Gewicht, Gr\u00f6\u00dfe, Bauch- und Taillenumfang)<\/li>\r\n \t<li>Messung der Vitalzeichen (d.h. Blutdruck, Puls, K\u00f6rpertemperatur)<\/li>\r\n \t<li>Elektrokardiogramm (EKG)<\/li>\r\n \t<li>Blut- und Urinuntersuchungen<\/li>\r\n \t<li>Ultraschalluntersuchung der Leber<\/li>\r\n \t<li>Messung der Insulinaussch\u00fcttung und des Energiestoffwechsels<\/li>\r\n \t<li>K\u00f6rperfettanteil und Fettverteilung (MRT)<\/li>\r\n \t<li>Energiestoffwechsel im Muskel (Biopsie)<\/li>\r\n \t<li>Entz\u00fcndung des Fettgewebes (Biopsie)<\/li>\r\n<\/ul>\r\n[\/vc_column_text][\/vc_tta_section][vc_tta_section i_icon_fontawesome=\"fas fa-money-bill-alt\" add_icon=\"true\" title=\"Aufwandsentsch\u00e4digung\" tab_id=\"1602079175027-474545f2-ef02\"]<div id='ins-heading-69e19e0ddaaca' class='section-heading ins-heading default default    '  style='margin-top:0; margin-bottom:0'><h2 class='section-heading-title margin-10px-top  font-weight-600 '>Aufwandsentsch\u00e4digung<\/h2><\/div><script type=\"text\/javascript\">\n\t\t(function(jQuery) {\n\t\t\t\t\t})(jQuery);\n\t\t\t\t\t\t<\/script>[vc_empty_space height=\"10px\"][vc_column_text]Alle Untersuchungen sind f\u00fcr Sie kostenlos. Die Kosten daf\u00fcr tr\u00e4gt das Studienzentrum. Sie erhalten eine finanzielle Aufwandsentsch\u00e4digung f\u00fcr die Teilnahme an den Untersuchungen w\u00e4hrend der Studienvisiten sowie eine Erstattung Ihrer Fahrkosten zum Studienzentrum.\r\n\r\nF\u00fcr die Teilnahme erhalten Sie 250 Euro plus zus\u00e4tzliche Aufwandsentsch\u00e4digungen f\u00fcr die Teilnahme an bestimmten Untersuchungen wie Biopsien und MRT (insgesamt bis zu 1.000 Euro)[\/vc_column_text][\/vc_tta_section][vc_tta_section i_icon_fontawesome=\"fas fa-user-friends\" add_icon=\"true\" title=\"Ansprechpartner\" tab_id=\"1568906521363-3a65b74e-b705\"]<div id='ins-heading-69e19e0ddaadd' class='section-heading ins-heading default default    '  style='margin-top:0; margin-bottom:0'><h2 class='section-heading-title margin-10px-top  font-weight-600 '>Ansprechpartner<\/h2><\/div><script type=\"text\/javascript\">\n\t\t(function(jQuery) {\n\t\t\t\t\t})(jQuery);\n\t\t\t\t\t\t<\/script>[vc_empty_space height=\"10px\"][vc_column_text]Gerne k\u00f6nnen Sie uns bei Interesse oder Fragen unverbindlich telefonisch oder per E-Mail kontaktieren:\r\n\r\n<div class=\" pure-data shortcodes color-links\"><div class=\"visitenkarten-container\"><div class=\"visitenkarte\">\r\n\t\t\t\t\t<div class=\"inner\">\r\n\t\t\t\t\t\t\r\n\r\n\t\t\t\t\t\t<div class=\"left\">\r\n\t\t\t\t\t\t\t<div class=\"name mb-3\">Monika Schulte<\/div>\r\n\t\t\t\t\t\t\t<div class=\"units-roles mt-2 clear-first\"><div class=\"roles-and-unit mt-2 clear-first\"><div class=\"roles hyphens\"><span class=\"role hyphens mb-1 clear-last\">Studienkoordinatorin<\/span><\/div><div class=\"orgaunit hyphens\">IFIS Studie<\/div><\/div><\/div>\r\n\t\t\t\t\t\t\t\r\n\t\t\t\t\t\t\t\r\n\t\t\t\t\t\t\t\r\n\t\t\t\t\t\t\t\r\n\t\t\t\t\t\t\t<div class=\"contacts mt-4\">\r\n\t\t\t\t\t\t\t\t<div class=\"email mt-2\"><a href=\"mailto:monika.schulte@ddz.de\" title=\"Send e-mail to Monika Schulte\"><i class=\"fa fa-envelope\"><\/i> monika.schulte@ddz.de<\/a><\/div>\r\n\t\t\t\t\t\t\t\t<div class=\"phones mt-2\"><div class=\"phone mt-1 clear-first\"><i class=\"fa fa-phone\"><\/i>+49 211 3382-209<\/div><\/div>\r\n\t\t\t\t\t\t\t<\/div>\r\n\t\t\t\t\t\t\t\r\n\t\t\t\t\t\t\t\r\n\t\t\t\t\t\t\t\r\n\t\t\t\t\t\t<\/div>\r\n\t\t\t\t\t<\/div>\r\n\t\t\t\t<\/div><\/div><\/div>\r\n<div class=\" pure-data shortcodes color-links\"><div class=\"visitenkarten-container\"><div class=\"visitenkarte\">\r\n\t\t\t\t\t<div class=\"inner\">\r\n\t\t\t\t\t\t\r\n\r\n\t\t\t\t\t\t<div class=\"left\">\r\n\t\t\t\t\t\t\t<div class=\"name mb-3\">Martin Sch\u00f6n<\/div>\r\n\t\t\t\t\t\t\t<div class=\"units-roles mt-2 clear-first\"><div class=\"roles-and-unit mt-2 clear-first\"><div class=\"roles hyphens\"><span class=\"role hyphens mb-1 clear-last\">Studienarzt<\/span><\/div><div class=\"orgaunit hyphens\">IFIS Studie<\/div><\/div><\/div>\r\n\t\t\t\t\t\t\t\r\n\t\t\t\t\t\t\t\r\n\t\t\t\t\t\t\t\r\n\t\t\t\t\t\t\t\r\n\t\t\t\t\t\t\t<div class=\"contacts mt-4\">\r\n\t\t\t\t\t\t\t\t<div class=\"email mt-2\"><a href=\"mailto:martin.schoen@ddz.de\" title=\"Send e-mail to Martin Sch\u00f6n\"><i class=\"fa fa-envelope\"><\/i> martin.schoen@ddz.de<\/a><\/div>\r\n\t\t\t\t\t\t\t\t<div class=\"phones mt-2\"><div class=\"phone mt-1 clear-first\"><i class=\"fa fa-phone\"><\/i>+49 211 3382-422<\/div><\/div>\r\n\t\t\t\t\t\t\t<\/div>\r\n\t\t\t\t\t\t\t\r\n\t\t\t\t\t\t\t\r\n\t\t\t\t\t\t\t\r\n\t\t\t\t\t\t<\/div>\r\n\t\t\t\t\t<\/div>\r\n\t\t\t\t<\/div><\/div><\/div>\r\n<div class=\" pure-data shortcodes color-links\"><div class=\"visitenkarten-container\"><div class=\"visitenkarte\">\r\n\t\t\t\t\t<div class=\"inner\">\r\n\t\t\t\t\t\t\r\n\t\t\t\t\t\t<div class=\"portrait\" style=\"background-image:url(https:\/\/api.ddz.de\/file\/get\/f8c11c0c69e6d5faf3ba9eab13062f1a746b10d7a4f9ed0ede20aca03f55ab66.jpg)\" title=\"Portrait image of Univ.-Prof. Dr. Robert Wagner, MD\"><\/div>\r\n\t\t\t\t\t\t\r\n\r\n\t\t\t\t\t\t<div class=\"left\">\r\n\t\t\t\t\t\t\t<div class=\"name mb-3\">Univ.-Prof. Dr. Robert Wagner, MD<\/div>\r\n\t\t\t\t\t\t\t<div class=\"units-roles mt-2 clear-first\"><div class=\"roles-and-unit mt-2 clear-first\"><div class=\"roles hyphens\"><span class=\"role hyphens mb-1 clear-last\">Studienleitung<\/span><\/div><div class=\"orgaunit hyphens\">IFIS Studie<\/div><\/div><\/div>\r\n\t\t\t\t\t\t\t\r\n\t\t\t\t\t\t\t\r\n\t\t\t\t\t\t\t\r\n\t\t\t\t\t\t\t\r\n\t\t\t\t\t\t\t\r\n\t\t\t\t\t\t\t\r\n\t\t\t\t\t\t<\/div>\r\n\t\t\t\t\t<\/div>\r\n\t\t\t\t<\/div><\/div><\/div>[\/vc_column_text][\/vc_tta_section][vc_tta_section i_icon_fontawesome=\"fas fa-map-marker-alt\" add_icon=\"true\" title=\"Pr\u00fcfzentren\" tab_id=\"pruefzentren\"][vc_column_text css=\"\" el_id=\"pruefzentren\"]\r\n<h2>Pr\u00fcfzentren<\/h2>\r\n<div style=\"font-size: 0.85em; line-height: 1em;\">\r\n\r\n<strong>D\u00fcsseldorf<\/strong>\r\nProf. Dr. Michael Roden, Prof. Dr. Robert Wagner\r\nDeutsches Diabetes-Zentrum\r\n<i class=\"fa fa-phone\"><\/i> 0211- 3382209\r\n<a title=\"E-Mail senden\" href=\"mailto:studienzentrum@ddz.de\"><i class=\"fa fa-envelope\"><\/i> studienzentrum@ddz.de<\/a>\r\n\r\n<strong>T\u00fcbingen<\/strong>\r\nProf. Dr. Andreas Fritsche, Prof. Dr. Reiner Junpertz-von Schwartzenberg\r\nUniversit\u00e4tsklinikum T\u00fcbingen\r\n<i class=\"fa fa-phone\"><\/i> 07071\u20132980687\r\n<a title=\"E-Mail senden\" href=\"mailto:stoffwechsel@med.uni-tuxebingen.de\"> stoffwechsel@med.uni-tuebingen.de<\/a>\r\n\r\n<strong>Berlin\/Potsdam<\/strong>\r\nDr. Stefan Kabisch\r\nDeutsches Institut f\u00fcr Ern\u00e4hrungsforschung \/\r\nCharit\u00e9 Berlin\r\n<i class=\"fa fa-phone\"><\/i> 030-450 514 439\r\n<a title=\"E-Mail senden\" href=\"mailto:diabetes@charite.de\"><i class=\"fa fa-envelope\"><\/i> diabetes@charite.de<\/a>\r\n\r\nDr. Olga Ramich\r\n<i class=\"fa fa-phone\"><\/i> 033200 88 2760\r\nDeutsches Institut f\u00fcr Ern\u00e4hrungsforschung\r\n<a title=\"E-Mail senden\" href=\"mailto:dzd@dife.de\"><i class=\"fa fa-envelope\"><\/i> dzd@dife.de<\/a>\r\n\r\n<strong>Dresden<\/strong>\r\nDoreen Ziehl\r\nUniversit\u00e4tsklinikum Dresden\r\n<i class=\"fa fa-phone\"><\/i> 0351-458 11722\r\n<a title=\"E-Mail senden\" href=\"mailto:Doreen.Ziehl@uniklinikum-dresden.de\"><i class=\"fa fa-envelope\"><\/i> Doreen.Ziehl@uniklinikum-dresden.de<\/a>\r\n\r\n<strong>Leipzig<\/strong>\r\nDr. Gesine Flehmig\r\nUniversit\u00e4tsmedizin Leipzig\r\n<i class=\"fa fa-phone\"><\/i> 0341-97 20 728\r\n<a title=\"E-Mail senden\" href=\"mailto:Doreen.Ziehl@uniklinikum-dresden.de\"><i class=\"fa fa-envelope\"><\/i> plis@medizin.uni-leipzig.de<\/a>\r\n\r\n<strong>L\u00fcbeck<\/strong>\r\nProf. Dr. Sebastian Meyh\u00f6fer, Dr. Leonie Dr\u00e4ger\r\nUniversit\u00e4t zu L\u00fcbeck\r\n<i class=\"fa fa-phone\"><\/i> 0451 31017863\r\n<a title=\"E-Mail senden\" href=\"mailto:leonie.draeger@uksh.de\"><i class=\"fa fa-envelope\"><\/i> leonie.draeger@uksh.de<\/a>\r\n\r\n<strong>M\u00fcnchen<\/strong>\r\nDr. Kurt Rack\r\nTechnische Universit\u00e4t M\u00fcnchen\r\n<i class=\"fa fa-phone\"><\/i> 089-289 249 15\r\n<a title=\"E-Mail senden\" href=\"mailto:kurt.rack@tum.de\"><i class=\"fa fa-envelope\"><\/i> kurt.rack@tum.de<\/a>\r\n\r\n<strong>Heidelberg<\/strong>\r\nDr. Stefan Kopf\r\nDr. Alba Sulaj\r\nUniversit\u00e4t Heidelberg\r\n<i class=\"fa fa-phone\"><\/i> 06221- 56-8606\r\n<a title=\"E-Mail senden\" href=\"mailtostoffwechsel.studien@med.uni-heidelberg.de\"><i class=\"fa fa-envelope\"><\/i> stoffwechsel.studien@med.uni-heidelberg.de<\/a>\r\n\r\n<\/div>\r\n[\/vc_column_text][\/vc_tta_section][\/vc_tta_tour][\/vc_column][\/vc_row][vc_row][vc_column][vc_empty_space height=\"100px\"][\/vc_column][\/vc_row][vc_row][vc_column][vc_column_text]\r\n\r\n[\/vc_column_text][\/vc_column][\/vc_row]<!-- \/wp:post-content --><\/div>","protected":false},"excerpt":{"rendered":"<p>[vc_row][vc_column][vc_single_image image=&#8221;23990&#8243; img_size=&#8221;full&#8221;][vc_empty_space height=&#8221;40px&#8221;][\/vc_column][\/vc_row][vc_row][vc_column][vc_column_text] In der IFIS (Intermittent Fasting to Improve Insulin Secretion)-Studie wird untersucht, ob das intermittierende Fasten (Intervallfasten) zur Verbesserung der Insulinsekretion beitr\u00e4gt. [\/vc_column_text][vc_empty_space height=&#8221;40px&#8221;][\/vc_column][\/vc_row][vc_row][vc_column][vc_tta_tour tab_position=&#8221;right&#8221; controls_size=&#8221;md&#8221; active_section=&#8221;1&#8243;][vc_tta_section [&hellip;]<\/p>\n","protected":false},"author":1,"featured_media":23990,"parent":15013,"menu_order":3,"comment_status":"closed","ping_status":"closed","template":"","meta":{"_acf_changed":false,"_FSMCFIC_featured_image_caption":"","_FSMCFIC_featured_image_nocaption":"","_FSMCFIC_featured_image_hide":"","footnotes":""},"categories":[44],"tags":[],"class_list":["post-23348","page","type-page","status-publish","has-post-thumbnail","hentry","category-studien"],"acf":{"ddz-icon":false,"attachments":[{"datei":{"ID":23994,"id":23994,"title":"Faltblatt-zur-IFIS-Studie","filename":"Faltblatt-zur-IFIS-Studie.pdf","filesize":1855240,"url":"https:\/\/ddz.de\/wp-content\/uploads\/Faltblatt-zur-IFIS-Studie.pdf","link":"https:\/\/ddz.de\/en\/faltblatt-zur-ifis-studie-2\/","alt":"","author":"1","description":"","caption":"","name":"faltblatt-zur-ifis-studie-2","status":"inherit","uploaded_to":0,"date":"2023-10-26 11:26:21","modified":"2023-10-26 11:26:21","menu_order":0,"mime_type":"application\/pdf","type":"application","subtype":"pdf","icon":"https:\/\/ddz.de\/wp-includes\/images\/media\/document.png"}}]},"yoast_head":"<!-- This site is optimized with the Yoast SEO plugin v27.2 - https:\/\/yoast.com\/product\/yoast-seo-wordpress\/ -->\n<title>IFIS Studie - Deutsches Diabetes-Zentrum (DDZ)<\/title>\n<meta name=\"description\" content=\"Studie zum Intervallfasten f\u00fcr Menschen mit Pr\u00e4diabetes und Typ-2-Diabetes und erh\u00f6htem Risiko f\u00fcr Folgeerkrankungen\" \/>\n<meta name=\"robots\" content=\"index, follow, max-snippet:-1, max-image-preview:large, max-video-preview:-1\" \/>\n<link rel=\"canonical\" href=\"https:\/\/ddz.de\/en\/studien\/ifis\/\" \/>\n<meta property=\"og:locale\" content=\"en_US\" \/>\n<meta property=\"og:type\" content=\"article\" \/>\n<meta property=\"og:title\" content=\"IFIS Studie - Deutsches Diabetes-Zentrum (DDZ)\" \/>\n<meta property=\"og:description\" content=\"Studie zum Intervallfasten f\u00fcr Menschen mit Pr\u00e4diabetes und Typ-2-Diabetes und erh\u00f6htem Risiko f\u00fcr Folgeerkrankungen\" \/>\n<meta property=\"og:url\" content=\"https:\/\/ddz.de\/en\/studien\/ifis\/\" \/>\n<meta property=\"og:site_name\" content=\"Deutsches Diabetes-Zentrum (DDZ)\" \/>\n<meta property=\"article:publisher\" content=\"https:\/\/www.facebook.com\/diabetesinformationsdienst\/\" \/>\n<meta property=\"article:modified_time\" content=\"2025-07-15T08:37:13+00:00\" \/>\n<meta property=\"og:image\" content=\"https:\/\/ddz.de\/wp-content\/uploads\/ifis-2023.jpg\" \/>\n\t<meta property=\"og:image:width\" content=\"1000\" \/>\n\t<meta property=\"og:image:height\" content=\"668\" \/>\n\t<meta property=\"og:image:type\" content=\"image\/jpeg\" \/>\n<meta name=\"twitter:card\" content=\"summary_large_image\" \/>\n<meta name=\"twitter:site\" content=\"@ddz_info\" \/>\n<meta name=\"twitter:label1\" content=\"Est. reading time\" \/>\n\t<meta name=\"twitter:data1\" content=\"3 minutes\" \/>\n<script type=\"application\/ld+json\" class=\"yoast-schema-graph\">{\"@context\":\"https:\/\/schema.org\",\"@graph\":[{\"@type\":\"WebPage\",\"@id\":\"https:\/\/ddz.de\/en\/studien\/ifis\/\",\"url\":\"https:\/\/ddz.de\/en\/studien\/ifis\/\",\"name\":\"IFIS Studie - Deutsches Diabetes-Zentrum (DDZ)\",\"isPartOf\":{\"@id\":\"https:\/\/ddz.de\/en\/#website\"},\"primaryImageOfPage\":{\"@id\":\"https:\/\/ddz.de\/en\/studien\/ifis\/#primaryimage\"},\"image\":{\"@id\":\"https:\/\/ddz.de\/en\/studien\/ifis\/#primaryimage\"},\"thumbnailUrl\":\"https:\/\/ddz.de\/wp-content\/uploads\/ifis-2023.jpg\",\"datePublished\":\"2023-01-01T06:00:42+00:00\",\"dateModified\":\"2025-07-15T08:37:13+00:00\",\"description\":\"Studie zum Intervallfasten f\u00fcr Menschen mit Pr\u00e4diabetes und Typ-2-Diabetes und erh\u00f6htem Risiko f\u00fcr Folgeerkrankungen\",\"breadcrumb\":{\"@id\":\"https:\/\/ddz.de\/en\/studien\/ifis\/#breadcrumb\"},\"inLanguage\":\"en-US\",\"potentialAction\":[{\"@type\":\"ReadAction\",\"target\":[\"https:\/\/ddz.de\/en\/studien\/ifis\/\"]}]},{\"@type\":\"ImageObject\",\"inLanguage\":\"en-US\",\"@id\":\"https:\/\/ddz.de\/en\/studien\/ifis\/#primaryimage\",\"url\":\"https:\/\/ddz.de\/wp-content\/uploads\/ifis-2023.jpg\",\"contentUrl\":\"https:\/\/ddz.de\/wp-content\/uploads\/ifis-2023.jpg\",\"width\":1000,\"height\":668,\"caption\":\"Lachsfilet, frisches Gem\u00fcse und Salat auf einem blauen Teller angerichtet.\"},{\"@type\":\"BreadcrumbList\",\"@id\":\"https:\/\/ddz.de\/en\/studien\/ifis\/#breadcrumb\",\"itemListElement\":[{\"@type\":\"ListItem\",\"position\":1,\"name\":\"Startseite\",\"item\":\"https:\/\/ddz.de\/en\/\"},{\"@type\":\"ListItem\",\"position\":2,\"name\":\"Klinische Studien\",\"item\":\"https:\/\/ddz.de\/en\/studien\/\"},{\"@type\":\"ListItem\",\"position\":3,\"name\":\"IFIS Studie\"}]},{\"@type\":\"WebSite\",\"@id\":\"https:\/\/ddz.de\/en\/#website\",\"url\":\"https:\/\/ddz.de\/en\/\",\"name\":\"Deutsches Diabetes-Zentrum (DDZ)\",\"description\":\"Diabetes erforschen - Menschen helfen\",\"publisher\":{\"@id\":\"https:\/\/ddz.de\/en\/#organization\"},\"potentialAction\":[{\"@type\":\"SearchAction\",\"target\":{\"@type\":\"EntryPoint\",\"urlTemplate\":\"https:\/\/ddz.de\/en\/?s={search_term_string}\"},\"query-input\":{\"@type\":\"PropertyValueSpecification\",\"valueRequired\":true,\"valueName\":\"search_term_string\"}}],\"inLanguage\":\"en-US\"},{\"@type\":\"Organization\",\"@id\":\"https:\/\/ddz.de\/en\/#organization\",\"name\":\"Deutsches Diabetes-Zentrum (DDZ)\",\"url\":\"https:\/\/ddz.de\/en\/\",\"logo\":{\"@type\":\"ImageObject\",\"inLanguage\":\"en-US\",\"@id\":\"https:\/\/ddz.de\/en\/#\/schema\/logo\/image\/\",\"url\":\"https:\/\/ddz.de\/wp-content\/uploads\/ddz_logo_de.png\",\"contentUrl\":\"https:\/\/ddz.de\/wp-content\/uploads\/ddz_logo_de.png\",\"width\":640,\"height\":226,\"caption\":\"Deutsches Diabetes-Zentrum (DDZ)\"},\"image\":{\"@id\":\"https:\/\/ddz.de\/en\/#\/schema\/logo\/image\/\"},\"sameAs\":[\"https:\/\/www.facebook.com\/diabetesinformationsdienst\/\",\"https:\/\/x.com\/ddz_info\",\"https:\/\/www.youtube.com\/channel\/UCNxwshEljrBJXPri-w9IiLg\"]}]}<\/script>\n<!-- \/ Yoast SEO plugin. -->","yoast_head_json":{"title":"IFIS Studie - Deutsches Diabetes-Zentrum (DDZ)","description":"Studie zum Intervallfasten f\u00fcr Menschen mit Pr\u00e4diabetes und Typ-2-Diabetes und erh\u00f6htem Risiko f\u00fcr Folgeerkrankungen","robots":{"index":"index","follow":"follow","max-snippet":"max-snippet:-1","max-image-preview":"max-image-preview:large","max-video-preview":"max-video-preview:-1"},"canonical":"https:\/\/ddz.de\/en\/studien\/ifis\/","og_locale":"en_US","og_type":"article","og_title":"IFIS Studie - Deutsches Diabetes-Zentrum (DDZ)","og_description":"Studie zum Intervallfasten f\u00fcr Menschen mit Pr\u00e4diabetes und Typ-2-Diabetes und erh\u00f6htem Risiko f\u00fcr Folgeerkrankungen","og_url":"https:\/\/ddz.de\/en\/studien\/ifis\/","og_site_name":"Deutsches Diabetes-Zentrum (DDZ)","article_publisher":"https:\/\/www.facebook.com\/diabetesinformationsdienst\/","article_modified_time":"2025-07-15T08:37:13+00:00","og_image":[{"width":1000,"height":668,"url":"https:\/\/ddz.de\/wp-content\/uploads\/ifis-2023.jpg","type":"image\/jpeg"}],"twitter_card":"summary_large_image","twitter_site":"@ddz_info","twitter_misc":{"Est. reading time":"3 minutes"},"schema":{"@context":"https:\/\/schema.org","@graph":[{"@type":"WebPage","@id":"https:\/\/ddz.de\/en\/studien\/ifis\/","url":"https:\/\/ddz.de\/en\/studien\/ifis\/","name":"IFIS Studie - Deutsches Diabetes-Zentrum (DDZ)","isPartOf":{"@id":"https:\/\/ddz.de\/en\/#website"},"primaryImageOfPage":{"@id":"https:\/\/ddz.de\/en\/studien\/ifis\/#primaryimage"},"image":{"@id":"https:\/\/ddz.de\/en\/studien\/ifis\/#primaryimage"},"thumbnailUrl":"https:\/\/ddz.de\/wp-content\/uploads\/ifis-2023.jpg","datePublished":"2023-01-01T06:00:42+00:00","dateModified":"2025-07-15T08:37:13+00:00","description":"Studie zum Intervallfasten f\u00fcr Menschen mit Pr\u00e4diabetes und Typ-2-Diabetes und erh\u00f6htem Risiko f\u00fcr Folgeerkrankungen","breadcrumb":{"@id":"https:\/\/ddz.de\/en\/studien\/ifis\/#breadcrumb"},"inLanguage":"en-US","potentialAction":[{"@type":"ReadAction","target":["https:\/\/ddz.de\/en\/studien\/ifis\/"]}]},{"@type":"ImageObject","inLanguage":"en-US","@id":"https:\/\/ddz.de\/en\/studien\/ifis\/#primaryimage","url":"https:\/\/ddz.de\/wp-content\/uploads\/ifis-2023.jpg","contentUrl":"https:\/\/ddz.de\/wp-content\/uploads\/ifis-2023.jpg","width":1000,"height":668,"caption":"Lachsfilet, frisches Gem\u00fcse und Salat auf einem blauen Teller angerichtet."},{"@type":"BreadcrumbList","@id":"https:\/\/ddz.de\/en\/studien\/ifis\/#breadcrumb","itemListElement":[{"@type":"ListItem","position":1,"name":"Startseite","item":"https:\/\/ddz.de\/en\/"},{"@type":"ListItem","position":2,"name":"Klinische Studien","item":"https:\/\/ddz.de\/en\/studien\/"},{"@type":"ListItem","position":3,"name":"IFIS Studie"}]},{"@type":"WebSite","@id":"https:\/\/ddz.de\/en\/#website","url":"https:\/\/ddz.de\/en\/","name":"Deutsches Diabetes-Zentrum (DDZ)","description":"Diabetes erforschen - Menschen helfen","publisher":{"@id":"https:\/\/ddz.de\/en\/#organization"},"potentialAction":[{"@type":"SearchAction","target":{"@type":"EntryPoint","urlTemplate":"https:\/\/ddz.de\/en\/?s={search_term_string}"},"query-input":{"@type":"PropertyValueSpecification","valueRequired":true,"valueName":"search_term_string"}}],"inLanguage":"en-US"},{"@type":"Organization","@id":"https:\/\/ddz.de\/en\/#organization","name":"Deutsches Diabetes-Zentrum (DDZ)","url":"https:\/\/ddz.de\/en\/","logo":{"@type":"ImageObject","inLanguage":"en-US","@id":"https:\/\/ddz.de\/en\/#\/schema\/logo\/image\/","url":"https:\/\/ddz.de\/wp-content\/uploads\/ddz_logo_de.png","contentUrl":"https:\/\/ddz.de\/wp-content\/uploads\/ddz_logo_de.png","width":640,"height":226,"caption":"Deutsches Diabetes-Zentrum (DDZ)"},"image":{"@id":"https:\/\/ddz.de\/en\/#\/schema\/logo\/image\/"},"sameAs":["https:\/\/www.facebook.com\/diabetesinformationsdienst\/","https:\/\/x.com\/ddz_info","https:\/\/www.youtube.com\/channel\/UCNxwshEljrBJXPri-w9IiLg"]}]}},"_links":{"self":[{"href":"https:\/\/ddz.de\/en\/wp-json\/wp\/v2\/pages\/23348","targetHints":{"allow":["GET"]}}],"collection":[{"href":"https:\/\/ddz.de\/en\/wp-json\/wp\/v2\/pages"}],"about":[{"href":"https:\/\/ddz.de\/en\/wp-json\/wp\/v2\/types\/page"}],"author":[{"embeddable":true,"href":"https:\/\/ddz.de\/en\/wp-json\/wp\/v2\/users\/1"}],"replies":[{"embeddable":true,"href":"https:\/\/ddz.de\/en\/wp-json\/wp\/v2\/comments?post=23348"}],"version-history":[{"count":38,"href":"https:\/\/ddz.de\/en\/wp-json\/wp\/v2\/pages\/23348\/revisions"}],"predecessor-version":[{"id":24964,"href":"https:\/\/ddz.de\/en\/wp-json\/wp\/v2\/pages\/23348\/revisions\/24964"}],"up":[{"embeddable":true,"href":"https:\/\/ddz.de\/en\/wp-json\/wp\/v2\/pages\/15013"}],"wp:featuredmedia":[{"embeddable":true,"href":"https:\/\/ddz.de\/en\/wp-json\/wp\/v2\/media\/23990"}],"wp:attachment":[{"href":"https:\/\/ddz.de\/en\/wp-json\/wp\/v2\/media?parent=23348"}],"wp:term":[{"taxonomy":"category","embeddable":true,"href":"https:\/\/ddz.de\/en\/wp-json\/wp\/v2\/categories?post=23348"},{"taxonomy":"post_tag","embeddable":true,"href":"https:\/\/ddz.de\/en\/wp-json\/wp\/v2\/tags?post=23348"}],"curies":[{"name":"wp","href":"https:\/\/api.w.org\/{rel}","templated":true}]}}