{"id":19765,"date":"2020-01-10T11:25:20","date_gmt":"2020-01-10T10:25:20","guid":{"rendered":"https:\/\/2020.ddz.de\/?page_id=19765"},"modified":"2023-01-09T01:16:14","modified_gmt":"2023-01-09T00:16:14","slug":"diabetes-uhr","status":"publish","type":"page","link":"https:\/\/ddz.de\/en\/diabetes-uhr\/","title":{"rendered":"Diabetes-Uhr"},"content":{"rendered":"<div class=\"wpb-content-wrapper\"><p>[vc_row][vc_column][vc_column_text]<\/p>\n<h1 class=\"post-title entry-title\">Anzahl der Menschen mit Typ-2-Diabetes steigt bis 2040 auf bis zu 12 Millionen<\/h1>\n<div class=\"post-meta\"><span class=\"meta-author meta-item\">Beitrag von Dipl.-Sportwiss. Julia Rommelfanger und Dr. rer. nat. Ralph Brinks<\/span><\/div>\n<p>[\/vc_column_text][vc_empty_space height=&#8221;40px&#8221;][vc_column_text]Aktuell leben je nach Sch\u00e4tzung mindestens 7,2 % der Bev\u00f6lkerung in Deutschland mit einer Diabetes-Erkrankung, die meisten davon mit Typ-2-Diabetes. Die Zahl der Erkrankten wird in den kommenden 2 Jahrzehnten deutlich ansteigen. Wissenschaftlerinnen und Wissenschaftler am Deutschen Diabetes-Zentrum (DDZ) und Robert-Koch-Institut (RKI) prognostizieren, dass in 20 Jahren bis zu 12 Millionen Menschen in Deutschland an Typ-2-Diabetes erkrankt sein k\u00f6nnten. Dies entspr\u00e4che einem Anstieg um bis zu 77 % im Zeitraum von 2015-2040.[\/vc_column_text][vc_empty_space height=&#8221;80px&#8221;][vc_column_text]<\/p>\n<h2><strong>Daten von 65 Millionen Versicherten untersucht<\/strong><\/h2>\n<p>Basierend auf den Daten von rund 65 Millionen gesetzlich Versicherten in Deutschland und des Statistischen Bundesamtes ver\u00f6ffentlichen die DDZ-Wissenschaftlerinnen und -Wissenschaftler mit ihren Kolleginnen und Kollegen vom RKI zum ersten Mal umfangreiche Hochrechnungen zur k\u00fcnftigen Zahl der Typ-2-Diabetes-F\u00e4lle in Deutschland f\u00fcr alle Altersgruppen. In ihren Berechnungen zur Entwicklung der Fallzahlen zwischen 2015 und 2040 wurden aktuelle Entwicklungen hinsichtlich neu auftretender F\u00e4lle, steigender Lebenserwartung und abnehmender Sterberate (Mortalit\u00e4tsrate) durch medizinischen Fortschritt mit einbezogen. Dadurch konnten sie die Fallzahlen exakter als in fr\u00fcheren Projektionsstudien berechnen.<\/p>\n<p>In vorherigen Prognosen wurden entweder nur bestimmte Altersgruppen ber\u00fccksichtigt oder zeitliche Entwicklungen zur Sterberate sowie zu neu auftretenden F\u00e4llen nicht mit eingerechnet. Die Berechnungen wurden im Rahmen des vom Bundesministerium f\u00fcr Gesundheit gef\u00f6rderten Aufbaus einer nationalen Diabetes-Surveillance durchgef\u00fchrt und k\u00fcrzlich in der Fachzeitschrift <em>Diabetic Medicine<\/em> ver\u00f6ffentlicht.[\/vc_column_text][vc_empty_space height=&#8221;80px&#8221;][vc_column_text]<\/p>\n<h2><strong>Nicht nur die Alterung der Bev\u00f6lkerung beeinflusst zuk\u00fcnftige Fallzahlen<\/strong><\/h2>\n<p>In der Kalkulation ergab die einfache Projektion der altersspezifischen Krankheitsh\u00e4ufigkeit in 2015 auf die wahrscheinliche Altersstruktur der Bev\u00f6lkerung in 2040 einen Anstieg der Diabetes-F\u00e4lle um 21 % auf 8,3 Millionen.<\/p>\n<p>Die Entwicklung der Altersstruktur allein zu ber\u00fccksichtigen reiche nicht aus, argumentieren die Wissenschaftlerinnen und Wissenschaftler am DDZ und RKI. Zus\u00e4tzlich m\u00fcsse ber\u00fccksichtigt werden, wie sich die Sterberate (Mortalit\u00e4tsrate) bei Menschen mit und ohne Typ-2-Diabetes sowie die Neuerkrankungsrate (Inzidenzrate), \u00fcber die Zeit ver\u00e4ndert. Daher wurden zur Berechnung der Zahl k\u00fcnftiger Diabetes-F\u00e4lle erstmalig folgende Gr\u00f6\u00dfen miteinander in Beziehung gesetzt:<\/p>\n<div style=\"padding: 15px; border: 1px solid #DDD; background-color: #eee;\">\n<p><strong>Pr\u00e4valenz<\/strong>: Die Krankheitsh\u00e4ufigkeit sagt aus, welcher Anteil der Menschen in Deutschland zu einem bestimmten Zeitpunkt an Diabetes erkrankt ist.<\/p>\n<p><strong>Inzidenzrate<\/strong>: Die Inzidenzrate gibt die Anzahl neu auftretender Diabetes-F\u00e4lle in Deutschland w\u00e4hrend einer bestimmten Zeit; beispielsweise in einem Jahr.<\/p>\n<p><strong>Mortalit\u00e4tsrate<\/strong>: Die Sterblichkeit f\u00fcr Menschen mit und ohne Diabetes.<\/p>\n<p><strong>Diabetesbezogene \u00dcbersterblichkeit: <\/strong>Verh\u00e4ltnis der Sterberaten bei Menschen mit im Vergleich zu Menschen ohne Diabetes.<\/p>\n<\/div>\n<p>&nbsp;<\/p>\n<p>Derzeit sind Sterberaten bei Menschen mit Diabetes auch in Deutschland noch etwa doppelt so hoch wie bei Menschen ohne Diabetes. Aufgrund des medizinischen Fortschritts mit besseren Behandlungsm\u00f6glichkeiten des Diabetes und seinen Folgeerkrankungen vermutet das Forschungsteam, dass k\u00fcnftig weniger Menschen mit Diabetes fr\u00fchzeitig sterben als das bislang der Fall war. Solche Trends sind bereits in anderen L\u00e4ndern beobachtet worden.<\/p>\n<p>Ganz entscheidend ist die zuk\u00fcnftige Entwicklung der Neuerkrankungsraten, die auch durch die Entwicklung wichtiger Diabetes-Risikofaktoren, wie etwa k\u00f6rperliche Inaktivit\u00e4t, Fehlern\u00e4hrung, Adipositas in der Bev\u00f6lkerung bestimmt wird.[\/vc_column_text][vc_empty_space height=&#8221;80px&#8221;][vc_column_text]<\/p>\n<h2><strong>Mehr als 10 Millionen Menschen mit Diabetes in 2040<\/strong><\/h2>\n<p>Unter Einbeziehung dieser 3 Gr\u00f6\u00dfen und einer steigenden Lebenserwartung errechneten die Wissenschaftlerinnen und Wissenschaftler am DDZ mit unterschiedlichen Annahmen f\u00fcr die Entwicklung der Neuerkrankungsrate (Inzidenz) und der diabetesbezogenen \u00dcbersterblichkeit eine relative Zunahme der Typ-2-Diabetes-F\u00e4lle um 54 % (+ 3,8 Millionen F\u00e4lle) bis 77 % (+ 5,4 Millionen F\u00e4lle) von 2015-2040. Das bedeutet: Im Jahr 2040 werden ihren Prognosen zufolge 10,7\u201112,3 Millionen Menschen von einer Typ-2-Diabetes-Erkrankung betroffen sein. Besonders stark nimmt die Zahl der \u00e4lteren Menschen mit Typ-2-Diabetes zu.[\/vc_column_text][vc_empty_space height=&#8221;80px&#8221;][vc_column_text]<\/p>\n<h2><strong>Fazit: Mehrbedarf an Diabetes-Spezialisten und Pr\u00e4ventionsma\u00dfnahmen<\/strong><\/h2>\n<p>Nach den Berechnungen des Forschungsteams am DDZ und RKI m\u00fcssen sich Praxen und Kliniken noch mehr als bisher angenommen auf die Behandlung von \u00e4lteren Menschen mit Typ-2-Diabetes einstellen. Diese Prognose erfordere mehr Expertinnen- und Expertenschulungen und die Einrichtung spezialisierter Zentren. Am st\u00e4rksten, so das Fazit des Forschungsteams von DDZ und RKI, h\u00e4ngt die k\u00fcnftige Fallzahl davon ab, wie viele Menschen in den n\u00e4chsten 2 Jahrzehnten tats\u00e4chlich neu an Diabetes erkranken werden. Das sei eine Gr\u00f6\u00dfe, die durch Pr\u00e4ventions- und Schulungsma\u00dfnahmen positiv beeinflusst werden k\u00f6nne.<\/p>\n<p>Sie k\u00f6nnen dabei auch selbst aktiv werden: ein gesunder Lebensstil mit ausgewogener Ern\u00e4hrung und ausreichend Bewegung beugt Typ-2-Diabetes vor.<\/p>\n<p>&nbsp;<\/p>\n<p><em>Quelle:<br \/>\n<\/em><a href=\"https:\/\/doi.org\/10.1111\/dme.13902\" target=\"_blank\" rel=\"noopener\"><em>T\u00f6nnies T et al. Projected number of people with diagnosed Type 2 diabetes in Germany in 2040. Diab Med 2019<\/em><\/a>[\/vc_column_text][\/vc_column][\/vc_row][vc_row][vc_column][vc_empty_space height=&#8221;80px&#8221;][\/vc_column][\/vc_row]<\/p>\n<\/div>","protected":false},"excerpt":{"rendered":"<p>[vc_row][vc_column][vc_column_text] Anzahl der Menschen mit Typ-2-Diabetes steigt bis 2040 auf bis zu 12 Millionen Beitrag von Dipl.-Sportwiss. Julia Rommelfanger und Dr. rer. nat. Ralph Brinks [\/vc_column_text][vc_empty_space height=&#8221;40px&#8221;][vc_column_text]Aktuell leben je nach [&hellip;]<\/p>\n","protected":false},"author":1,"featured_media":0,"parent":0,"menu_order":0,"comment_status":"closed","ping_status":"closed","template":"","meta":{"_acf_changed":false,"_FSMCFIC_featured_image_caption":"","_FSMCFIC_featured_image_nocaption":"","_FSMCFIC_featured_image_hide":"","footnotes":""},"categories":[],"tags":[],"class_list":["post-19765","page","type-page","status-publish","hentry"],"acf":{"ddz-icon":false,"attachments":false},"yoast_head":"<!-- This site is optimized with the Yoast SEO plugin v27.2 - https:\/\/yoast.com\/product\/yoast-seo-wordpress\/ -->\n<title>Diabetes-Uhr - Deutsches Diabetes-Zentrum (DDZ)<\/title>\n<meta name=\"robots\" content=\"index, follow, max-snippet:-1, max-image-preview:large, max-video-preview:-1\" \/>\n<link rel=\"canonical\" href=\"https:\/\/ddz.de\/en\/diabetes-uhr\/\" \/>\n<meta property=\"og:locale\" content=\"en_US\" \/>\n<meta property=\"og:type\" content=\"article\" \/>\n<meta property=\"og:title\" content=\"Diabetes-Uhr - Deutsches Diabetes-Zentrum (DDZ)\" \/>\n<meta property=\"og:description\" content=\"[vc_row][vc_column][vc_column_text] Anzahl der Menschen mit Typ-2-Diabetes steigt bis 2040 auf bis zu 12 Millionen Beitrag von Dipl.-Sportwiss. Julia Rommelfanger und Dr. rer. nat. Ralph Brinks [\/vc_column_text][vc_empty_space height=&#8221;40px&#8221;][vc_column_text]Aktuell leben je nach [&hellip;]\" \/>\n<meta property=\"og:url\" content=\"https:\/\/ddz.de\/en\/diabetes-uhr\/\" \/>\n<meta property=\"og:site_name\" content=\"Deutsches Diabetes-Zentrum (DDZ)\" \/>\n<meta property=\"article:publisher\" content=\"https:\/\/www.facebook.com\/diabetesinformationsdienst\/\" \/>\n<meta property=\"article:modified_time\" content=\"2023-01-09T00:16:14+00:00\" \/>\n<meta property=\"og:image\" content=\"https:\/\/ddz.de\/wp-content\/uploads\/ddz-og-image.png\" \/>\n\t<meta property=\"og:image:width\" content=\"222\" \/>\n\t<meta property=\"og:image:height\" content=\"222\" \/>\n\t<meta property=\"og:image:type\" content=\"image\/png\" \/>\n<meta name=\"twitter:card\" content=\"summary_large_image\" \/>\n<meta name=\"twitter:site\" content=\"@ddz_info\" \/>\n<meta name=\"twitter:label1\" content=\"Est. reading time\" \/>\n\t<meta name=\"twitter:data1\" content=\"4 minutes\" \/>\n<script type=\"application\/ld+json\" class=\"yoast-schema-graph\">{\"@context\":\"https:\/\/schema.org\",\"@graph\":[{\"@type\":\"WebPage\",\"@id\":\"https:\/\/ddz.de\/en\/diabetes-uhr\/\",\"url\":\"https:\/\/ddz.de\/en\/diabetes-uhr\/\",\"name\":\"Diabetes-Uhr - Deutsches Diabetes-Zentrum (DDZ)\",\"isPartOf\":{\"@id\":\"https:\/\/ddz.de\/en\/#website\"},\"datePublished\":\"2020-01-10T10:25:20+00:00\",\"dateModified\":\"2023-01-09T00:16:14+00:00\",\"breadcrumb\":{\"@id\":\"https:\/\/ddz.de\/en\/diabetes-uhr\/#breadcrumb\"},\"inLanguage\":\"en-US\",\"potentialAction\":[{\"@type\":\"ReadAction\",\"target\":[\"https:\/\/ddz.de\/en\/diabetes-uhr\/\"]}]},{\"@type\":\"BreadcrumbList\",\"@id\":\"https:\/\/ddz.de\/en\/diabetes-uhr\/#breadcrumb\",\"itemListElement\":[{\"@type\":\"ListItem\",\"position\":1,\"name\":\"Startseite\",\"item\":\"https:\/\/ddz.de\/en\/\"},{\"@type\":\"ListItem\",\"position\":2,\"name\":\"Diabetes-Uhr\"}]},{\"@type\":\"WebSite\",\"@id\":\"https:\/\/ddz.de\/en\/#website\",\"url\":\"https:\/\/ddz.de\/en\/\",\"name\":\"Deutsches Diabetes-Zentrum (DDZ)\",\"description\":\"Diabetes erforschen - Menschen helfen\",\"publisher\":{\"@id\":\"https:\/\/ddz.de\/en\/#organization\"},\"potentialAction\":[{\"@type\":\"SearchAction\",\"target\":{\"@type\":\"EntryPoint\",\"urlTemplate\":\"https:\/\/ddz.de\/en\/?s={search_term_string}\"},\"query-input\":{\"@type\":\"PropertyValueSpecification\",\"valueRequired\":true,\"valueName\":\"search_term_string\"}}],\"inLanguage\":\"en-US\"},{\"@type\":\"Organization\",\"@id\":\"https:\/\/ddz.de\/en\/#organization\",\"name\":\"Deutsches Diabetes-Zentrum (DDZ)\",\"url\":\"https:\/\/ddz.de\/en\/\",\"logo\":{\"@type\":\"ImageObject\",\"inLanguage\":\"en-US\",\"@id\":\"https:\/\/ddz.de\/en\/#\/schema\/logo\/image\/\",\"url\":\"https:\/\/ddz.de\/wp-content\/uploads\/ddz_logo_de.png\",\"contentUrl\":\"https:\/\/ddz.de\/wp-content\/uploads\/ddz_logo_de.png\",\"width\":640,\"height\":226,\"caption\":\"Deutsches Diabetes-Zentrum (DDZ)\"},\"image\":{\"@id\":\"https:\/\/ddz.de\/en\/#\/schema\/logo\/image\/\"},\"sameAs\":[\"https:\/\/www.facebook.com\/diabetesinformationsdienst\/\",\"https:\/\/x.com\/ddz_info\",\"https:\/\/www.youtube.com\/channel\/UCNxwshEljrBJXPri-w9IiLg\"]}]}<\/script>\n<!-- \/ Yoast SEO plugin. -->","yoast_head_json":{"title":"Diabetes-Uhr - Deutsches Diabetes-Zentrum (DDZ)","robots":{"index":"index","follow":"follow","max-snippet":"max-snippet:-1","max-image-preview":"max-image-preview:large","max-video-preview":"max-video-preview:-1"},"canonical":"https:\/\/ddz.de\/en\/diabetes-uhr\/","og_locale":"en_US","og_type":"article","og_title":"Diabetes-Uhr - Deutsches Diabetes-Zentrum (DDZ)","og_description":"[vc_row][vc_column][vc_column_text] Anzahl der Menschen mit Typ-2-Diabetes steigt bis 2040 auf bis zu 12 Millionen Beitrag von Dipl.-Sportwiss. Julia Rommelfanger und Dr. rer. nat. Ralph Brinks [\/vc_column_text][vc_empty_space height=&#8221;40px&#8221;][vc_column_text]Aktuell leben je nach [&hellip;]","og_url":"https:\/\/ddz.de\/en\/diabetes-uhr\/","og_site_name":"Deutsches Diabetes-Zentrum (DDZ)","article_publisher":"https:\/\/www.facebook.com\/diabetesinformationsdienst\/","article_modified_time":"2023-01-09T00:16:14+00:00","og_image":[{"width":222,"height":222,"url":"https:\/\/ddz.de\/wp-content\/uploads\/ddz-og-image.png","type":"image\/png"}],"twitter_card":"summary_large_image","twitter_site":"@ddz_info","twitter_misc":{"Est. reading time":"4 minutes"},"schema":{"@context":"https:\/\/schema.org","@graph":[{"@type":"WebPage","@id":"https:\/\/ddz.de\/en\/diabetes-uhr\/","url":"https:\/\/ddz.de\/en\/diabetes-uhr\/","name":"Diabetes-Uhr - Deutsches Diabetes-Zentrum (DDZ)","isPartOf":{"@id":"https:\/\/ddz.de\/en\/#website"},"datePublished":"2020-01-10T10:25:20+00:00","dateModified":"2023-01-09T00:16:14+00:00","breadcrumb":{"@id":"https:\/\/ddz.de\/en\/diabetes-uhr\/#breadcrumb"},"inLanguage":"en-US","potentialAction":[{"@type":"ReadAction","target":["https:\/\/ddz.de\/en\/diabetes-uhr\/"]}]},{"@type":"BreadcrumbList","@id":"https:\/\/ddz.de\/en\/diabetes-uhr\/#breadcrumb","itemListElement":[{"@type":"ListItem","position":1,"name":"Startseite","item":"https:\/\/ddz.de\/en\/"},{"@type":"ListItem","position":2,"name":"Diabetes-Uhr"}]},{"@type":"WebSite","@id":"https:\/\/ddz.de\/en\/#website","url":"https:\/\/ddz.de\/en\/","name":"Deutsches Diabetes-Zentrum (DDZ)","description":"Diabetes erforschen - Menschen helfen","publisher":{"@id":"https:\/\/ddz.de\/en\/#organization"},"potentialAction":[{"@type":"SearchAction","target":{"@type":"EntryPoint","urlTemplate":"https:\/\/ddz.de\/en\/?s={search_term_string}"},"query-input":{"@type":"PropertyValueSpecification","valueRequired":true,"valueName":"search_term_string"}}],"inLanguage":"en-US"},{"@type":"Organization","@id":"https:\/\/ddz.de\/en\/#organization","name":"Deutsches Diabetes-Zentrum (DDZ)","url":"https:\/\/ddz.de\/en\/","logo":{"@type":"ImageObject","inLanguage":"en-US","@id":"https:\/\/ddz.de\/en\/#\/schema\/logo\/image\/","url":"https:\/\/ddz.de\/wp-content\/uploads\/ddz_logo_de.png","contentUrl":"https:\/\/ddz.de\/wp-content\/uploads\/ddz_logo_de.png","width":640,"height":226,"caption":"Deutsches Diabetes-Zentrum (DDZ)"},"image":{"@id":"https:\/\/ddz.de\/en\/#\/schema\/logo\/image\/"},"sameAs":["https:\/\/www.facebook.com\/diabetesinformationsdienst\/","https:\/\/x.com\/ddz_info","https:\/\/www.youtube.com\/channel\/UCNxwshEljrBJXPri-w9IiLg"]}]}},"_links":{"self":[{"href":"https:\/\/ddz.de\/en\/wp-json\/wp\/v2\/pages\/19765","targetHints":{"allow":["GET"]}}],"collection":[{"href":"https:\/\/ddz.de\/en\/wp-json\/wp\/v2\/pages"}],"about":[{"href":"https:\/\/ddz.de\/en\/wp-json\/wp\/v2\/types\/page"}],"author":[{"embeddable":true,"href":"https:\/\/ddz.de\/en\/wp-json\/wp\/v2\/users\/1"}],"replies":[{"embeddable":true,"href":"https:\/\/ddz.de\/en\/wp-json\/wp\/v2\/comments?post=19765"}],"version-history":[{"count":22,"href":"https:\/\/ddz.de\/en\/wp-json\/wp\/v2\/pages\/19765\/revisions"}],"predecessor-version":[{"id":22795,"href":"https:\/\/ddz.de\/en\/wp-json\/wp\/v2\/pages\/19765\/revisions\/22795"}],"wp:attachment":[{"href":"https:\/\/ddz.de\/en\/wp-json\/wp\/v2\/media?parent=19765"}],"wp:term":[{"taxonomy":"category","embeddable":true,"href":"https:\/\/ddz.de\/en\/wp-json\/wp\/v2\/categories?post=19765"},{"taxonomy":"post_tag","embeddable":true,"href":"https:\/\/ddz.de\/en\/wp-json\/wp\/v2\/tags?post=19765"}],"curies":[{"name":"wp","href":"https:\/\/api.w.org\/{rel}","templated":true}]}}