{"id":19745,"date":"2020-01-09T15:12:19","date_gmt":"2020-01-09T14:12:19","guid":{"rendered":"https:\/\/2020.ddz.de\/?page_id=19745"},"modified":"2023-01-09T01:30:45","modified_gmt":"2023-01-09T00:30:45","slug":"diabetes-cockpit","status":"publish","type":"page","link":"https:\/\/ddz.de\/en\/diabetes-cockpit\/","title":{"rendered":"Diabetes-Cockpit"},"content":{"rendered":"<div class=\"wpb-content-wrapper\"><p>[vc_row el_class=&#8221;distance-top&#8221; css=&#8221;.vc_custom_1578582445743{padding: 20px !important;background-color: #ffffff !important;}&#8221;][vc_column][vc_column_text]<\/p>\n<h2 class=\"section-title default-style\"><span class=\"the-section-title\">BMI, Blutdruck, Blutzucker bewerten<\/span><\/h2>\n<p>Das Diabetes-Cockpit f\u00fcr BMI, Blutdruck und Blutglukosewert bietet auf einen Blick eine Hilfestellung f\u00fcr die Einsch\u00e4tzung des Gesundheitszustands und individuellen Diabetes-Risikos.[\/vc_column_text][\/vc_column][\/vc_row][vc_row el_class=&#8221;distance-top cockpit-container&#8221; css=&#8221;.vc_custom_1673223982612{margin-top: 40px !important;}&#8221;][vc_column][vc_raw_html]JTVCY29ja3BpdCU1RA==[\/vc_raw_html][\/vc_column][\/vc_row][vc_row el_class=&#8221;distance-top&#8221; css=&#8221;.vc_custom_1578582445743{padding: 20px !important;background-color: #ffffff !important;}&#8221;][vc_column][vc_column_text]<\/p>\n<div class=\"mag-box-container clearfix\">\n<div class=\"entry\">\n<h2>Diabetes-Cockpit integriert BMI-Tabelle und BMI-Rechner<\/h2>\n<p>Mit Hilfe des Diabetes-Cockpits k\u00f6nnen Sie ganz einfach Ihren BMI-Wert berechnen und bewerten. Ihr pers\u00f6nlicher Body-Mass-Index wird nach der Eingabe von K\u00f6rpergewicht und K\u00f6rpergr\u00f6\u00dfe auf der analogen Skala angezeigt. Im Vergleich zu einem herk\u00f6mmlichen BMI-Rechner kann zus\u00e4tzlich abgelesen werden, ob sich der\u00a0 BMI-Wert im unteren, mittleren oder oberen Bereich des Skalenabschnitts befindet.<\/p>\n<\/div>\n<\/div>\n<p>[\/vc_column_text][vc_empty_space height=&#8221;40px&#8221;][vc_column_text]<\/p>\n<div class=\"mag-box-container clearfix\">\n<div class=\"entry\">\n<h2>Hilfe bei der Bewertung von Blutdruck Messwerten<\/h2>\n<p>Eine Blutdruck-Messung liefert immer einen oberen (systolischen) und einen unteren (diastolischen) Messwert. Das Diabetes-Cockpit zeigt Ihnen an, ob die Messwerte auf einen normalen oder erh\u00f6hten Blutdruck hin deuten.<\/p>\n<\/div>\n<\/div>\n<p>[\/vc_column_text][vc_empty_space height=&#8221;40px&#8221;][vc_column_text]<\/p>\n<div class=\"mag-box-container clearfix\">\n<div class=\"entry\">\n<h2>Blutzucker anhand von HbA1c, NPG oder OGTT Messwerten bewerten<\/h2>\n<p>Eine Blutzucker-Bewertung kann anhand von HbA1c (Langzeitblutzuckerwert), NPG (N\u00fcchternplasmaglukose) oder 2-Stunden OGTT (oraler Glukose-Toleranz-Test) Messwerten durchgef\u00fchrt werden. Anhand des Ergebnisses l\u00e4\u00dft sich das pers\u00f6nliche Diabetes-Risiko einsch\u00e4tzen.<\/p>\n<\/div>\n<div class=\"clearfix\"><\/div>\n<\/div>\n<p>[\/vc_column_text][\/vc_column][\/vc_row][vc_row][vc_column][vc_empty_space height=&#8221;80px&#8221;][\/vc_column][\/vc_row]<\/p>\n<\/div>","protected":false},"excerpt":{"rendered":"<p>[vc_row el_class=&#8221;distance-top&#8221; css=&#8221;.vc_custom_1578582445743{padding: 20px !important;background-color: #ffffff !important;}&#8221;][vc_column][vc_column_text] BMI, Blutdruck, Blutzucker bewerten Das Diabetes-Cockpit f\u00fcr BMI, Blutdruck und Blutglukosewert bietet auf einen Blick eine Hilfestellung f\u00fcr die Einsch\u00e4tzung des Gesundheitszustands und [&hellip;]<\/p>\n","protected":false},"author":1,"featured_media":0,"parent":0,"menu_order":0,"comment_status":"closed","ping_status":"closed","template":"","meta":{"_acf_changed":false,"_FSMCFIC_featured_image_caption":"","_FSMCFIC_featured_image_nocaption":"","_FSMCFIC_featured_image_hide":"","footnotes":""},"categories":[],"tags":[],"class_list":["post-19745","page","type-page","status-publish","hentry"],"acf":{"ddz-icon":false,"attachments":false},"yoast_head":"<!-- This site is optimized with the Yoast SEO plugin v27.2 - https:\/\/yoast.com\/product\/yoast-seo-wordpress\/ -->\n<title>Diabetes-Cockpit - Deutsches Diabetes-Zentrum (DDZ)<\/title>\n<meta name=\"robots\" content=\"index, follow, max-snippet:-1, max-image-preview:large, max-video-preview:-1\" \/>\n<link rel=\"canonical\" href=\"https:\/\/ddz.de\/en\/diabetes-cockpit\/\" \/>\n<meta property=\"og:locale\" content=\"en_US\" \/>\n<meta property=\"og:type\" content=\"article\" \/>\n<meta property=\"og:title\" content=\"Diabetes-Cockpit - Deutsches Diabetes-Zentrum (DDZ)\" \/>\n<meta property=\"og:description\" content=\"[vc_row el_class=&#8221;distance-top&#8221; css=&#8221;.vc_custom_1578582445743{padding: 20px !important;background-color: #ffffff !important;}&#8221;][vc_column][vc_column_text] BMI, Blutdruck, Blutzucker bewerten Das Diabetes-Cockpit f\u00fcr BMI, Blutdruck und Blutglukosewert bietet auf einen Blick eine Hilfestellung f\u00fcr die Einsch\u00e4tzung des Gesundheitszustands und [&hellip;]\" \/>\n<meta property=\"og:url\" content=\"https:\/\/ddz.de\/en\/diabetes-cockpit\/\" \/>\n<meta property=\"og:site_name\" content=\"Deutsches Diabetes-Zentrum (DDZ)\" \/>\n<meta property=\"article:publisher\" content=\"https:\/\/www.facebook.com\/diabetesinformationsdienst\/\" \/>\n<meta property=\"article:modified_time\" content=\"2023-01-09T00:30:45+00:00\" \/>\n<meta property=\"og:image\" content=\"https:\/\/ddz.de\/wp-content\/uploads\/ddz-og-image.png\" \/>\n\t<meta property=\"og:image:width\" content=\"222\" \/>\n\t<meta property=\"og:image:height\" content=\"222\" \/>\n\t<meta property=\"og:image:type\" content=\"image\/png\" \/>\n<meta name=\"twitter:card\" content=\"summary_large_image\" \/>\n<meta name=\"twitter:site\" content=\"@ddz_info\" \/>\n<meta name=\"twitter:label1\" content=\"Est. reading time\" \/>\n\t<meta name=\"twitter:data1\" content=\"1 minute\" \/>\n<script type=\"application\/ld+json\" class=\"yoast-schema-graph\">{\"@context\":\"https:\/\/schema.org\",\"@graph\":[{\"@type\":\"WebPage\",\"@id\":\"https:\/\/ddz.de\/en\/diabetes-cockpit\/\",\"url\":\"https:\/\/ddz.de\/en\/diabetes-cockpit\/\",\"name\":\"Diabetes-Cockpit - Deutsches Diabetes-Zentrum (DDZ)\",\"isPartOf\":{\"@id\":\"https:\/\/ddz.de\/en\/#website\"},\"datePublished\":\"2020-01-09T14:12:19+00:00\",\"dateModified\":\"2023-01-09T00:30:45+00:00\",\"breadcrumb\":{\"@id\":\"https:\/\/ddz.de\/en\/diabetes-cockpit\/#breadcrumb\"},\"inLanguage\":\"en-US\",\"potentialAction\":[{\"@type\":\"ReadAction\",\"target\":[\"https:\/\/ddz.de\/en\/diabetes-cockpit\/\"]}]},{\"@type\":\"BreadcrumbList\",\"@id\":\"https:\/\/ddz.de\/en\/diabetes-cockpit\/#breadcrumb\",\"itemListElement\":[{\"@type\":\"ListItem\",\"position\":1,\"name\":\"Startseite\",\"item\":\"https:\/\/ddz.de\/en\/\"},{\"@type\":\"ListItem\",\"position\":2,\"name\":\"Diabetes-Cockpit\"}]},{\"@type\":\"WebSite\",\"@id\":\"https:\/\/ddz.de\/en\/#website\",\"url\":\"https:\/\/ddz.de\/en\/\",\"name\":\"Deutsches Diabetes-Zentrum (DDZ)\",\"description\":\"Diabetes erforschen - Menschen helfen\",\"publisher\":{\"@id\":\"https:\/\/ddz.de\/en\/#organization\"},\"potentialAction\":[{\"@type\":\"SearchAction\",\"target\":{\"@type\":\"EntryPoint\",\"urlTemplate\":\"https:\/\/ddz.de\/en\/?s={search_term_string}\"},\"query-input\":{\"@type\":\"PropertyValueSpecification\",\"valueRequired\":true,\"valueName\":\"search_term_string\"}}],\"inLanguage\":\"en-US\"},{\"@type\":\"Organization\",\"@id\":\"https:\/\/ddz.de\/en\/#organization\",\"name\":\"Deutsches Diabetes-Zentrum (DDZ)\",\"url\":\"https:\/\/ddz.de\/en\/\",\"logo\":{\"@type\":\"ImageObject\",\"inLanguage\":\"en-US\",\"@id\":\"https:\/\/ddz.de\/en\/#\/schema\/logo\/image\/\",\"url\":\"https:\/\/ddz.de\/wp-content\/uploads\/ddz_logo_de.png\",\"contentUrl\":\"https:\/\/ddz.de\/wp-content\/uploads\/ddz_logo_de.png\",\"width\":640,\"height\":226,\"caption\":\"Deutsches Diabetes-Zentrum (DDZ)\"},\"image\":{\"@id\":\"https:\/\/ddz.de\/en\/#\/schema\/logo\/image\/\"},\"sameAs\":[\"https:\/\/www.facebook.com\/diabetesinformationsdienst\/\",\"https:\/\/x.com\/ddz_info\",\"https:\/\/www.youtube.com\/channel\/UCNxwshEljrBJXPri-w9IiLg\"]}]}<\/script>\n<!-- \/ Yoast SEO plugin. -->","yoast_head_json":{"title":"Diabetes-Cockpit - Deutsches Diabetes-Zentrum (DDZ)","robots":{"index":"index","follow":"follow","max-snippet":"max-snippet:-1","max-image-preview":"max-image-preview:large","max-video-preview":"max-video-preview:-1"},"canonical":"https:\/\/ddz.de\/en\/diabetes-cockpit\/","og_locale":"en_US","og_type":"article","og_title":"Diabetes-Cockpit - Deutsches Diabetes-Zentrum (DDZ)","og_description":"[vc_row el_class=&#8221;distance-top&#8221; css=&#8221;.vc_custom_1578582445743{padding: 20px !important;background-color: #ffffff !important;}&#8221;][vc_column][vc_column_text] BMI, Blutdruck, Blutzucker bewerten Das Diabetes-Cockpit f\u00fcr BMI, Blutdruck und Blutglukosewert bietet auf einen Blick eine Hilfestellung f\u00fcr die Einsch\u00e4tzung des Gesundheitszustands und [&hellip;]","og_url":"https:\/\/ddz.de\/en\/diabetes-cockpit\/","og_site_name":"Deutsches Diabetes-Zentrum (DDZ)","article_publisher":"https:\/\/www.facebook.com\/diabetesinformationsdienst\/","article_modified_time":"2023-01-09T00:30:45+00:00","og_image":[{"width":222,"height":222,"url":"https:\/\/ddz.de\/wp-content\/uploads\/ddz-og-image.png","type":"image\/png"}],"twitter_card":"summary_large_image","twitter_site":"@ddz_info","twitter_misc":{"Est. reading time":"1 minute"},"schema":{"@context":"https:\/\/schema.org","@graph":[{"@type":"WebPage","@id":"https:\/\/ddz.de\/en\/diabetes-cockpit\/","url":"https:\/\/ddz.de\/en\/diabetes-cockpit\/","name":"Diabetes-Cockpit - Deutsches Diabetes-Zentrum (DDZ)","isPartOf":{"@id":"https:\/\/ddz.de\/en\/#website"},"datePublished":"2020-01-09T14:12:19+00:00","dateModified":"2023-01-09T00:30:45+00:00","breadcrumb":{"@id":"https:\/\/ddz.de\/en\/diabetes-cockpit\/#breadcrumb"},"inLanguage":"en-US","potentialAction":[{"@type":"ReadAction","target":["https:\/\/ddz.de\/en\/diabetes-cockpit\/"]}]},{"@type":"BreadcrumbList","@id":"https:\/\/ddz.de\/en\/diabetes-cockpit\/#breadcrumb","itemListElement":[{"@type":"ListItem","position":1,"name":"Startseite","item":"https:\/\/ddz.de\/en\/"},{"@type":"ListItem","position":2,"name":"Diabetes-Cockpit"}]},{"@type":"WebSite","@id":"https:\/\/ddz.de\/en\/#website","url":"https:\/\/ddz.de\/en\/","name":"Deutsches Diabetes-Zentrum (DDZ)","description":"Diabetes erforschen - Menschen helfen","publisher":{"@id":"https:\/\/ddz.de\/en\/#organization"},"potentialAction":[{"@type":"SearchAction","target":{"@type":"EntryPoint","urlTemplate":"https:\/\/ddz.de\/en\/?s={search_term_string}"},"query-input":{"@type":"PropertyValueSpecification","valueRequired":true,"valueName":"search_term_string"}}],"inLanguage":"en-US"},{"@type":"Organization","@id":"https:\/\/ddz.de\/en\/#organization","name":"Deutsches Diabetes-Zentrum (DDZ)","url":"https:\/\/ddz.de\/en\/","logo":{"@type":"ImageObject","inLanguage":"en-US","@id":"https:\/\/ddz.de\/en\/#\/schema\/logo\/image\/","url":"https:\/\/ddz.de\/wp-content\/uploads\/ddz_logo_de.png","contentUrl":"https:\/\/ddz.de\/wp-content\/uploads\/ddz_logo_de.png","width":640,"height":226,"caption":"Deutsches Diabetes-Zentrum (DDZ)"},"image":{"@id":"https:\/\/ddz.de\/en\/#\/schema\/logo\/image\/"},"sameAs":["https:\/\/www.facebook.com\/diabetesinformationsdienst\/","https:\/\/x.com\/ddz_info","https:\/\/www.youtube.com\/channel\/UCNxwshEljrBJXPri-w9IiLg"]}]}},"_links":{"self":[{"href":"https:\/\/ddz.de\/en\/wp-json\/wp\/v2\/pages\/19745","targetHints":{"allow":["GET"]}}],"collection":[{"href":"https:\/\/ddz.de\/en\/wp-json\/wp\/v2\/pages"}],"about":[{"href":"https:\/\/ddz.de\/en\/wp-json\/wp\/v2\/types\/page"}],"author":[{"embeddable":true,"href":"https:\/\/ddz.de\/en\/wp-json\/wp\/v2\/users\/1"}],"replies":[{"embeddable":true,"href":"https:\/\/ddz.de\/en\/wp-json\/wp\/v2\/comments?post=19745"}],"version-history":[{"count":19,"href":"https:\/\/ddz.de\/en\/wp-json\/wp\/v2\/pages\/19745\/revisions"}],"predecessor-version":[{"id":22802,"href":"https:\/\/ddz.de\/en\/wp-json\/wp\/v2\/pages\/19745\/revisions\/22802"}],"wp:attachment":[{"href":"https:\/\/ddz.de\/en\/wp-json\/wp\/v2\/media?parent=19745"}],"wp:term":[{"taxonomy":"category","embeddable":true,"href":"https:\/\/ddz.de\/en\/wp-json\/wp\/v2\/categories?post=19745"},{"taxonomy":"post_tag","embeddable":true,"href":"https:\/\/ddz.de\/en\/wp-json\/wp\/v2\/tags?post=19745"}],"curies":[{"name":"wp","href":"https:\/\/api.w.org\/{rel}","templated":true}]}}