{"id":18742,"date":"2019-11-21T16:46:49","date_gmt":"2019-11-21T15:46:49","guid":{"rendered":"https:\/\/2020.ddz.de\/?page_id=18742"},"modified":"2024-07-26T10:53:42","modified_gmt":"2024-07-26T08:53:42","slug":"how-to-find-us","status":"publish","type":"page","link":"https:\/\/ddz.de\/en\/how-to-find-us\/","title":{"rendered":"How to find us"},"content":{"rendered":"<div class=\"wpb-content-wrapper\"><p>[vc_row][vc_column][vc_empty_space][vc_column_text]<\/p>\n<h2><strong>Address<\/strong><\/h2>\n<p><strong>German Diabetes-Center (DDZ)<\/strong><br \/>\nAuf\u2019m Hennekamp 65<br \/>\n40225 D\u00fcsseldorf<\/p>\n<p>Karte: <a href=\"https:\/\/goo.gl\/maps\/oSERZpZyAsestPiM9\" target=\"_blank\" rel=\"noopener noreferrer\">Google Maps<\/a> <a href=\"https:\/\/www.openstreetmap.de\/karte.html?zoom=17&amp;lat=51.20487&amp;lon=6.78777&amp;layers=B000\" target=\"_blank\" rel=\"noopener noreferrer\">OpenStreetMap<\/a>[\/vc_column_text][\/vc_column][\/vc_row][vc_row css=&#8221;.vc_custom_1551970064482{margin-top: 100px !important;}&#8221;][vc_column][vc_tta_tabs][vc_tta_section i_type=&#8221;entypo&#8221; i_icon_entypo=&#8221;entypo-icon entypo-icon-ticket&#8221; add_icon=&#8221;true&#8221; title=&#8221;Arrival by public transport&#8221; tab_id=&#8221;1551969573331-00950b84-133b&#8221;][vc_column_text]<\/p>\n<h2>Arrival by public transport<\/h2>\n<p><strong>For the timetable, please visit the homepage of <a href=\"https:\/\/www.vrr.de\/de\/startseite\/\">VRR D\u00fcsseldorf<\/a> or <a href=\"https:\/\/www.google.com\/maps\/place\/Auf'm+Hennekamp+65,+40225+D%C3%BCsseldorf\/@51.2048779,6.7854713,17z\/data=!3m1!4b1!4m5!3m4!1s0x47b8ca4faf7885ff:0xa7503694997a917f!8m2!3d51.2048746!4d6.78766\">GoogleMaps<\/a>. The DDZ is close to the bus and tram stop \u201eAufm Hennekamp\u201c, 200m walk to DDZ), as well as the tram stop Redinghofstra\u00dfe (50m walk to DDZ).<\/strong><\/p>\n<h3>From central station<\/h3>\n<p>Line S6 (direction Cologne) or line S1 (direction Solingen) to stop &#8220;Volksgarten S&#8221;, exit Kruppstra\u00dfe. From there, take the line 706 (direction Am Steinberg) to the next stop &#8220;Redinghovenstra\u00dfe&#8221; (the stop is by DDZ) , Alternatively, about 7 minutes walk from the S-Bahn station &#8220;Volksgarten S&#8221; to the DDZ.<\/p>\n<p>Line S8 (direction M\u00f6nchengladbach Hbf) to the stop &#8220;Bilk S&#8221;, from there take the line U71 \/ U83 (direction Benrath Btf) or the line U73 (direction D-Uni east \/ Botanischer Garten) to the stop &#8220;Auf&#8217;m Hennekamp&#8221;. From there, turn left to the DDZ 200m walk.<\/p>\n<p>Alternatively, take tram 704 (direction D-Uni Nord \/ Christoph., Schl.) To the stop &#8220;Auf&#8217;m Hennekamp&#8221;, from there turn left to the DDZ 200m walk.<\/p>\n<h3>From the airport<\/h3>\n<p>From airport train station (terminal) take the S-Bahn S1 direction Solingen to the stop &#8220;Volksgarten S&#8221;, then take the tram line 706 (direction Am Steinberg) to the stop &#8220;Redinghovenstra\u00dfe&#8221;. Alternatively about 7 minutes walk from the S-Bahn station &#8220;Volksgarten S&#8221; to the DDZ.[\/vc_column_text][\/vc_tta_section][vc_tta_section i_icon_fontawesome=&#8221;fa fa-car&#8221; add_icon=&#8221;true&#8221; title=&#8221;Arrival by car&#8221; tab_id=&#8221;1551969573361-a3550837-647f&#8221;][vc_column_text]<\/p>\n<h2>Arrival by car<\/h2>\n<p><strong>Free parking is available at the DDZ car park.<\/strong><\/p>\n<p><a href=\"https:\/\/www.google.com\/maps\/dir\/51.2073728,6.7919872\/ddz\/@51.2062503,6.7873353,17z\/data=!3m1!4b1!4m9!4m8!1m1!4e1!1m5!1m1!1s0x47b8ca4fbb51634f:0x8ff575a6d7dc06ac!2m2!1d6.787322!2d51.20482\"><strong>Find directions<\/strong><\/a><\/p>\n<h3><\/h3>\n<h3>Via the A3 from Oberhausen or Frankfurt \/ Munich<\/h3>\n<ul>\n<li>at the interchange Hilden change to the A46 towards D\u00fcsseldorf \/ Neuss<\/li>\n<li>Departure D\u00fcsseldorf-Zentrum (departure immediately after the first tunnel, not in the tunnel)<\/li>\n<li>Stay on the Werstener or Witzelstra\u00dfe<\/li>\n<li>Turn right at the fourth traffic light<\/li>\n<li>After approx. 250m the destination is on the right side<\/li>\n<\/ul>\n<h3>Via the A59 from Leverkusen \/ Cologne<\/h3>\n<ul>\n<li>At the interchange D\u00fcsseldorf-S\u00fcd change to the A 46 in the direction of D\u00fcsseldorf \/ Neuss<\/li>\n<li>Departure D\u00fcsseldorf-Zentrum (departure immediately after the first tunnel, not in the tunnel)<\/li>\n<li>Further directions, see above<\/li>\n<\/ul>\n<h3>Via the A57 from Cologne<\/h3>\n<ul>\n<li>at the interchange Neuss-S\u00fcd change to the A46 in the direction of D\u00fcsseldorf \/ Wuppertal<\/li>\n<li>Exit D\u00fcsseldorf-Bilk, keep right at the traffic light, turn right at the next traffic light, turn half right into the Kopernikusstra\u00dfe, which turns into the street Auf&#8217;m Hennekamp<\/li>\n<li>After approx. 1 km, the destination is on the right side<\/li>\n<\/ul>\n<p>[\/vc_column_text][\/vc_tta_section][\/vc_tta_tabs][\/vc_column][\/vc_row][vc_row full_width=&#8221;stretch_row_content_no_spaces&#8221; content_placement=&#8221;bottom&#8221; css=&#8221;.vc_custom_1551970074677{margin-top: 100px !important;margin-bottom: 0px !important;border-bottom-width: 0px !important;padding-bottom: 0px !important;}&#8221;][vc_column][vc_single_image image=&#8221;24423&#8243; img_size=&#8221;full&#8221; css=&#8221;.vc_custom_1721984019896{margin-top: 0px !important;margin-bottom: 0px !important;border-top-width: 0px !important;border-bottom-width: 0px !important;padding-top: 0px !important;padding-bottom: 0px !important;}&#8221;][\/vc_column][\/vc_row]<\/p>\n<\/div>","protected":false},"excerpt":{"rendered":"<p>[vc_row][vc_column][vc_empty_space][vc_column_text] Address German Diabetes-Center (DDZ) Auf\u2019m Hennekamp 65 40225 D\u00fcsseldorf Karte: Google Maps OpenStreetMap[\/vc_column_text][\/vc_column][\/vc_row][vc_row css=&#8221;.vc_custom_1551970064482{margin-top: 100px !important;}&#8221;][vc_column][vc_tta_tabs][vc_tta_section i_type=&#8221;entypo&#8221; i_icon_entypo=&#8221;entypo-icon entypo-icon-ticket&#8221; add_icon=&#8221;true&#8221; title=&#8221;Arrival by public transport&#8221; tab_id=&#8221;1551969573331-00950b84-133b&#8221;][vc_column_text] Arrival by public transport [&hellip;]<\/p>\n","protected":false},"author":1,"featured_media":0,"parent":0,"menu_order":0,"comment_status":"closed","ping_status":"closed","template":"","meta":{"_acf_changed":false,"_FSMCFIC_featured_image_caption":"","_FSMCFIC_featured_image_nocaption":"","_FSMCFIC_featured_image_hide":"","footnotes":""},"categories":[],"tags":[],"class_list":["post-18742","page","type-page","status-publish","hentry"],"acf":{"ddz-icon":false,"attachments":false},"yoast_head":"<!-- This site is optimized with the Yoast SEO plugin v27.2 - https:\/\/yoast.com\/product\/yoast-seo-wordpress\/ -->\n<title>How to find us - Deutsches Diabetes-Zentrum (DDZ)<\/title>\n<meta name=\"robots\" content=\"index, follow, max-snippet:-1, max-image-preview:large, max-video-preview:-1\" \/>\n<link rel=\"canonical\" href=\"https:\/\/ddz.de\/en\/how-to-find-us\/\" \/>\n<meta property=\"og:locale\" content=\"en_US\" \/>\n<meta property=\"og:type\" content=\"article\" \/>\n<meta property=\"og:title\" content=\"How to find us - Deutsches Diabetes-Zentrum (DDZ)\" \/>\n<meta property=\"og:description\" content=\"[vc_row][vc_column][vc_empty_space][vc_column_text] Address German Diabetes-Center (DDZ) Auf\u2019m Hennekamp 65 40225 D\u00fcsseldorf Karte: Google Maps OpenStreetMap[\/vc_column_text][\/vc_column][\/vc_row][vc_row css=&#8221;.vc_custom_1551970064482{margin-top: 100px !important;}&#8221;][vc_column][vc_tta_tabs][vc_tta_section i_type=&#8221;entypo&#8221; i_icon_entypo=&#8221;entypo-icon entypo-icon-ticket&#8221; add_icon=&#8221;true&#8221; title=&#8221;Arrival by public transport&#8221; tab_id=&#8221;1551969573331-00950b84-133b&#8221;][vc_column_text] Arrival by public transport [&hellip;]\" \/>\n<meta property=\"og:url\" content=\"https:\/\/ddz.de\/en\/how-to-find-us\/\" \/>\n<meta property=\"og:site_name\" content=\"Deutsches Diabetes-Zentrum (DDZ)\" \/>\n<meta property=\"article:publisher\" content=\"https:\/\/www.facebook.com\/diabetesinformationsdienst\/\" \/>\n<meta property=\"article:modified_time\" content=\"2024-07-26T08:53:42+00:00\" \/>\n<meta property=\"og:image\" content=\"https:\/\/ddz.de\/wp-content\/uploads\/ddz-og-image.png\" \/>\n\t<meta property=\"og:image:width\" content=\"222\" \/>\n\t<meta property=\"og:image:height\" content=\"222\" \/>\n\t<meta property=\"og:image:type\" content=\"image\/png\" \/>\n<meta name=\"twitter:card\" content=\"summary_large_image\" \/>\n<meta name=\"twitter:site\" content=\"@ddz_info\" \/>\n<meta name=\"twitter:label1\" content=\"Est. reading time\" \/>\n\t<meta name=\"twitter:data1\" content=\"3 minutes\" \/>\n<script type=\"application\/ld+json\" class=\"yoast-schema-graph\">{\"@context\":\"https:\/\/schema.org\",\"@graph\":[{\"@type\":\"WebPage\",\"@id\":\"https:\/\/ddz.de\/en\/how-to-find-us\/\",\"url\":\"https:\/\/ddz.de\/en\/how-to-find-us\/\",\"name\":\"How to find us - Deutsches Diabetes-Zentrum (DDZ)\",\"isPartOf\":{\"@id\":\"https:\/\/ddz.de\/en\/#website\"},\"datePublished\":\"2019-11-21T15:46:49+00:00\",\"dateModified\":\"2024-07-26T08:53:42+00:00\",\"breadcrumb\":{\"@id\":\"https:\/\/ddz.de\/en\/how-to-find-us\/#breadcrumb\"},\"inLanguage\":\"en-US\",\"potentialAction\":[{\"@type\":\"ReadAction\",\"target\":[\"https:\/\/ddz.de\/en\/how-to-find-us\/\"]}]},{\"@type\":\"BreadcrumbList\",\"@id\":\"https:\/\/ddz.de\/en\/how-to-find-us\/#breadcrumb\",\"itemListElement\":[{\"@type\":\"ListItem\",\"position\":1,\"name\":\"Startseite\",\"item\":\"https:\/\/ddz.de\/en\/\"},{\"@type\":\"ListItem\",\"position\":2,\"name\":\"How to find us\"}]},{\"@type\":\"WebSite\",\"@id\":\"https:\/\/ddz.de\/en\/#website\",\"url\":\"https:\/\/ddz.de\/en\/\",\"name\":\"Deutsches Diabetes-Zentrum (DDZ)\",\"description\":\"Diabetes erforschen - Menschen helfen\",\"publisher\":{\"@id\":\"https:\/\/ddz.de\/en\/#organization\"},\"potentialAction\":[{\"@type\":\"SearchAction\",\"target\":{\"@type\":\"EntryPoint\",\"urlTemplate\":\"https:\/\/ddz.de\/en\/?s={search_term_string}\"},\"query-input\":{\"@type\":\"PropertyValueSpecification\",\"valueRequired\":true,\"valueName\":\"search_term_string\"}}],\"inLanguage\":\"en-US\"},{\"@type\":\"Organization\",\"@id\":\"https:\/\/ddz.de\/en\/#organization\",\"name\":\"Deutsches Diabetes-Zentrum (DDZ)\",\"url\":\"https:\/\/ddz.de\/en\/\",\"logo\":{\"@type\":\"ImageObject\",\"inLanguage\":\"en-US\",\"@id\":\"https:\/\/ddz.de\/en\/#\/schema\/logo\/image\/\",\"url\":\"https:\/\/ddz.de\/wp-content\/uploads\/ddz_logo_de.png\",\"contentUrl\":\"https:\/\/ddz.de\/wp-content\/uploads\/ddz_logo_de.png\",\"width\":640,\"height\":226,\"caption\":\"Deutsches Diabetes-Zentrum (DDZ)\"},\"image\":{\"@id\":\"https:\/\/ddz.de\/en\/#\/schema\/logo\/image\/\"},\"sameAs\":[\"https:\/\/www.facebook.com\/diabetesinformationsdienst\/\",\"https:\/\/x.com\/ddz_info\",\"https:\/\/www.youtube.com\/channel\/UCNxwshEljrBJXPri-w9IiLg\"]}]}<\/script>\n<!-- \/ Yoast SEO plugin. -->","yoast_head_json":{"title":"How to find us - Deutsches Diabetes-Zentrum (DDZ)","robots":{"index":"index","follow":"follow","max-snippet":"max-snippet:-1","max-image-preview":"max-image-preview:large","max-video-preview":"max-video-preview:-1"},"canonical":"https:\/\/ddz.de\/en\/how-to-find-us\/","og_locale":"en_US","og_type":"article","og_title":"How to find us - Deutsches Diabetes-Zentrum (DDZ)","og_description":"[vc_row][vc_column][vc_empty_space][vc_column_text] Address German Diabetes-Center (DDZ) Auf\u2019m Hennekamp 65 40225 D\u00fcsseldorf Karte: Google Maps OpenStreetMap[\/vc_column_text][\/vc_column][\/vc_row][vc_row css=&#8221;.vc_custom_1551970064482{margin-top: 100px !important;}&#8221;][vc_column][vc_tta_tabs][vc_tta_section i_type=&#8221;entypo&#8221; i_icon_entypo=&#8221;entypo-icon entypo-icon-ticket&#8221; add_icon=&#8221;true&#8221; title=&#8221;Arrival by public transport&#8221; tab_id=&#8221;1551969573331-00950b84-133b&#8221;][vc_column_text] Arrival by public transport [&hellip;]","og_url":"https:\/\/ddz.de\/en\/how-to-find-us\/","og_site_name":"Deutsches Diabetes-Zentrum (DDZ)","article_publisher":"https:\/\/www.facebook.com\/diabetesinformationsdienst\/","article_modified_time":"2024-07-26T08:53:42+00:00","og_image":[{"width":222,"height":222,"url":"https:\/\/ddz.de\/wp-content\/uploads\/ddz-og-image.png","type":"image\/png"}],"twitter_card":"summary_large_image","twitter_site":"@ddz_info","twitter_misc":{"Est. reading time":"3 minutes"},"schema":{"@context":"https:\/\/schema.org","@graph":[{"@type":"WebPage","@id":"https:\/\/ddz.de\/en\/how-to-find-us\/","url":"https:\/\/ddz.de\/en\/how-to-find-us\/","name":"How to find us - Deutsches Diabetes-Zentrum (DDZ)","isPartOf":{"@id":"https:\/\/ddz.de\/en\/#website"},"datePublished":"2019-11-21T15:46:49+00:00","dateModified":"2024-07-26T08:53:42+00:00","breadcrumb":{"@id":"https:\/\/ddz.de\/en\/how-to-find-us\/#breadcrumb"},"inLanguage":"en-US","potentialAction":[{"@type":"ReadAction","target":["https:\/\/ddz.de\/en\/how-to-find-us\/"]}]},{"@type":"BreadcrumbList","@id":"https:\/\/ddz.de\/en\/how-to-find-us\/#breadcrumb","itemListElement":[{"@type":"ListItem","position":1,"name":"Startseite","item":"https:\/\/ddz.de\/en\/"},{"@type":"ListItem","position":2,"name":"How to find us"}]},{"@type":"WebSite","@id":"https:\/\/ddz.de\/en\/#website","url":"https:\/\/ddz.de\/en\/","name":"Deutsches Diabetes-Zentrum (DDZ)","description":"Diabetes erforschen - Menschen helfen","publisher":{"@id":"https:\/\/ddz.de\/en\/#organization"},"potentialAction":[{"@type":"SearchAction","target":{"@type":"EntryPoint","urlTemplate":"https:\/\/ddz.de\/en\/?s={search_term_string}"},"query-input":{"@type":"PropertyValueSpecification","valueRequired":true,"valueName":"search_term_string"}}],"inLanguage":"en-US"},{"@type":"Organization","@id":"https:\/\/ddz.de\/en\/#organization","name":"Deutsches Diabetes-Zentrum (DDZ)","url":"https:\/\/ddz.de\/en\/","logo":{"@type":"ImageObject","inLanguage":"en-US","@id":"https:\/\/ddz.de\/en\/#\/schema\/logo\/image\/","url":"https:\/\/ddz.de\/wp-content\/uploads\/ddz_logo_de.png","contentUrl":"https:\/\/ddz.de\/wp-content\/uploads\/ddz_logo_de.png","width":640,"height":226,"caption":"Deutsches Diabetes-Zentrum (DDZ)"},"image":{"@id":"https:\/\/ddz.de\/en\/#\/schema\/logo\/image\/"},"sameAs":["https:\/\/www.facebook.com\/diabetesinformationsdienst\/","https:\/\/x.com\/ddz_info","https:\/\/www.youtube.com\/channel\/UCNxwshEljrBJXPri-w9IiLg"]}]}},"_links":{"self":[{"href":"https:\/\/ddz.de\/en\/wp-json\/wp\/v2\/pages\/18742","targetHints":{"allow":["GET"]}}],"collection":[{"href":"https:\/\/ddz.de\/en\/wp-json\/wp\/v2\/pages"}],"about":[{"href":"https:\/\/ddz.de\/en\/wp-json\/wp\/v2\/types\/page"}],"author":[{"embeddable":true,"href":"https:\/\/ddz.de\/en\/wp-json\/wp\/v2\/users\/1"}],"replies":[{"embeddable":true,"href":"https:\/\/ddz.de\/en\/wp-json\/wp\/v2\/comments?post=18742"}],"version-history":[{"count":7,"href":"https:\/\/ddz.de\/en\/wp-json\/wp\/v2\/pages\/18742\/revisions"}],"predecessor-version":[{"id":24433,"href":"https:\/\/ddz.de\/en\/wp-json\/wp\/v2\/pages\/18742\/revisions\/24433"}],"wp:attachment":[{"href":"https:\/\/ddz.de\/en\/wp-json\/wp\/v2\/media?parent=18742"}],"wp:term":[{"taxonomy":"category","embeddable":true,"href":"https:\/\/ddz.de\/en\/wp-json\/wp\/v2\/categories?post=18742"},{"taxonomy":"post_tag","embeddable":true,"href":"https:\/\/ddz.de\/en\/wp-json\/wp\/v2\/tags?post=18742"}],"curies":[{"name":"wp","href":"https:\/\/api.w.org\/{rel}","templated":true}]}}