{"id":18620,"date":"2019-11-20T12:35:36","date_gmt":"2019-11-20T11:35:36","guid":{"rendered":"https:\/\/2020.ddz.de\/?page_id=18620"},"modified":"2024-11-27T12:07:15","modified_gmt":"2024-11-27T11:07:15","slug":"research-group-metabolic-imaging","status":"publish","type":"page","link":"https:\/\/ddz.de\/en\/research\/institute-for-clinical-diabetology\/research-group-metabolic-imaging\/","title":{"rendered":"Research Group Metabolic Imaging"},"content":{"rendered":"<div class=\"wpb-content-wrapper\"><p>[vc_row][vc_column][vc_single_image source=&#8221;featured_image&#8221; img_size=&#8221;full&#8221;][vc_column_text css=&#8221;&#8221;]<\/p>\n<h2>Non-invasive and non-radioactive nature, MRI\/MRS provides an ideal approach for diabetes research in humans and animal models.<\/h2>\n<p>By virtue of its non-invasive and non-radioactive nature, in vivo magnetic resonance imaging and spectroscopy (MRI\/MRS) provides an ideal approach for diabetes research in humans and animal models. Particularly, recent technical advances of in vivo MRI and MRS have made it possible to further understand human metabolism, such as in vivo glycogen metabolism and ATP flux in real time, which may be quite difficult to be assessed by other methodologies. Currently, MRI and MRS methods have been recognized as one of the most powerful tools in diabetes and metabolism research in vivo.<\/p>\n<h2>Aims<\/h2>\n<ul>\n<li>Utilization of in vivo MRS and MRI in order to further unravel the pathogenesis and etiology of diabetes and metabolism diseases, such as mechanisms of insulin resistance<\/li>\n<li>Development of new MR techniques to comprehensively understand questions related to diabetes and metabolic diseases<\/li>\n<\/ul>\n<p>In essence, we assess content of visceral, muscular and liver fat, ATP and glycogen in liver and muscle, and ATP flux in the tissue in vivo, in conjunction with specific physiologic questions. The state-of-the-art 3T human Philips scanner at DDZ is fully dedicated for this type of research. Primarily, we will focus on 1H-MRS and multinuclear spectroscopy [31P- and 13C-MRS], and also employ additional effective imaging modalities if needed.<\/p>\n<p>[\/vc_column_text][\/vc_column][\/vc_row][vc_row el_class=\"distance-top-small\"][vc_column][vc_tta_tour tab_position=\"right\" active_section=\"1\"][vc_tta_section i_icon_fontawesome=\"fa fa-users\" add_icon=\"true\" title=\"Team\" tab_id=\"1557219375391-43fad21d-8602\"][vc_column_text]<\/p>\n<h2>Team<\/h2>\n<p>[\/vc_column_text][vc_column_text]<div class=\" pure-data shortcodes color-links\"><div class=\"visitenkarten-container\"><div class=\"visitenkarte\">\r\n\t\t\t\t\t<div class=\"inner\">\r\n\t\t\t\t\t\t\r\n\t\t\t\t\t\t<div class=\"portrait\" style=\"background-image:url(https:\/\/api.ddz.de\/file\/get\/d1f124be577d09404a7146f6bdffbcf5527faf317c29ee918e9bb6772375e317.jpg)\" title=\"Portrait image of Prof. Dr. Vera Schrauwen-Hinderling\"><\/div>\r\n\t\t\t\t\t\t\r\n\r\n\t\t\t\t\t\t<div class=\"left\">\r\n\t\t\t\t\t\t\t<div class=\"name mb-3\">Prof. Dr. Vera Schrauwen-Hinderling<\/div>\r\n\t\t\t\t\t\t\t<div class=\"units-roles mt-2 clear-first\"><div class=\"roles-and-unit mt-2 clear-first\"><div class=\"roles hyphens\"><span class=\"role hyphens mb-1 clear-last\">Head<\/span><\/div><div class=\"orgaunit hyphens\">Research Group Metabolic Imaging<\/div><\/div><\/div>\r\n\t\t\t\t\t\t\t\r\n\t\t\t\t\t\t\t\r\n\t\t\t\t\t\t\t\r\n\t\t\t\t\t\t\t\r\n\t\t\t\t\t\t\t<div class=\"contacts mt-4\">\r\n\t\t\t\t\t\t\t\t<div class=\"email mt-2\"><a href=\"mailto:vera.schrauwen-hinderling@ddz.de\" title=\"Send e-mail to Prof. Dr. Vera Schrauwen-Hinderling\"><i class=\"fa fa-envelope\"><\/i> vera.schrauwen-hinderling@ddz.de<\/a><\/div>\r\n\t\t\t\t\t\t\t\t<div class=\"phones mt-2\"><div class=\"phone mt-1 clear-first\"><i class=\"fa fa-phone\"><\/i>+49 211 3382-228<\/div><\/div>\r\n\t\t\t\t\t\t\t<\/div>\r\n\t\t\t\t\t\t\t\r\n\t\t\t\t\t\t\t<div class=\"author-link mt-4\"><a href=\"\/author\/?id=3230256#prof-dr-vera-schrauwen-hinderling\" title=\"View selected publications of Prof. Dr. Vera Schrauwen-Hinderling\"><i class=\"fa fa-user\"><\/i>Selected publications<\/a><\/div>\r\n\t\t\t\t\t\t\t\r\n\t\t\t\t\t\t<\/div>\r\n\t\t\t\t\t<\/div>\r\n\t\t\t\t<\/div><\/div><div class=\"persons-container\"><ul class=\"special table tr-pad td-pad-l tr-sep td-sep\"><li class=\"tr pad sep\">\r\n\t\t\t\t\t<div class=\"td\">\r\n\t\t\t\t\t\t<span class=\"name\">Alexander Frede<\/span>\r\n\t\t\t\t\t\t\r\n\t\t\t\t\t<\/div>\r\n\t\t\t\t\t\r\n\t\t\t\t\t<div class=\"td\"><a href=\"mailto:alexander.frede@ddz.de\" title=\"E-Mail senden an Alexander Frede\"><i class=\"fa fa-envelope\"><\/i><\/a><\/div>\r\n\t\t\t\t<\/li><li class=\"tr pad sep\">\r\n\t\t\t\t\t<div class=\"td\">\r\n\t\t\t\t\t\t<span class=\"name\">Tobias Haueise<\/span>\r\n\t\t\t\t\t\t\r\n\t\t\t\t\t<\/div>\r\n\t\t\t\t\t\r\n\t\t\t\t\t<div class=\"td\"><\/div>\r\n\t\t\t\t<\/li><li class=\"tr pad sep\">\r\n\t\t\t\t\t<div class=\"td\">\r\n\t\t\t\t\t\t<span class=\"name\">Marc Jonuscheit, Dr. rer. nat.<\/span>\r\n\t\t\t\t\t\t\r\n\t\t\t\t\t<\/div>\r\n\t\t\t\t\t\r\n\t\t\t\t\t<div class=\"td\"><a href=\"mailto:marc.jonuscheit@ddz.de\" title=\"E-Mail senden an Marc Jonuscheit, Dr. rer. nat.\"><i class=\"fa fa-envelope\"><\/i><\/a><\/div>\r\n\t\t\t\t<\/li><li class=\"tr pad sep\">\r\n\t\t\t\t\t<div class=\"td\">\r\n\t\t\t\t\t\t<span class=\"name\">Benedict Korzekwa, M.Sc<\/span>\r\n\t\t\t\t\t\t\r\n\t\t\t\t\t<\/div>\r\n\t\t\t\t\t\r\n\t\t\t\t\t<div class=\"td\"><a href=\"mailto:benedict.korzekwa@ddz.de\" title=\"E-Mail senden an Benedict Korzekwa, M.Sc\"><i class=\"fa fa-envelope\"><\/i><\/a><\/div>\r\n\t\t\t\t<\/li><li class=\"tr pad sep\">\r\n\t\t\t\t\t<div class=\"td\">\r\n\t\t\t\t\t\t<span class=\"name\">Dr. rer. nat. Yuliya Kupriyanova<\/span>\r\n\t\t\t\t\t\t\r\n\t\t\t\t\t<\/div>\r\n\t\t\t\t\t\r\n\t\t\t\t\t<div class=\"td\"><a href=\"mailto:yuliya.kupriyanova@ddz.de\" title=\"E-Mail senden an Dr. rer. nat. Yuliya Kupriyanova\"><i class=\"fa fa-envelope\"><\/i><\/a><\/div>\r\n\t\t\t\t<\/li><li class=\"tr pad sep\">\r\n\t\t\t\t\t<div class=\"td\">\r\n\t\t\t\t\t\t<span class=\"name\">Dr. sc. hum. Filippo Michelotti<\/span>\r\n\t\t\t\t\t\t\r\n\t\t\t\t\t<\/div>\r\n\t\t\t\t\t\r\n\t\t\t\t\t<div class=\"td\"><a href=\"mailto:filippo.michelotti@ddz.de\" title=\"E-Mail senden an Dr. sc. hum. Filippo Michelotti\"><i class=\"fa fa-envelope\"><\/i><\/a><\/div>\r\n\t\t\t\t<\/li><li class=\"tr pad sep\">\r\n\t\t\t\t\t<div class=\"td\">\r\n\t\t\t\t\t\t<span class=\"name\">Neele Midding<\/span>\r\n\t\t\t\t\t\t\r\n\t\t\t\t\t<\/div>\r\n\t\t\t\t\t\r\n\t\t\t\t\t<div class=\"td\"><a href=\"mailto:neele.midding@ddz.de\" title=\"E-Mail senden an Neele Midding\"><i class=\"fa fa-envelope\"><\/i><\/a><\/div>\r\n\t\t\t\t<\/li><li class=\"tr pad sep\">\r\n\t\t\t\t\t<div class=\"td\">\r\n\t\t\t\t\t\t<span class=\"name\">Franziska Paumen<\/span>\r\n\t\t\t\t\t\t\r\n\t\t\t\t\t<\/div>\r\n\t\t\t\t\t\r\n\t\t\t\t\t<div class=\"td\"><a href=\"mailto:franziska.paumen@ddz.de\" title=\"E-Mail senden an Franziska Paumen\"><i class=\"fa fa-envelope\"><\/i><\/a><\/div>\r\n\t\t\t\t<\/li><li class=\"tr pad sep\">\r\n\t\t\t\t\t<div class=\"td\">\r\n\t\t\t\t\t\t<span class=\"name\">Maximilian Pfeil<\/span>\r\n\t\t\t\t\t\t\r\n\t\t\t\t\t<\/div>\r\n\t\t\t\t\t\r\n\t\t\t\t\t<div class=\"td\"><\/div>\r\n\t\t\t\t<\/li><li class=\"tr pad sep\">\r\n\t\t\t\t\t<div class=\"td\">\r\n\t\t\t\t\t\t<span class=\"name\">Pia Schulte<\/span>\r\n\t\t\t\t\t\t\r\n\t\t\t\t\t<\/div>\r\n\t\t\t\t\t\r\n\t\t\t\t\t<div class=\"td\"><\/div>\r\n\t\t\t\t<\/li><li class=\"tr pad sep\">\r\n\t\t\t\t\t<div class=\"td\">\r\n\t\t\t\t\t\t<span class=\"name\">Stefan Wierichs, B. Sc.<\/span>\r\n\t\t\t\t\t\t\r\n\t\t\t\t\t<\/div>\r\n\t\t\t\t\t\r\n\t\t\t\t\t<div class=\"td\"><a href=\"mailto:stefan.wierichs@ddz.de\" title=\"E-Mail senden an Stefan Wierichs, B. Sc.\"><i class=\"fa fa-envelope\"><\/i><\/a><\/div>\r\n\t\t\t\t<\/li><\/ul><\/div><\/div>[\/vc_column_text][\/vc_tta_section][vc_tta_section title=\"Selected Publications\" tab_id=\"1580922569483-75bf975c-1b5b\"][vc_column_text]<\/p>\n<h2>Selected Publications<\/h2>\n<div class=\" pure-data shortcodes color-links\"><ul class=\"publications special color-links\"><li>Jonuscheit M, Wierichs S, Rothe M, Korzekwa B, Mevenkamp J, Bobrov P, Kupriyanova Y, Roden M, Schrauwen-Hinderling VB 2024. <span class=\"title\" lang=\"en\">Reproducibility of absolute quantification of adenosine triphosphate and inorganic phosphate in the liver with localized 31 P-magnetic resonance spectroscopy at 3-T using different coils.<\/span> NMR Biomed. 37. <a target=\"_blank\" href=\"https:\/\/doi.org\/10.1002\/nbm.5120\" title=\"Open the website of the publication &#187;Reproducibility of absolute quantification of adenosine triphosphate and inorganic phosphate in the liver with localized 31 P-magnetic resonance spectroscopy at 3-T using different coils&#171;\">https:\/\/doi.org\/10.1002\/nbm.5120<\/a><\/li><li>Jonuscheit M, Uhlemeyer C, Korzekwa B, Schouwink M, \u00d6ner-Sieben S, Ensenauer R, Roden M, Belgardt B-F, Schrauwen-Hinderling VB 2024. <span class=\"title\" lang=\"en\">Post mortem analysis of hepatic volume and lipid content by magnetic resonance imaging and spectroscopy in fixed murine neonates.<\/span> NMR Biomed. 37. <a target=\"_blank\" href=\"https:\/\/doi.org\/10.1002\/nbm.5140\" title=\"Open the website of the publication &#187;Post mortem analysis of hepatic volume and lipid content by magnetic resonance imaging and spectroscopy in fixed murine neonates&#171;\">https:\/\/doi.org\/10.1002\/nbm.5140<\/a><\/li><li>Michelotti FC, Kupriyanova Y, Mori T, K\u00fcstner T, Heilmann G, Bombrich M, M\u00f6ser C, Sch\u00f6n M, Kuss O, Roden M, Schrauwen-Hinderling VB 2024. <span class=\"title\" lang=\"en\">An Empirical Approach to Derive Water T1 from Multiparametric MR Images Using an Automated Pipeline and Comparison With Liver Stiffness.<\/span> J Magn Reson Imaging. 59: 1193-1203. <a target=\"_blank\" href=\"https:\/\/doi.org\/10.1002\/jmri.28906\" title=\"Open the website of the publication &#187;An Empirical Approach to Derive Water T1 from Multiparametric MR Images Using an Automated Pipeline and Comparison With Liver Stiffness&#171;\">https:\/\/doi.org\/10.1002\/jmri.28906<\/a><\/li><li>Kupriyanova Y, Zaharia O-P, Bobrov P, Karusheva Y, Burkart V, Szendroedi J, Hwang JH, Roden M for the GDS Group 2021. <span class=\"title\" lang=\"en\">Early changes in hepatic energy metabolism and lipid content in recent-onset type 1 and 2 diabetes mellitus.<\/span> J Hepatol. 74: 1028-1037. <a target=\"_blank\" href=\"https:\/\/doi.org\/10.1016\/j.jhep.2020.11.030\" title=\"Open the website of the publication &#187;Early changes in hepatic energy metabolism and lipid content in recent-onset type 1 and 2 diabetes mellitus&#171;\">https:\/\/doi.org\/10.1016\/j.jhep.2020.11.030<\/a><\/li><\/ul><\/div>[\/vc_column_text][\/vc_tta_section][\/vc_tta_tour][\/vc_column][\/vc_row]<\/p>\n<\/div>","protected":false},"excerpt":{"rendered":"<p>[vc_row][vc_column][vc_single_image source=&#8221;featured_image&#8221; img_size=&#8221;full&#8221;][vc_column_text css=&#8221;&#8221;] By virtue of its non-invasive and non-radioactive nature, in vivo magnetic resonance imaging and spectroscopy (MRI\/MRS) provides an ideal approach for diabetes research in humans and [&hellip;]<\/p>\n","protected":false},"author":1,"featured_media":24580,"parent":17754,"menu_order":0,"comment_status":"closed","ping_status":"closed","template":"","meta":{"_acf_changed":false,"_FSMCFIC_featured_image_caption":"","_FSMCFIC_featured_image_nocaption":"","_FSMCFIC_featured_image_hide":"","footnotes":""},"categories":[193],"tags":[],"class_list":["post-18620","page","type-page","status-publish","has-post-thumbnail","hentry","category-institute-for-clinical-diabetologie"],"acf":{"ddz-icon":false,"attachments":false},"yoast_head":"<!-- This site is optimized with the Yoast SEO plugin v27.2 - https:\/\/yoast.com\/product\/yoast-seo-wordpress\/ -->\n<title>Research Group Metabolic Imaging - Deutsches Diabetes-Zentrum (DDZ)<\/title>\n<meta name=\"description\" content=\"Non-invasive and non-radioactive nature, MRI\/MRS provides an ideal approach for diabetes research in humans and animal models.\" \/>\n<meta name=\"robots\" content=\"index, follow, max-snippet:-1, max-image-preview:large, max-video-preview:-1\" \/>\n<link rel=\"canonical\" href=\"https:\/\/ddz.de\/en\/research\/institute-for-clinical-diabetology\/research-group-metabolic-imaging\/\" \/>\n<meta property=\"og:locale\" content=\"en_US\" \/>\n<meta property=\"og:type\" content=\"article\" \/>\n<meta property=\"og:title\" content=\"[unit_name foo=&quot;Arbeitsgruppe Metabolic Imaging&quot; unit_id=&quot;6130&quot;\/] - Deutsches Diabetes-Zentrum (DDZ)\" \/>\n<meta property=\"og:description\" content=\"Non-invasive and non-radioactive nature, MRI\/MRS provides an ideal approach for diabetes research in humans and animal models.\" \/>\n<meta property=\"og:url\" content=\"https:\/\/ddz.de\/en\/research\/institute-for-clinical-diabetology\/research-group-metabolic-imaging\/\" \/>\n<meta property=\"og:site_name\" content=\"Deutsches Diabetes-Zentrum (DDZ)\" \/>\n<meta property=\"article:publisher\" content=\"https:\/\/www.facebook.com\/diabetesinformationsdienst\/\" \/>\n<meta property=\"article:modified_time\" content=\"2024-11-27T11:07:15+00:00\" \/>\n<meta property=\"og:image\" content=\"https:\/\/ddz.de\/wp-content\/uploads\/mrt.jpg\" \/>\n\t<meta property=\"og:image:width\" content=\"1000\" \/>\n\t<meta property=\"og:image:height\" content=\"750\" \/>\n\t<meta property=\"og:image:type\" content=\"image\/jpeg\" \/>\n<meta name=\"twitter:card\" content=\"summary_large_image\" \/>\n<meta name=\"twitter:site\" content=\"@ddz_info\" \/>\n<meta name=\"twitter:label1\" content=\"Est. reading time\" \/>\n\t<meta name=\"twitter:data1\" content=\"2 minutes\" \/>\n<script type=\"application\/ld+json\" class=\"yoast-schema-graph\">{\"@context\":\"https:\/\/schema.org\",\"@graph\":[{\"@type\":\"WebPage\",\"@id\":\"https:\/\/ddz.de\/en\/research\/institute-for-clinical-diabetology\/research-group-metabolic-imaging\/\",\"url\":\"https:\/\/ddz.de\/en\/research\/institute-for-clinical-diabetology\/research-group-metabolic-imaging\/\",\"name\":\"[unit_name foo=\\\"Arbeitsgruppe Metabolic Imaging\\\" unit_id=\\\"6130\\\"\/] - Deutsches Diabetes-Zentrum (DDZ)\",\"isPartOf\":{\"@id\":\"https:\/\/ddz.de\/en\/#website\"},\"primaryImageOfPage\":{\"@id\":\"https:\/\/ddz.de\/en\/research\/institute-for-clinical-diabetology\/research-group-metabolic-imaging\/#primaryimage\"},\"image\":{\"@id\":\"https:\/\/ddz.de\/en\/research\/institute-for-clinical-diabetology\/research-group-metabolic-imaging\/#primaryimage\"},\"thumbnailUrl\":\"https:\/\/ddz.de\/wp-content\/uploads\/mrt.jpg\",\"datePublished\":\"2019-11-20T11:35:36+00:00\",\"dateModified\":\"2024-11-27T11:07:15+00:00\",\"description\":\"Non-invasive and non-radioactive nature, MRI\/MRS provides an ideal approach for diabetes research in humans and animal models.\",\"breadcrumb\":{\"@id\":\"https:\/\/ddz.de\/en\/research\/institute-for-clinical-diabetology\/research-group-metabolic-imaging\/#breadcrumb\"},\"inLanguage\":\"en-US\",\"potentialAction\":[{\"@type\":\"ReadAction\",\"target\":[\"https:\/\/ddz.de\/en\/research\/institute-for-clinical-diabetology\/research-group-metabolic-imaging\/\"]}]},{\"@type\":\"ImageObject\",\"inLanguage\":\"en-US\",\"@id\":\"https:\/\/ddz.de\/en\/research\/institute-for-clinical-diabetology\/research-group-metabolic-imaging\/#primaryimage\",\"url\":\"https:\/\/ddz.de\/wp-content\/uploads\/mrt.jpg\",\"contentUrl\":\"https:\/\/ddz.de\/wp-content\/uploads\/mrt.jpg\",\"width\":1000,\"height\":750,\"caption\":\"MRI machine with a patient bed in a medical examination room.\"},{\"@type\":\"BreadcrumbList\",\"@id\":\"https:\/\/ddz.de\/en\/research\/institute-for-clinical-diabetology\/research-group-metabolic-imaging\/#breadcrumb\",\"itemListElement\":[{\"@type\":\"ListItem\",\"position\":1,\"name\":\"Startseite\",\"item\":\"https:\/\/ddz.de\/en\/\"},{\"@type\":\"ListItem\",\"position\":2,\"name\":\"Research\",\"item\":\"https:\/\/ddz.de\/en\/research\/\"},{\"@type\":\"ListItem\",\"position\":3,\"name\":\"Institut f\u00fcr Klinische Diabetologie\",\"item\":\"https:\/\/ddz.de\/en\/research\/institute-for-clinical-diabetology\/\"},{\"@type\":\"ListItem\",\"position\":4,\"name\":\"Arbeitsgruppe Metabolic Imaging\"}]},{\"@type\":\"WebSite\",\"@id\":\"https:\/\/ddz.de\/en\/#website\",\"url\":\"https:\/\/ddz.de\/en\/\",\"name\":\"Deutsches Diabetes-Zentrum (DDZ)\",\"description\":\"Diabetes erforschen - Menschen helfen\",\"publisher\":{\"@id\":\"https:\/\/ddz.de\/en\/#organization\"},\"potentialAction\":[{\"@type\":\"SearchAction\",\"target\":{\"@type\":\"EntryPoint\",\"urlTemplate\":\"https:\/\/ddz.de\/en\/?s={search_term_string}\"},\"query-input\":{\"@type\":\"PropertyValueSpecification\",\"valueRequired\":true,\"valueName\":\"search_term_string\"}}],\"inLanguage\":\"en-US\"},{\"@type\":\"Organization\",\"@id\":\"https:\/\/ddz.de\/en\/#organization\",\"name\":\"Deutsches Diabetes-Zentrum (DDZ)\",\"url\":\"https:\/\/ddz.de\/en\/\",\"logo\":{\"@type\":\"ImageObject\",\"inLanguage\":\"en-US\",\"@id\":\"https:\/\/ddz.de\/en\/#\/schema\/logo\/image\/\",\"url\":\"https:\/\/ddz.de\/wp-content\/uploads\/ddz_logo_de.png\",\"contentUrl\":\"https:\/\/ddz.de\/wp-content\/uploads\/ddz_logo_de.png\",\"width\":640,\"height\":226,\"caption\":\"Deutsches Diabetes-Zentrum (DDZ)\"},\"image\":{\"@id\":\"https:\/\/ddz.de\/en\/#\/schema\/logo\/image\/\"},\"sameAs\":[\"https:\/\/www.facebook.com\/diabetesinformationsdienst\/\",\"https:\/\/x.com\/ddz_info\",\"https:\/\/www.youtube.com\/channel\/UCNxwshEljrBJXPri-w9IiLg\"]}]}<\/script>\n<!-- \/ Yoast SEO plugin. -->","yoast_head_json":{"title":"Research Group Metabolic Imaging - Deutsches Diabetes-Zentrum (DDZ)","description":"Non-invasive and non-radioactive nature, MRI\/MRS provides an ideal approach for diabetes research in humans and animal models.","robots":{"index":"index","follow":"follow","max-snippet":"max-snippet:-1","max-image-preview":"max-image-preview:large","max-video-preview":"max-video-preview:-1"},"canonical":"https:\/\/ddz.de\/en\/research\/institute-for-clinical-diabetology\/research-group-metabolic-imaging\/","og_locale":"en_US","og_type":"article","og_title":"[unit_name foo=\"Arbeitsgruppe Metabolic Imaging\" unit_id=\"6130\"\/] - Deutsches Diabetes-Zentrum (DDZ)","og_description":"Non-invasive and non-radioactive nature, MRI\/MRS provides an ideal approach for diabetes research in humans and animal models.","og_url":"https:\/\/ddz.de\/en\/research\/institute-for-clinical-diabetology\/research-group-metabolic-imaging\/","og_site_name":"Deutsches Diabetes-Zentrum (DDZ)","article_publisher":"https:\/\/www.facebook.com\/diabetesinformationsdienst\/","article_modified_time":"2024-11-27T11:07:15+00:00","og_image":[{"width":1000,"height":750,"url":"https:\/\/ddz.de\/wp-content\/uploads\/mrt.jpg","type":"image\/jpeg"}],"twitter_card":"summary_large_image","twitter_site":"@ddz_info","twitter_misc":{"Est. reading time":"2 minutes"},"schema":{"@context":"https:\/\/schema.org","@graph":[{"@type":"WebPage","@id":"https:\/\/ddz.de\/en\/research\/institute-for-clinical-diabetology\/research-group-metabolic-imaging\/","url":"https:\/\/ddz.de\/en\/research\/institute-for-clinical-diabetology\/research-group-metabolic-imaging\/","name":"[unit_name foo=\"Arbeitsgruppe Metabolic Imaging\" unit_id=\"6130\"\/] - Deutsches Diabetes-Zentrum (DDZ)","isPartOf":{"@id":"https:\/\/ddz.de\/en\/#website"},"primaryImageOfPage":{"@id":"https:\/\/ddz.de\/en\/research\/institute-for-clinical-diabetology\/research-group-metabolic-imaging\/#primaryimage"},"image":{"@id":"https:\/\/ddz.de\/en\/research\/institute-for-clinical-diabetology\/research-group-metabolic-imaging\/#primaryimage"},"thumbnailUrl":"https:\/\/ddz.de\/wp-content\/uploads\/mrt.jpg","datePublished":"2019-11-20T11:35:36+00:00","dateModified":"2024-11-27T11:07:15+00:00","description":"Non-invasive and non-radioactive nature, MRI\/MRS provides an ideal approach for diabetes research in humans and animal models.","breadcrumb":{"@id":"https:\/\/ddz.de\/en\/research\/institute-for-clinical-diabetology\/research-group-metabolic-imaging\/#breadcrumb"},"inLanguage":"en-US","potentialAction":[{"@type":"ReadAction","target":["https:\/\/ddz.de\/en\/research\/institute-for-clinical-diabetology\/research-group-metabolic-imaging\/"]}]},{"@type":"ImageObject","inLanguage":"en-US","@id":"https:\/\/ddz.de\/en\/research\/institute-for-clinical-diabetology\/research-group-metabolic-imaging\/#primaryimage","url":"https:\/\/ddz.de\/wp-content\/uploads\/mrt.jpg","contentUrl":"https:\/\/ddz.de\/wp-content\/uploads\/mrt.jpg","width":1000,"height":750,"caption":"MRI machine with a patient bed in a medical examination room."},{"@type":"BreadcrumbList","@id":"https:\/\/ddz.de\/en\/research\/institute-for-clinical-diabetology\/research-group-metabolic-imaging\/#breadcrumb","itemListElement":[{"@type":"ListItem","position":1,"name":"Startseite","item":"https:\/\/ddz.de\/en\/"},{"@type":"ListItem","position":2,"name":"Research","item":"https:\/\/ddz.de\/en\/research\/"},{"@type":"ListItem","position":3,"name":"Institut f\u00fcr Klinische Diabetologie","item":"https:\/\/ddz.de\/en\/research\/institute-for-clinical-diabetology\/"},{"@type":"ListItem","position":4,"name":"Arbeitsgruppe Metabolic Imaging"}]},{"@type":"WebSite","@id":"https:\/\/ddz.de\/en\/#website","url":"https:\/\/ddz.de\/en\/","name":"Deutsches Diabetes-Zentrum (DDZ)","description":"Diabetes erforschen - Menschen helfen","publisher":{"@id":"https:\/\/ddz.de\/en\/#organization"},"potentialAction":[{"@type":"SearchAction","target":{"@type":"EntryPoint","urlTemplate":"https:\/\/ddz.de\/en\/?s={search_term_string}"},"query-input":{"@type":"PropertyValueSpecification","valueRequired":true,"valueName":"search_term_string"}}],"inLanguage":"en-US"},{"@type":"Organization","@id":"https:\/\/ddz.de\/en\/#organization","name":"Deutsches Diabetes-Zentrum (DDZ)","url":"https:\/\/ddz.de\/en\/","logo":{"@type":"ImageObject","inLanguage":"en-US","@id":"https:\/\/ddz.de\/en\/#\/schema\/logo\/image\/","url":"https:\/\/ddz.de\/wp-content\/uploads\/ddz_logo_de.png","contentUrl":"https:\/\/ddz.de\/wp-content\/uploads\/ddz_logo_de.png","width":640,"height":226,"caption":"Deutsches Diabetes-Zentrum (DDZ)"},"image":{"@id":"https:\/\/ddz.de\/en\/#\/schema\/logo\/image\/"},"sameAs":["https:\/\/www.facebook.com\/diabetesinformationsdienst\/","https:\/\/x.com\/ddz_info","https:\/\/www.youtube.com\/channel\/UCNxwshEljrBJXPri-w9IiLg"]}]}},"_links":{"self":[{"href":"https:\/\/ddz.de\/en\/wp-json\/wp\/v2\/pages\/18620","targetHints":{"allow":["GET"]}}],"collection":[{"href":"https:\/\/ddz.de\/en\/wp-json\/wp\/v2\/pages"}],"about":[{"href":"https:\/\/ddz.de\/en\/wp-json\/wp\/v2\/types\/page"}],"author":[{"embeddable":true,"href":"https:\/\/ddz.de\/en\/wp-json\/wp\/v2\/users\/1"}],"replies":[{"embeddable":true,"href":"https:\/\/ddz.de\/en\/wp-json\/wp\/v2\/comments?post=18620"}],"version-history":[{"count":11,"href":"https:\/\/ddz.de\/en\/wp-json\/wp\/v2\/pages\/18620\/revisions"}],"predecessor-version":[{"id":24583,"href":"https:\/\/ddz.de\/en\/wp-json\/wp\/v2\/pages\/18620\/revisions\/24583"}],"up":[{"embeddable":true,"href":"https:\/\/ddz.de\/en\/wp-json\/wp\/v2\/pages\/17754"}],"wp:featuredmedia":[{"embeddable":true,"href":"https:\/\/ddz.de\/en\/wp-json\/wp\/v2\/media\/24580"}],"wp:attachment":[{"href":"https:\/\/ddz.de\/en\/wp-json\/wp\/v2\/media?parent=18620"}],"wp:term":[{"taxonomy":"category","embeddable":true,"href":"https:\/\/ddz.de\/en\/wp-json\/wp\/v2\/categories?post=18620"},{"taxonomy":"post_tag","embeddable":true,"href":"https:\/\/ddz.de\/en\/wp-json\/wp\/v2\/tags?post=18620"}],"curies":[{"name":"wp","href":"https:\/\/api.w.org\/{rel}","templated":true}]}}