{"id":18541,"date":"2019-11-19T15:58:51","date_gmt":"2019-11-19T14:58:51","guid":{"rendered":"https:\/\/2020.ddz.de\/?page_id=18541"},"modified":"2020-03-06T13:47:26","modified_gmt":"2020-03-06T12:47:26","slug":"cellular-morphology-unit","status":"publish","type":"page","link":"https:\/\/ddz.de\/en\/research\/institute-for-clinical-biochemistry-and-pathobiochemistry\/cellular-morphology-unit\/","title":{"rendered":"Cellular Morphology Unit"},"content":{"rendered":"<div class=\"wpb-content-wrapper\"><p>[vc_row][vc_column][vc_single_image source=&#8221;featured_image&#8221; img_size=&#8221;full&#8221;][vc_column_text]<\/p>\n<h2>Production of histological preparations for the treatment of clinical and cell biological issues<\/h2>\n<p>The unit represents a technical platform of the German Diabetes-Center and is associated to the research programs A and B. For investigation of clinical and cell biology questions, histological samples are generated (human biopsies, mouse tissues), processed, and subsequently analyzed by light- and electron microscopy, respectively. The establishment and further improvement of new methods, such as ultrastructural analytical procedures with immunogold electron microscopy and quantitative morphometric analyses, expands the experimental options of the institute and may allow further integration of the research programs at the DDZ.[\/vc_column_text][\/vc_column][\/vc_row][vc_row][vc_column][vc_column_text]<\/p>\n<p>[\/vc_column_text][\/vc_column][\/vc_row][vc_row el_class=\"distance-top-small\"][vc_column][vc_tta_tour tab_position=\"right\" active_section=\"1\"][vc_tta_section i_icon_fontawesome=\"fa fa-users\" add_icon=\"true\" title=\"Team\" tab_id=\"1557219375391-43fad21d-8602\"][vc_column_text]<\/p>\n<h2>Team<\/h2>\n<p>[\/vc_column_text][vc_column_text]<div class=\" pure-data shortcodes color-links\"><div class=\"persons-container\"><ul class=\"special table tr-pad td-pad-l tr-sep td-sep\"><li class=\"tr pad sep\">\r\n\t\t\t\t\t<div class=\"td\">\r\n\t\t\t\t\t\t<span class=\"name\">Kay Jeruschke<\/span>\r\n\t\t\t\t\t\t\r\n\t\t\t\t\t<\/div>\r\n\t\t\t\t\t\r\n\t\t\t\t\t<div class=\"td\"><a href=\"mailto:kay.jeruschke@ddz.de\" title=\"E-Mail senden an Kay Jeruschke\"><i class=\"fa fa-envelope\"><\/i><\/a><\/div>\r\n\t\t\t\t<\/li><li class=\"tr pad sep\">\r\n\t\t\t\t\t<div class=\"td\">\r\n\t\t\t\t\t\t<span class=\"name\">Carmen Weidlich, B. Sc.<\/span>\r\n\t\t\t\t\t\t\r\n\t\t\t\t\t<\/div>\r\n\t\t\t\t\t\r\n\t\t\t\t\t<div class=\"td\"><a href=\"mailto:carmen.weidlich@ddz.de\" title=\"E-Mail senden an Carmen Weidlich, B. Sc.\"><i class=\"fa fa-envelope\"><\/i><\/a><\/div>\r\n\t\t\t\t<\/li><\/ul><\/div><\/div>[\/vc_column_text][\/vc_tta_section][vc_tta_section i_icon_fontawesome=\"fa fa-leanpub\" add_icon=\"true\" title=\"Selected Publications\" tab_id=\"1581671713499-b907ab1b-c379\"][vc_column_text]<\/p>\n<h2>Selected Publications<\/h2>\n<p>[\/vc_column_text][vc_column_text]<div style=\"background-color:#cc0000; color:white; font-weight:bold; padding:5px;\">Die Person existiert nicht (person_id=\"6955\")<\/div>[\/vc_column_text][\/vc_tta_section][vc_tta_section i_icon_fontawesome=\"fa fa-handshake-o\" add_icon=\"true\" title=\"Cooperations\" tab_id=\"1581494466139-30de2b35-5b53\"][vc_column_text]<\/p>\n<h2>Cooperations<\/h2>\n<p>[\/vc_column_text][vc_column_text]<\/p>\n<ul>\n<li>Deutsches Institut f\u00fcr Ern\u00e4hrungsforschung, Nuthetal: A. Kleinridders<\/li>\n<li>Heinrich-Heine-Universit\u00e4t D\u00fcsseldorf: A.G\u00f6decke<\/li>\n<\/ul>\n<p>[\/vc_column_text][\/vc_tta_section][vc_tta_section i_icon_fontawesome=\"fa fa-graduation-cap\" add_icon=\"true\" title=\"Teaching activities\" tab_id=\"1581494710602-28277d6a-3ae0\"][vc_column_text]<\/p>\n<h2>Teaching activities at Heinrich Heine University D\u00fcsseldorf<\/h2>\n<p>[\/vc_column_text][vc_column_text]<\/p>\n<ul>\n<li>Scientific work instructions \/ Cell Morphology (Wei\u00df)<\/li>\n<\/ul>\n<p>[\/vc_column_text][\/vc_tta_section][\/vc_tta_tour][\/vc_column][\/vc_row]<\/p>\n<\/div>","protected":false},"excerpt":{"rendered":"<p>[vc_row][vc_column][vc_single_image source=&#8221;featured_image&#8221; img_size=&#8221;full&#8221;][vc_column_text] The unit represents a technical platform of the German Diabetes-Center and is associated to the research programs A and B. For investigation of clinical and cell biology [&hellip;]<\/p>\n","protected":false},"author":1,"featured_media":20047,"parent":18121,"menu_order":0,"comment_status":"closed","ping_status":"closed","template":"","meta":{"_acf_changed":false,"_FSMCFIC_featured_image_caption":"","_FSMCFIC_featured_image_nocaption":"","_FSMCFIC_featured_image_hide":"","footnotes":""},"categories":[195],"tags":[],"class_list":["post-18541","page","type-page","status-publish","has-post-thumbnail","hentry","category-institute-for-clinical-biochemistry-and-pathobiochemistry"],"acf":{"ddz-icon":false,"attachments":false},"yoast_head":"<!-- This site is optimized with the Yoast SEO plugin v27.2 - https:\/\/yoast.com\/product\/yoast-seo-wordpress\/ -->\n<title>Cellular Morphology Unit - Deutsches Diabetes-Zentrum (DDZ)<\/title>\n<meta name=\"description\" content=\"Production of histological preparations for the treatment of clinical and cell biological issues\" \/>\n<meta name=\"robots\" content=\"index, follow, max-snippet:-1, max-image-preview:large, max-video-preview:-1\" \/>\n<link rel=\"canonical\" href=\"https:\/\/ddz.de\/en\/research\/institute-for-clinical-biochemistry-and-pathobiochemistry\/cellular-morphology-unit\/\" \/>\n<meta property=\"og:locale\" content=\"en_US\" \/>\n<meta property=\"og:type\" content=\"article\" \/>\n<meta property=\"og:title\" content=\"[unit_name foo=&quot;Cellular Morphology Unit&quot; unit_id=&quot;6191&quot;\/] - Deutsches Diabetes-Zentrum (DDZ)\" \/>\n<meta property=\"og:description\" content=\"Production of histological preparations for the treatment of clinical and cell biological issues\" \/>\n<meta property=\"og:url\" content=\"https:\/\/ddz.de\/en\/research\/institute-for-clinical-biochemistry-and-pathobiochemistry\/cellular-morphology-unit\/\" \/>\n<meta property=\"og:site_name\" content=\"Deutsches Diabetes-Zentrum (DDZ)\" \/>\n<meta property=\"article:publisher\" content=\"https:\/\/www.facebook.com\/diabetesinformationsdienst\/\" \/>\n<meta property=\"article:modified_time\" content=\"2020-03-06T12:47:26+00:00\" \/>\n<meta property=\"og:image\" content=\"https:\/\/ddz.de\/wp-content\/uploads\/AG_Morpho_neu.jpg\" \/>\n\t<meta property=\"og:image:width\" content=\"1000\" \/>\n\t<meta property=\"og:image:height\" content=\"666\" \/>\n\t<meta property=\"og:image:type\" content=\"image\/jpeg\" \/>\n<meta name=\"twitter:card\" content=\"summary_large_image\" \/>\n<meta name=\"twitter:site\" content=\"@ddz_info\" \/>\n<meta name=\"twitter:label1\" content=\"Est. reading time\" \/>\n\t<meta name=\"twitter:data1\" content=\"2 minutes\" \/>\n<script type=\"application\/ld+json\" class=\"yoast-schema-graph\">{\"@context\":\"https:\/\/schema.org\",\"@graph\":[{\"@type\":\"WebPage\",\"@id\":\"https:\/\/ddz.de\/en\/research\/institute-for-clinical-biochemistry-and-pathobiochemistry\/cellular-morphology-unit\/\",\"url\":\"https:\/\/ddz.de\/en\/research\/institute-for-clinical-biochemistry-and-pathobiochemistry\/cellular-morphology-unit\/\",\"name\":\"[unit_name foo=\\\"Cellular Morphology Unit\\\" unit_id=\\\"6191\\\"\/] - Deutsches Diabetes-Zentrum (DDZ)\",\"isPartOf\":{\"@id\":\"https:\/\/ddz.de\/en\/#website\"},\"primaryImageOfPage\":{\"@id\":\"https:\/\/ddz.de\/en\/research\/institute-for-clinical-biochemistry-and-pathobiochemistry\/cellular-morphology-unit\/#primaryimage\"},\"image\":{\"@id\":\"https:\/\/ddz.de\/en\/research\/institute-for-clinical-biochemistry-and-pathobiochemistry\/cellular-morphology-unit\/#primaryimage\"},\"thumbnailUrl\":\"https:\/\/ddz.de\/wp-content\/uploads\/AG_Morpho_neu.jpg\",\"datePublished\":\"2019-11-19T14:58:51+00:00\",\"dateModified\":\"2020-03-06T12:47:26+00:00\",\"description\":\"Production of histological preparations for the treatment of clinical and cell biological issues\",\"breadcrumb\":{\"@id\":\"https:\/\/ddz.de\/en\/research\/institute-for-clinical-biochemistry-and-pathobiochemistry\/cellular-morphology-unit\/#breadcrumb\"},\"inLanguage\":\"en-US\",\"potentialAction\":[{\"@type\":\"ReadAction\",\"target\":[\"https:\/\/ddz.de\/en\/research\/institute-for-clinical-biochemistry-and-pathobiochemistry\/cellular-morphology-unit\/\"]}]},{\"@type\":\"ImageObject\",\"inLanguage\":\"en-US\",\"@id\":\"https:\/\/ddz.de\/en\/research\/institute-for-clinical-biochemistry-and-pathobiochemistry\/cellular-morphology-unit\/#primaryimage\",\"url\":\"https:\/\/ddz.de\/wp-content\/uploads\/AG_Morpho_neu.jpg\",\"contentUrl\":\"https:\/\/ddz.de\/wp-content\/uploads\/AG_Morpho_neu.jpg\",\"width\":1000,\"height\":666,\"caption\":\"Bild AG Zellmorphologie\"},{\"@type\":\"BreadcrumbList\",\"@id\":\"https:\/\/ddz.de\/en\/research\/institute-for-clinical-biochemistry-and-pathobiochemistry\/cellular-morphology-unit\/#breadcrumb\",\"itemListElement\":[{\"@type\":\"ListItem\",\"position\":1,\"name\":\"Startseite\",\"item\":\"https:\/\/ddz.de\/en\/\"},{\"@type\":\"ListItem\",\"position\":2,\"name\":\"Research\",\"item\":\"https:\/\/ddz.de\/en\/research\/\"},{\"@type\":\"ListItem\",\"position\":3,\"name\":\"Institut f\u00fcr Klinische Biochemie und Pathobiochemie\",\"item\":\"https:\/\/ddz.de\/en\/research\/institute-for-clinical-biochemistry-and-pathobiochemistry\/\"},{\"@type\":\"ListItem\",\"position\":4,\"name\":\"Cellular Morphology Unit\"}]},{\"@type\":\"WebSite\",\"@id\":\"https:\/\/ddz.de\/en\/#website\",\"url\":\"https:\/\/ddz.de\/en\/\",\"name\":\"Deutsches Diabetes-Zentrum (DDZ)\",\"description\":\"Diabetes erforschen - Menschen helfen\",\"publisher\":{\"@id\":\"https:\/\/ddz.de\/en\/#organization\"},\"potentialAction\":[{\"@type\":\"SearchAction\",\"target\":{\"@type\":\"EntryPoint\",\"urlTemplate\":\"https:\/\/ddz.de\/en\/?s={search_term_string}\"},\"query-input\":{\"@type\":\"PropertyValueSpecification\",\"valueRequired\":true,\"valueName\":\"search_term_string\"}}],\"inLanguage\":\"en-US\"},{\"@type\":\"Organization\",\"@id\":\"https:\/\/ddz.de\/en\/#organization\",\"name\":\"Deutsches Diabetes-Zentrum (DDZ)\",\"url\":\"https:\/\/ddz.de\/en\/\",\"logo\":{\"@type\":\"ImageObject\",\"inLanguage\":\"en-US\",\"@id\":\"https:\/\/ddz.de\/en\/#\/schema\/logo\/image\/\",\"url\":\"https:\/\/ddz.de\/wp-content\/uploads\/ddz_logo_de.png\",\"contentUrl\":\"https:\/\/ddz.de\/wp-content\/uploads\/ddz_logo_de.png\",\"width\":640,\"height\":226,\"caption\":\"Deutsches Diabetes-Zentrum (DDZ)\"},\"image\":{\"@id\":\"https:\/\/ddz.de\/en\/#\/schema\/logo\/image\/\"},\"sameAs\":[\"https:\/\/www.facebook.com\/diabetesinformationsdienst\/\",\"https:\/\/x.com\/ddz_info\",\"https:\/\/www.youtube.com\/channel\/UCNxwshEljrBJXPri-w9IiLg\"]}]}<\/script>\n<!-- \/ Yoast SEO plugin. -->","yoast_head_json":{"title":"Cellular Morphology Unit - Deutsches Diabetes-Zentrum (DDZ)","description":"Production of histological preparations for the treatment of clinical and cell biological issues","robots":{"index":"index","follow":"follow","max-snippet":"max-snippet:-1","max-image-preview":"max-image-preview:large","max-video-preview":"max-video-preview:-1"},"canonical":"https:\/\/ddz.de\/en\/research\/institute-for-clinical-biochemistry-and-pathobiochemistry\/cellular-morphology-unit\/","og_locale":"en_US","og_type":"article","og_title":"[unit_name foo=\"Cellular Morphology Unit\" unit_id=\"6191\"\/] - Deutsches Diabetes-Zentrum (DDZ)","og_description":"Production of histological preparations for the treatment of clinical and cell biological issues","og_url":"https:\/\/ddz.de\/en\/research\/institute-for-clinical-biochemistry-and-pathobiochemistry\/cellular-morphology-unit\/","og_site_name":"Deutsches Diabetes-Zentrum (DDZ)","article_publisher":"https:\/\/www.facebook.com\/diabetesinformationsdienst\/","article_modified_time":"2020-03-06T12:47:26+00:00","og_image":[{"width":1000,"height":666,"url":"https:\/\/ddz.de\/wp-content\/uploads\/AG_Morpho_neu.jpg","type":"image\/jpeg"}],"twitter_card":"summary_large_image","twitter_site":"@ddz_info","twitter_misc":{"Est. reading time":"2 minutes"},"schema":{"@context":"https:\/\/schema.org","@graph":[{"@type":"WebPage","@id":"https:\/\/ddz.de\/en\/research\/institute-for-clinical-biochemistry-and-pathobiochemistry\/cellular-morphology-unit\/","url":"https:\/\/ddz.de\/en\/research\/institute-for-clinical-biochemistry-and-pathobiochemistry\/cellular-morphology-unit\/","name":"[unit_name foo=\"Cellular Morphology Unit\" unit_id=\"6191\"\/] - Deutsches Diabetes-Zentrum (DDZ)","isPartOf":{"@id":"https:\/\/ddz.de\/en\/#website"},"primaryImageOfPage":{"@id":"https:\/\/ddz.de\/en\/research\/institute-for-clinical-biochemistry-and-pathobiochemistry\/cellular-morphology-unit\/#primaryimage"},"image":{"@id":"https:\/\/ddz.de\/en\/research\/institute-for-clinical-biochemistry-and-pathobiochemistry\/cellular-morphology-unit\/#primaryimage"},"thumbnailUrl":"https:\/\/ddz.de\/wp-content\/uploads\/AG_Morpho_neu.jpg","datePublished":"2019-11-19T14:58:51+00:00","dateModified":"2020-03-06T12:47:26+00:00","description":"Production of histological preparations for the treatment of clinical and cell biological issues","breadcrumb":{"@id":"https:\/\/ddz.de\/en\/research\/institute-for-clinical-biochemistry-and-pathobiochemistry\/cellular-morphology-unit\/#breadcrumb"},"inLanguage":"en-US","potentialAction":[{"@type":"ReadAction","target":["https:\/\/ddz.de\/en\/research\/institute-for-clinical-biochemistry-and-pathobiochemistry\/cellular-morphology-unit\/"]}]},{"@type":"ImageObject","inLanguage":"en-US","@id":"https:\/\/ddz.de\/en\/research\/institute-for-clinical-biochemistry-and-pathobiochemistry\/cellular-morphology-unit\/#primaryimage","url":"https:\/\/ddz.de\/wp-content\/uploads\/AG_Morpho_neu.jpg","contentUrl":"https:\/\/ddz.de\/wp-content\/uploads\/AG_Morpho_neu.jpg","width":1000,"height":666,"caption":"Bild AG Zellmorphologie"},{"@type":"BreadcrumbList","@id":"https:\/\/ddz.de\/en\/research\/institute-for-clinical-biochemistry-and-pathobiochemistry\/cellular-morphology-unit\/#breadcrumb","itemListElement":[{"@type":"ListItem","position":1,"name":"Startseite","item":"https:\/\/ddz.de\/en\/"},{"@type":"ListItem","position":2,"name":"Research","item":"https:\/\/ddz.de\/en\/research\/"},{"@type":"ListItem","position":3,"name":"Institut f\u00fcr Klinische Biochemie und Pathobiochemie","item":"https:\/\/ddz.de\/en\/research\/institute-for-clinical-biochemistry-and-pathobiochemistry\/"},{"@type":"ListItem","position":4,"name":"Cellular Morphology Unit"}]},{"@type":"WebSite","@id":"https:\/\/ddz.de\/en\/#website","url":"https:\/\/ddz.de\/en\/","name":"Deutsches Diabetes-Zentrum (DDZ)","description":"Diabetes erforschen - Menschen helfen","publisher":{"@id":"https:\/\/ddz.de\/en\/#organization"},"potentialAction":[{"@type":"SearchAction","target":{"@type":"EntryPoint","urlTemplate":"https:\/\/ddz.de\/en\/?s={search_term_string}"},"query-input":{"@type":"PropertyValueSpecification","valueRequired":true,"valueName":"search_term_string"}}],"inLanguage":"en-US"},{"@type":"Organization","@id":"https:\/\/ddz.de\/en\/#organization","name":"Deutsches Diabetes-Zentrum (DDZ)","url":"https:\/\/ddz.de\/en\/","logo":{"@type":"ImageObject","inLanguage":"en-US","@id":"https:\/\/ddz.de\/en\/#\/schema\/logo\/image\/","url":"https:\/\/ddz.de\/wp-content\/uploads\/ddz_logo_de.png","contentUrl":"https:\/\/ddz.de\/wp-content\/uploads\/ddz_logo_de.png","width":640,"height":226,"caption":"Deutsches Diabetes-Zentrum (DDZ)"},"image":{"@id":"https:\/\/ddz.de\/en\/#\/schema\/logo\/image\/"},"sameAs":["https:\/\/www.facebook.com\/diabetesinformationsdienst\/","https:\/\/x.com\/ddz_info","https:\/\/www.youtube.com\/channel\/UCNxwshEljrBJXPri-w9IiLg"]}]}},"_links":{"self":[{"href":"https:\/\/ddz.de\/en\/wp-json\/wp\/v2\/pages\/18541","targetHints":{"allow":["GET"]}}],"collection":[{"href":"https:\/\/ddz.de\/en\/wp-json\/wp\/v2\/pages"}],"about":[{"href":"https:\/\/ddz.de\/en\/wp-json\/wp\/v2\/types\/page"}],"author":[{"embeddable":true,"href":"https:\/\/ddz.de\/en\/wp-json\/wp\/v2\/users\/1"}],"replies":[{"embeddable":true,"href":"https:\/\/ddz.de\/en\/wp-json\/wp\/v2\/comments?post=18541"}],"version-history":[{"count":10,"href":"https:\/\/ddz.de\/en\/wp-json\/wp\/v2\/pages\/18541\/revisions"}],"predecessor-version":[{"id":20327,"href":"https:\/\/ddz.de\/en\/wp-json\/wp\/v2\/pages\/18541\/revisions\/20327"}],"up":[{"embeddable":true,"href":"https:\/\/ddz.de\/en\/wp-json\/wp\/v2\/pages\/18121"}],"wp:featuredmedia":[{"embeddable":true,"href":"https:\/\/ddz.de\/en\/wp-json\/wp\/v2\/media\/20047"}],"wp:attachment":[{"href":"https:\/\/ddz.de\/en\/wp-json\/wp\/v2\/media?parent=18541"}],"wp:term":[{"taxonomy":"category","embeddable":true,"href":"https:\/\/ddz.de\/en\/wp-json\/wp\/v2\/categories?post=18541"},{"taxonomy":"post_tag","embeddable":true,"href":"https:\/\/ddz.de\/en\/wp-json\/wp\/v2\/tags?post=18541"}],"curies":[{"name":"wp","href":"https:\/\/api.w.org\/{rel}","templated":true}]}}