{"id":18530,"date":"2019-03-27T12:26:43","date_gmt":"2019-03-27T11:26:43","guid":{"rendered":"https:\/\/2020.ddz.de\/?page_id=18530"},"modified":"2020-02-12T10:12:15","modified_gmt":"2020-02-12T09:12:15","slug":"proteome-analysis-unit","status":"publish","type":"page","link":"https:\/\/ddz.de\/en\/research\/institute-for-clinical-biochemistry-and-pathobiochemistry\/proteome-analysis-unit\/","title":{"rendered":"Proteome Analysis Unit"},"content":{"rendered":"<div class=\"wpb-content-wrapper\"><p>[vc_row][vc_column][vc_single_image source=&#8221;featured_image&#8221; img_size=&#8221;full&#8221;][vc_column_text]<\/p>\n<h2>Molecular mechanisms of insulin action \/ Foundations of insulin resistance<\/h2>\n<p>The proteome, which defines all the proteins of a tissue, a cell or a compartment, is highly dynamic and reacts directly to set stimuli. The parallel analysis of such complex protein networks provides new insights into protein regulation and interaction and provides important access to the identification of molecular targets and manipulated variables as well as potential biomarkers. For this purpose, the mass spectrometry-supported functional proteome analysis provides the appropriate platform.<\/p>\n<p>The Proteome Analysis Unit investigates the molecular mechanisms of insulin action and the basics of insulin resistance. It utilizes a high-resolution mass spectrometer (Orbitrap \u2122 Fusion \u2122 Lumos \u2122 Tribrid \u2122) to quantify secondary protein modifications as well as identify novel predictive biomarkers for type 2 diabetes mellitus and sequelae.<\/p>\n<h2>Aims<\/h2>\n<p>One focus of our research is the analysis of fatty tissue and skeletal muscle secretagogues, especially identifying marker proteins involved in crosstalk between organs and in the pathogenesis of insulin resistance. The results of our systematic secretome examinations are summarized in the DiabesityProteom database and can be accessed at www.diabesityprot.org.<\/p>\n<h2>Protein Rainbow Workshop<\/h2>\n<p>Our annual Protein Rainbow Workshop offers the opportunity to learn about modern techniques of protein analysis and apply it to their own sample material.[\/vc_column_text][\/vc_column][\/vc_row][vc_row el_class=\"distance-top-small\"][vc_column][vc_tta_tour tab_position=\"right\" active_section=\"1\"][vc_tta_section i_icon_fontawesome=\"fa fa-users\" add_icon=\"true\" title=\"Team\" tab_id=\"1557219375391-43fad21d-8602\"][vc_column_text]<\/p>\n<h2>Team<\/h2>\n<p>[\/vc_column_text][vc_column_text]<div class=\" pure-data shortcodes color-links\"><div class=\"visitenkarten-container\"><div class=\"visitenkarte\">\r\n\t\t\t\t\t<div class=\"inner\">\r\n\t\t\t\t\t\t\r\n\t\t\t\t\t\t<div class=\"portrait\" style=\"background-image:url(https:\/\/api.ddz.de\/file\/get\/01fe2c3f840dfb3e0c31e62a2ca8923d80a276b95dd8f5467d76bc86615e1bdc.jpg)\" title=\"Portrait image of Dr. rer. nat. Stefan Lehr\"><\/div>\r\n\t\t\t\t\t\t\r\n\r\n\t\t\t\t\t\t<div class=\"left\">\r\n\t\t\t\t\t\t\t<div class=\"name mb-3\">Dr. rer. nat. Stefan Lehr<\/div>\r\n\t\t\t\t\t\t\t<div class=\"units-roles mt-2 clear-first\"><div class=\"roles-and-unit mt-2 clear-first\"><div class=\"roles hyphens\"><span class=\"role hyphens mb-1 clear-last\">Head<\/span><\/div><div class=\"orgaunit hyphens\">Proteome Analysis Unit<\/div><\/div><\/div>\r\n\t\t\t\t\t\t\t\r\n\t\t\t\t\t\t\t\r\n\t\t\t\t\t\t\t\r\n\t\t\t\t\t\t\t\r\n\t\t\t\t\t\t\t<div class=\"contacts mt-4\">\r\n\t\t\t\t\t\t\t\t<div class=\"email mt-2\"><a href=\"mailto:stefan.lehr@ddz.de\" title=\"Send e-mail to Dr. rer. nat. Stefan Lehr\"><i class=\"fa fa-envelope\"><\/i> stefan.lehr@ddz.de<\/a><\/div>\r\n\t\t\t\t\t\t\t\t<div class=\"phones mt-2\"><div class=\"phone mt-1 clear-first\"><i class=\"fa fa-phone\"><\/i>+49 211 3382-531<\/div><\/div>\r\n\t\t\t\t\t\t\t<\/div>\r\n\t\t\t\t\t\t\t\r\n\t\t\t\t\t\t\t<div class=\"author-link mt-4\"><a href=\"\/author\/?id=5946#dr-rer-nat-stefan-lehr\" title=\"View selected publications of Dr. rer. nat. Stefan Lehr\"><i class=\"fa fa-user\"><\/i>Selected publications<\/a><\/div>\r\n\t\t\t\t\t\t\t\r\n\t\t\t\t\t\t<\/div>\r\n\t\t\t\t\t<\/div>\r\n\t\t\t\t<\/div><\/div><div class=\"persons-container\"><ul class=\"special table tr-pad td-pad-l tr-sep td-sep\"><li class=\"tr pad sep\">\r\n\t\t\t\t\t<div class=\"td\">\r\n\t\t\t\t\t\t<span class=\"name\">Dr. rer. nat. Sonja Hartwig<\/span>\r\n\t\t\t\t\t\t\r\n\t\t\t\t\t<\/div>\r\n\t\t\t\t\t\r\n\t\t\t\t\t<div class=\"td\"><a href=\"mailto:sonja.hartwig@ddz.de\" title=\"E-Mail senden an Dr. rer. nat. Sonja Hartwig\"><i class=\"fa fa-envelope\"><\/i><\/a><\/div>\r\n\t\t\t\t<\/li><li class=\"tr pad sep\">\r\n\t\t\t\t\t<div class=\"td\">\r\n\t\t\t\t\t\t<span class=\"name\">Ulrike Kettel<\/span>\r\n\t\t\t\t\t\t\r\n\t\t\t\t\t<\/div>\r\n\t\t\t\t\t\r\n\t\t\t\t\t<div class=\"td\"><a href=\"mailto:ulrike.kettel@ddz.de\" title=\"E-Mail senden an Ulrike Kettel\"><i class=\"fa fa-envelope\"><\/i><\/a><\/div>\r\n\t\t\t\t<\/li><li class=\"tr pad sep\">\r\n\t\t\t\t\t<div class=\"td\">\r\n\t\t\t\t\t\t<span class=\"name\">Martina Schiller<\/span>\r\n\t\t\t\t\t\t\r\n\t\t\t\t\t<\/div>\r\n\t\t\t\t\t\r\n\t\t\t\t\t<div class=\"td\"><a href=\"mailto:martina.schiller@ddz.de\" title=\"E-Mail senden an Martina Schiller\"><i class=\"fa fa-envelope\"><\/i><\/a><\/div>\r\n\t\t\t\t<\/li><li class=\"tr pad sep\">\r\n\t\t\t\t\t<div class=\"td\">\r\n\t\t\t\t\t\t<span class=\"name\">Lara Weber<\/span>\r\n\t\t\t\t\t\t\r\n\t\t\t\t\t<\/div>\r\n\t\t\t\t\t\r\n\t\t\t\t\t<div class=\"td\"><a href=\"mailto:lara.weber@ddz.de\" title=\"E-Mail senden an Lara Weber\"><i class=\"fa fa-envelope\"><\/i><\/a><\/div>\r\n\t\t\t\t<\/li><\/ul><\/div><\/div>[\/vc_column_text][\/vc_tta_section][vc_tta_section i_icon_fontawesome=\"fa fa-leanpub\" add_icon=\"true\" title=\"Selected Publications\" tab_id=\"1557219386270-21db6446-ffce\"][vc_column_text]<\/p>\n<h2>Selected Publications<\/h2>\n<p>[\/vc_column_text][vc_column_text]<div class=\" pure-data shortcodes color-links\"><ul class=\"publications special color-links\"><li>Franko A, Hartwig S, Kotzka J, Ruo\u00df M, N\u00fcssler AK, K\u00f6nigsrainer A, H\u00e4ring H-U, Lehr S, Peter A 2019. <span class=\"title\" lang=\"en\">Identification of the Secreted Proteins Originated from Primary Human Hepatocytes and HepG2 Cells.<\/span> Nutrients. 11. <a target=\"_blank\" href=\"https:\/\/doi.org\/10.3390\/nu11081795\" title=\"Open the website of the publication &#187;Identification of the Secreted Proteins Originated from Primary Human Hepatocytes and HepG2 Cells&#171;\">https:\/\/doi.org\/10.3390\/nu11081795<\/a><\/li><li>Petz A, Grandoch M, Gorski DJ, Abrams M, Piroth MA, Schneckmann R, Homann S, M\u00fcller J, Hartwig S, Lehr S, Yamaguchi Y, Wight TN, Gorressen S, Ding Z, K\u00f6tter S, Kr\u00fcger M, Heinen A, Kelm M, G\u00f6decke A, Fl\u00f6gel U, Fischer JW 2019. <span class=\"title\" lang=\"en\">Cardiac Hyaluronan Synthesis Is Critically Involved in the Cardiac Macrophage Response and Promotes Healing After Ischemia Reperfusion Injury.<\/span> Circ Res. 124: 1433-1447. <a target=\"_blank\" href=\"https:\/\/doi.org\/10.1161\/CIRCRESAHA.118.313285\" title=\"Open the website of the publication &#187;Cardiac Hyaluronan Synthesis Is Critically Involved in the Cardiac Macrophage Response and Promotes Healing After Ischemia Reperfusion Injury&#171;\">https:\/\/doi.org\/10.1161\/CIRCRESAHA.118.313285<\/a><\/li><li>Hartwig S, De Filippo E, G\u00f6ddeke S, Knebel B, Kotzka J, Al-Hasani H, Roden M, Lehr S, Sell H 2019. <span class=\"title\" lang=\"en\">Exosomal proteins constitute an essential part of the human adipose tissue secretome.<\/span> BBA Proteins and Proteomics. 1867. <a target=\"_blank\" href=\"https:\/\/doi.org\/10.1016\/j.bbapap.2018.11.009\" title=\"Open the website of the publication &#187;Exosomal proteins constitute an essential part of the human adipose tissue secretome&#171;\">https:\/\/doi.org\/10.1016\/j.bbapap.2018.11.009<\/a><\/li><li>Keipert S, Kutschke M, Ost M, Schwarzmayr T, van Schothorst EM., Lamp D, Brachth\u00e4user L, Hamp I, Mazibuko SE., Hartwig S, Lehr S, Graf E, Plettenburg O, Neff F, Tsch\u00f6p MH, Jastroch M 2017. <span class=\"title\" lang=\"en\">Long-Term Cold Adaptation Does Not Require FGF21 or UCP1.<\/span> Cell Metab. 26: 437-446.e5. <a target=\"_blank\" href=\"https:\/\/doi.org\/10.1016\/j.cmet.2017.07.016\" title=\"Open the website of the publication &#187;Long-Term Cold Adaptation Does Not Require FGF21 or UCP1&#171;\">https:\/\/doi.org\/10.1016\/j.cmet.2017.07.016<\/a><\/li><li>Markgraf D, Al-Hasani H, Lehr S 2016. <span class=\"title\" lang=\"en\">Lipidomics-Reshaping the Analysis and Perception of Type 2 Diabetes.<\/span> Int J Mol Sci. 17. <a target=\"_blank\" href=\"https:\/\/doi.org\/10.3390\/ijms17111841\" title=\"Open the website of the publication &#187;Lipidomics-Reshaping the Analysis and Perception of Type 2 Diabetes&#171;\">https:\/\/doi.org\/10.3390\/ijms17111841<\/a><\/li><li>Fr\u00f6bel J, Hartwig S, Jourdain S, Fischer JC, Zilkens C, K\u00fcndgen A, Suckau D, Germing U, Czibere A, Lehr S 2015. <span class=\"title\" lang=\"en\">Deep serum discoveries:<\/span> SDF-1\u03b1 and HSA fragments in myelodysplastic syndromes. Am J Hematol. 90: E185-E187. <a target=\"_blank\" href=\"https:\/\/doi.org\/10.1002\/ajh.24070\" title=\"Open the website of the publication &#187;Deep serum discoveries&#171;\">https:\/\/doi.org\/10.1002\/ajh.24070<\/a><\/li><li>Hartwig S, Raschke S, Knebel B, Scheler M, Irmler M, Passlack W, Muller S, Hanisch F-G, Franz T, Li X, Dicken H-D, Eckardt K, Beckers J, de Angelis MH, Weigert C, H\u00e4ring H-U, Al-Hasani H, Ouwens DM, Eckel J, Kotzka J, Lehr S 2014. <span class=\"title\" lang=\"en\">Secretome profiling of primary human skeletal muscle cells.<\/span> BBA Proteins and Proteomics. 1844: 1011-7. <a target=\"_blank\" href=\"https:\/\/doi.org\/10.1016\/j.bbapap.2013.08.004\" title=\"Open the website of the publication &#187;Secretome profiling of primary human skeletal muscle cells&#171;\">https:\/\/doi.org\/10.1016\/j.bbapap.2013.08.004<\/a><\/li><li>Lehr S, Westermeier R 2013. <span class=\"title\" lang=\"en\">2-dimensional gel electrophoresis reloaded.<\/span> Arch Physiol Biochem. 119: 93. <a target=\"_blank\" href=\"https:\/\/doi.org\/10.3109\/13813455.2013.812122\" title=\"Open the website of the publication &#187;2-dimensional gel electrophoresis reloaded&#171;\">https:\/\/doi.org\/10.3109\/13813455.2013.812122<\/a><\/li><li>Hartwig S, Lehr S 2012. <span class=\"title\" lang=\"en\">Difference Gel Electrophoresis (DIGE):<\/span> Combination of highly efficient hexapeptide ligand library-based sample preparation with 2D DIGE for the analysis of the hidden human serum\/plasma proteome. <a target=\"_blank\" href=\"https:\/\/doi.org\/10.1007\/978-1-61779-573-2_12\" title=\"Open the website of the publication &#187;Difference Gel Electrophoresis (DIGE)&#171;\">https:\/\/doi.org\/10.1007\/978-1-61779-573-2_12<\/a><\/li><li>Lehr S, Hartwig S, Lamers D, Famulla S, M\u00fcller S, Hanisch F-G, Cuvelier C, Ruige J, Eckardt K, Ouwens DM, Sell H, Eckel J 2012. <span class=\"title\" lang=\"en\">Identification and validation of novel adipokines released from primary human adipocytes.<\/span> Mol Cell Proteomics. 11: M111.010504. <a target=\"_blank\" href=\"https:\/\/doi.org\/10.1074\/mcp.M111.010504\" title=\"Open the website of the publication &#187;Identification and validation of novel adipokines released from primary human adipocytes&#171;\">https:\/\/doi.org\/10.1074\/mcp.M111.010504<\/a><\/li><\/ul><\/div>[\/vc_column_text][\/vc_tta_section][vc_tta_section i_icon_fontawesome=\"fa fa-handshake-o\" add_icon=\"true\" title=\"Cooperations\" tab_id=\"1557308494754-f9a09df0-a4cc\"][vc_column_text]<\/p>\n<h2>Cooperations<\/h2>\n<p>[\/vc_column_text][vc_column_text]<\/p>\n<ul>\n<li>CIBIO - University of Trento, Laboratory of Biotechnology and Nanomedicine, Department of Cellular, Computational and Integrative Biology: V. D'Agostino<\/li>\n<li>Universit\u00e4tsklinikum T\u00fcbingen, Institut f\u00fcr Klinische Chemie und Pathobiochemie: A. Peter<\/li>\n<li>Universit\u00e4t zu L\u00fcbeck, Interdisziplin\u00e4res Centrum f\u00fcr Biobanking-L\u00fcbeck: T. Gemoll<\/li>\n<li>Deutsches Institut f\u00fcr Ern\u00e4hrungsforschung, Nuthetal, Zentrale Regulation des Stoffwechsels: A. Kleinridders<\/li>\n<li>Universit\u00e4tsklinikum D\u00fcsseldorf, Institut f\u00fcr Pharmakologie und Klinische Pharmakologie: M. Grandoch<\/li>\n<\/ul>\n<p>[\/vc_column_text][\/vc_tta_section][vc_tta_section i_icon_fontawesome=\"fa fa-graduation-cap\" add_icon=\"true\" title=\"Teaching Activities\" tab_id=\"1581325413396-2f5c7f85-ad4e\"][vc_column_text]<\/p>\n<h2>Teaching Activities<\/h2>\n<p>[\/vc_column_text][vc_column_text]<\/p>\n<ul>\n<li>Master module: Insulin Resistance and Diabetes Mellitus 2020 (Lehr)<\/li>\n<li>Anleitung zu wissenschaftlichen Arbeiten\/ Biochemisches Kolloquium (Lehr)<\/li>\n<\/ul>\n<p>[\/vc_column_text][\/vc_tta_section][\/vc_tta_tour][\/vc_column][\/vc_row]<\/p>\n<\/div>","protected":false},"excerpt":{"rendered":"<p>[vc_row][vc_column][vc_single_image source=&#8221;featured_image&#8221; img_size=&#8221;full&#8221;][vc_column_text] The proteome, which defines all the proteins of a tissue, a cell or a compartment, is highly dynamic and reacts directly to set stimuli. The parallel analysis [&hellip;]<\/p>\n","protected":false},"author":1,"featured_media":18908,"parent":18121,"menu_order":2,"comment_status":"closed","ping_status":"closed","template":"","meta":{"_acf_changed":false,"_FSMCFIC_featured_image_caption":"","_FSMCFIC_featured_image_nocaption":"","_FSMCFIC_featured_image_hide":"","footnotes":""},"categories":[195],"tags":[],"class_list":["post-18530","page","type-page","status-publish","has-post-thumbnail","hentry","category-institute-for-clinical-biochemistry-and-pathobiochemistry"],"acf":{"ddz-icon":false,"attachments":false},"yoast_head":"<!-- This site is optimized with the Yoast SEO plugin v27.2 - https:\/\/yoast.com\/product\/yoast-seo-wordpress\/ -->\n<title>Proteome Analysis Unit - Deutsches Diabetes-Zentrum (DDZ)<\/title>\n<meta name=\"description\" content=\"Molecular mechanisms of insulin action \/ Foundations of insulin resistance\" \/>\n<meta name=\"robots\" content=\"index, follow, max-snippet:-1, max-image-preview:large, max-video-preview:-1\" \/>\n<link rel=\"canonical\" href=\"https:\/\/ddz.de\/en\/research\/institute-for-clinical-biochemistry-and-pathobiochemistry\/proteome-analysis-unit\/\" \/>\n<meta property=\"og:locale\" content=\"en_US\" \/>\n<meta property=\"og:type\" content=\"article\" \/>\n<meta property=\"og:title\" content=\"[unit_name foo=&quot;Proteome Analysis Unit&quot; unit_id=&quot;6200&quot;\/] - Deutsches Diabetes-Zentrum (DDZ)\" \/>\n<meta property=\"og:description\" content=\"Molecular mechanisms of insulin action \/ Foundations of insulin resistance\" \/>\n<meta property=\"og:url\" content=\"https:\/\/ddz.de\/en\/research\/institute-for-clinical-biochemistry-and-pathobiochemistry\/proteome-analysis-unit\/\" \/>\n<meta property=\"og:site_name\" content=\"Deutsches Diabetes-Zentrum (DDZ)\" \/>\n<meta property=\"article:publisher\" content=\"https:\/\/www.facebook.com\/diabetesinformationsdienst\/\" \/>\n<meta property=\"article:modified_time\" content=\"2020-02-12T09:12:15+00:00\" \/>\n<meta property=\"og:image\" content=\"https:\/\/ddz.de\/wp-content\/uploads\/AG-Proteom_web.jpg\" \/>\n\t<meta property=\"og:image:width\" content=\"1000\" \/>\n\t<meta property=\"og:image:height\" content=\"667\" \/>\n\t<meta property=\"og:image:type\" content=\"image\/jpeg\" \/>\n<meta name=\"twitter:card\" content=\"summary_large_image\" \/>\n<meta name=\"twitter:site\" content=\"@ddz_info\" \/>\n<meta name=\"twitter:label1\" content=\"Est. reading time\" \/>\n\t<meta name=\"twitter:data1\" content=\"2 minutes\" \/>\n<script type=\"application\/ld+json\" class=\"yoast-schema-graph\">{\"@context\":\"https:\/\/schema.org\",\"@graph\":[{\"@type\":\"WebPage\",\"@id\":\"https:\/\/ddz.de\/en\/research\/institute-for-clinical-biochemistry-and-pathobiochemistry\/proteome-analysis-unit\/\",\"url\":\"https:\/\/ddz.de\/en\/research\/institute-for-clinical-biochemistry-and-pathobiochemistry\/proteome-analysis-unit\/\",\"name\":\"[unit_name foo=\\\"Proteome Analysis Unit\\\" unit_id=\\\"6200\\\"\/] - Deutsches Diabetes-Zentrum (DDZ)\",\"isPartOf\":{\"@id\":\"https:\/\/ddz.de\/en\/#website\"},\"primaryImageOfPage\":{\"@id\":\"https:\/\/ddz.de\/en\/research\/institute-for-clinical-biochemistry-and-pathobiochemistry\/proteome-analysis-unit\/#primaryimage\"},\"image\":{\"@id\":\"https:\/\/ddz.de\/en\/research\/institute-for-clinical-biochemistry-and-pathobiochemistry\/proteome-analysis-unit\/#primaryimage\"},\"thumbnailUrl\":\"https:\/\/ddz.de\/wp-content\/uploads\/AG-Proteom_web.jpg\",\"datePublished\":\"2019-03-27T11:26:43+00:00\",\"dateModified\":\"2020-02-12T09:12:15+00:00\",\"description\":\"Molecular mechanisms of insulin action \/ Foundations of insulin resistance\",\"breadcrumb\":{\"@id\":\"https:\/\/ddz.de\/en\/research\/institute-for-clinical-biochemistry-and-pathobiochemistry\/proteome-analysis-unit\/#breadcrumb\"},\"inLanguage\":\"en-US\",\"potentialAction\":[{\"@type\":\"ReadAction\",\"target\":[\"https:\/\/ddz.de\/en\/research\/institute-for-clinical-biochemistry-and-pathobiochemistry\/proteome-analysis-unit\/\"]}]},{\"@type\":\"ImageObject\",\"inLanguage\":\"en-US\",\"@id\":\"https:\/\/ddz.de\/en\/research\/institute-for-clinical-biochemistry-and-pathobiochemistry\/proteome-analysis-unit\/#primaryimage\",\"url\":\"https:\/\/ddz.de\/wp-content\/uploads\/AG-Proteom_web.jpg\",\"contentUrl\":\"https:\/\/ddz.de\/wp-content\/uploads\/AG-Proteom_web.jpg\",\"width\":1000,\"height\":667,\"caption\":\"Bedienung eines Analyseger\u00e4tes der Arbeitsgruppe Proteomanalyse\"},{\"@type\":\"BreadcrumbList\",\"@id\":\"https:\/\/ddz.de\/en\/research\/institute-for-clinical-biochemistry-and-pathobiochemistry\/proteome-analysis-unit\/#breadcrumb\",\"itemListElement\":[{\"@type\":\"ListItem\",\"position\":1,\"name\":\"Startseite\",\"item\":\"https:\/\/ddz.de\/en\/\"},{\"@type\":\"ListItem\",\"position\":2,\"name\":\"Research\",\"item\":\"https:\/\/ddz.de\/en\/research\/\"},{\"@type\":\"ListItem\",\"position\":3,\"name\":\"Institut f\u00fcr Klinische Biochemie und Pathobiochemie\",\"item\":\"https:\/\/ddz.de\/en\/research\/institute-for-clinical-biochemistry-and-pathobiochemistry\/\"},{\"@type\":\"ListItem\",\"position\":4,\"name\":\"Proteome Analysis Unit\"}]},{\"@type\":\"WebSite\",\"@id\":\"https:\/\/ddz.de\/en\/#website\",\"url\":\"https:\/\/ddz.de\/en\/\",\"name\":\"Deutsches Diabetes-Zentrum (DDZ)\",\"description\":\"Diabetes erforschen - Menschen helfen\",\"publisher\":{\"@id\":\"https:\/\/ddz.de\/en\/#organization\"},\"potentialAction\":[{\"@type\":\"SearchAction\",\"target\":{\"@type\":\"EntryPoint\",\"urlTemplate\":\"https:\/\/ddz.de\/en\/?s={search_term_string}\"},\"query-input\":{\"@type\":\"PropertyValueSpecification\",\"valueRequired\":true,\"valueName\":\"search_term_string\"}}],\"inLanguage\":\"en-US\"},{\"@type\":\"Organization\",\"@id\":\"https:\/\/ddz.de\/en\/#organization\",\"name\":\"Deutsches Diabetes-Zentrum (DDZ)\",\"url\":\"https:\/\/ddz.de\/en\/\",\"logo\":{\"@type\":\"ImageObject\",\"inLanguage\":\"en-US\",\"@id\":\"https:\/\/ddz.de\/en\/#\/schema\/logo\/image\/\",\"url\":\"https:\/\/ddz.de\/wp-content\/uploads\/ddz_logo_de.png\",\"contentUrl\":\"https:\/\/ddz.de\/wp-content\/uploads\/ddz_logo_de.png\",\"width\":640,\"height\":226,\"caption\":\"Deutsches Diabetes-Zentrum (DDZ)\"},\"image\":{\"@id\":\"https:\/\/ddz.de\/en\/#\/schema\/logo\/image\/\"},\"sameAs\":[\"https:\/\/www.facebook.com\/diabetesinformationsdienst\/\",\"https:\/\/x.com\/ddz_info\",\"https:\/\/www.youtube.com\/channel\/UCNxwshEljrBJXPri-w9IiLg\"]}]}<\/script>\n<!-- \/ Yoast SEO plugin. -->","yoast_head_json":{"title":"Proteome Analysis Unit - Deutsches Diabetes-Zentrum (DDZ)","description":"Molecular mechanisms of insulin action \/ Foundations of insulin resistance","robots":{"index":"index","follow":"follow","max-snippet":"max-snippet:-1","max-image-preview":"max-image-preview:large","max-video-preview":"max-video-preview:-1"},"canonical":"https:\/\/ddz.de\/en\/research\/institute-for-clinical-biochemistry-and-pathobiochemistry\/proteome-analysis-unit\/","og_locale":"en_US","og_type":"article","og_title":"[unit_name foo=\"Proteome Analysis Unit\" unit_id=\"6200\"\/] - Deutsches Diabetes-Zentrum (DDZ)","og_description":"Molecular mechanisms of insulin action \/ Foundations of insulin resistance","og_url":"https:\/\/ddz.de\/en\/research\/institute-for-clinical-biochemistry-and-pathobiochemistry\/proteome-analysis-unit\/","og_site_name":"Deutsches Diabetes-Zentrum (DDZ)","article_publisher":"https:\/\/www.facebook.com\/diabetesinformationsdienst\/","article_modified_time":"2020-02-12T09:12:15+00:00","og_image":[{"width":1000,"height":667,"url":"https:\/\/ddz.de\/wp-content\/uploads\/AG-Proteom_web.jpg","type":"image\/jpeg"}],"twitter_card":"summary_large_image","twitter_site":"@ddz_info","twitter_misc":{"Est. reading time":"2 minutes"},"schema":{"@context":"https:\/\/schema.org","@graph":[{"@type":"WebPage","@id":"https:\/\/ddz.de\/en\/research\/institute-for-clinical-biochemistry-and-pathobiochemistry\/proteome-analysis-unit\/","url":"https:\/\/ddz.de\/en\/research\/institute-for-clinical-biochemistry-and-pathobiochemistry\/proteome-analysis-unit\/","name":"[unit_name foo=\"Proteome Analysis Unit\" unit_id=\"6200\"\/] - Deutsches Diabetes-Zentrum (DDZ)","isPartOf":{"@id":"https:\/\/ddz.de\/en\/#website"},"primaryImageOfPage":{"@id":"https:\/\/ddz.de\/en\/research\/institute-for-clinical-biochemistry-and-pathobiochemistry\/proteome-analysis-unit\/#primaryimage"},"image":{"@id":"https:\/\/ddz.de\/en\/research\/institute-for-clinical-biochemistry-and-pathobiochemistry\/proteome-analysis-unit\/#primaryimage"},"thumbnailUrl":"https:\/\/ddz.de\/wp-content\/uploads\/AG-Proteom_web.jpg","datePublished":"2019-03-27T11:26:43+00:00","dateModified":"2020-02-12T09:12:15+00:00","description":"Molecular mechanisms of insulin action \/ Foundations of insulin resistance","breadcrumb":{"@id":"https:\/\/ddz.de\/en\/research\/institute-for-clinical-biochemistry-and-pathobiochemistry\/proteome-analysis-unit\/#breadcrumb"},"inLanguage":"en-US","potentialAction":[{"@type":"ReadAction","target":["https:\/\/ddz.de\/en\/research\/institute-for-clinical-biochemistry-and-pathobiochemistry\/proteome-analysis-unit\/"]}]},{"@type":"ImageObject","inLanguage":"en-US","@id":"https:\/\/ddz.de\/en\/research\/institute-for-clinical-biochemistry-and-pathobiochemistry\/proteome-analysis-unit\/#primaryimage","url":"https:\/\/ddz.de\/wp-content\/uploads\/AG-Proteom_web.jpg","contentUrl":"https:\/\/ddz.de\/wp-content\/uploads\/AG-Proteom_web.jpg","width":1000,"height":667,"caption":"Bedienung eines Analyseger\u00e4tes der Arbeitsgruppe Proteomanalyse"},{"@type":"BreadcrumbList","@id":"https:\/\/ddz.de\/en\/research\/institute-for-clinical-biochemistry-and-pathobiochemistry\/proteome-analysis-unit\/#breadcrumb","itemListElement":[{"@type":"ListItem","position":1,"name":"Startseite","item":"https:\/\/ddz.de\/en\/"},{"@type":"ListItem","position":2,"name":"Research","item":"https:\/\/ddz.de\/en\/research\/"},{"@type":"ListItem","position":3,"name":"Institut f\u00fcr Klinische Biochemie und Pathobiochemie","item":"https:\/\/ddz.de\/en\/research\/institute-for-clinical-biochemistry-and-pathobiochemistry\/"},{"@type":"ListItem","position":4,"name":"Proteome Analysis Unit"}]},{"@type":"WebSite","@id":"https:\/\/ddz.de\/en\/#website","url":"https:\/\/ddz.de\/en\/","name":"Deutsches Diabetes-Zentrum (DDZ)","description":"Diabetes erforschen - Menschen helfen","publisher":{"@id":"https:\/\/ddz.de\/en\/#organization"},"potentialAction":[{"@type":"SearchAction","target":{"@type":"EntryPoint","urlTemplate":"https:\/\/ddz.de\/en\/?s={search_term_string}"},"query-input":{"@type":"PropertyValueSpecification","valueRequired":true,"valueName":"search_term_string"}}],"inLanguage":"en-US"},{"@type":"Organization","@id":"https:\/\/ddz.de\/en\/#organization","name":"Deutsches Diabetes-Zentrum (DDZ)","url":"https:\/\/ddz.de\/en\/","logo":{"@type":"ImageObject","inLanguage":"en-US","@id":"https:\/\/ddz.de\/en\/#\/schema\/logo\/image\/","url":"https:\/\/ddz.de\/wp-content\/uploads\/ddz_logo_de.png","contentUrl":"https:\/\/ddz.de\/wp-content\/uploads\/ddz_logo_de.png","width":640,"height":226,"caption":"Deutsches Diabetes-Zentrum (DDZ)"},"image":{"@id":"https:\/\/ddz.de\/en\/#\/schema\/logo\/image\/"},"sameAs":["https:\/\/www.facebook.com\/diabetesinformationsdienst\/","https:\/\/x.com\/ddz_info","https:\/\/www.youtube.com\/channel\/UCNxwshEljrBJXPri-w9IiLg"]}]}},"_links":{"self":[{"href":"https:\/\/ddz.de\/en\/wp-json\/wp\/v2\/pages\/18530","targetHints":{"allow":["GET"]}}],"collection":[{"href":"https:\/\/ddz.de\/en\/wp-json\/wp\/v2\/pages"}],"about":[{"href":"https:\/\/ddz.de\/en\/wp-json\/wp\/v2\/types\/page"}],"author":[{"embeddable":true,"href":"https:\/\/ddz.de\/en\/wp-json\/wp\/v2\/users\/1"}],"replies":[{"embeddable":true,"href":"https:\/\/ddz.de\/en\/wp-json\/wp\/v2\/comments?post=18530"}],"version-history":[{"count":9,"href":"https:\/\/ddz.de\/en\/wp-json\/wp\/v2\/pages\/18530\/revisions"}],"predecessor-version":[{"id":20022,"href":"https:\/\/ddz.de\/en\/wp-json\/wp\/v2\/pages\/18530\/revisions\/20022"}],"up":[{"embeddable":true,"href":"https:\/\/ddz.de\/en\/wp-json\/wp\/v2\/pages\/18121"}],"wp:featuredmedia":[{"embeddable":true,"href":"https:\/\/ddz.de\/en\/wp-json\/wp\/v2\/media\/18908"}],"wp:attachment":[{"href":"https:\/\/ddz.de\/en\/wp-json\/wp\/v2\/media?parent=18530"}],"wp:term":[{"taxonomy":"category","embeddable":true,"href":"https:\/\/ddz.de\/en\/wp-json\/wp\/v2\/categories?post=18530"},{"taxonomy":"post_tag","embeddable":true,"href":"https:\/\/ddz.de\/en\/wp-json\/wp\/v2\/tags?post=18530"}],"curies":[{"name":"wp","href":"https:\/\/api.w.org\/{rel}","templated":true}]}}