{"id":15651,"date":"2023-01-01T02:00:28","date_gmt":"2023-01-01T01:00:28","guid":{"rendered":"https:\/\/2020.ddz.de\/?page_id=15651"},"modified":"2024-03-11T13:38:19","modified_gmt":"2024-03-11T12:38:19","slug":"baria-ddz-studie","status":"publish","type":"page","link":"https:\/\/ddz.de\/en\/studien\/baria-ddz-studie\/","title":{"rendered":"BARIA-DDZ-Studie"},"content":{"rendered":"<div class=\"wpb-content-wrapper\">[vc_row][vc_column][vc_single_image image=&#8221;21518&#8243; img_size=&#8221;full&#8221;][vc_empty_space height=&#8221;40px&#8221;][\/vc_column][\/vc_row][vc_row][vc_column][vc_column_text]\r\n<h2>Nutzen der bariatrischen Chirurgie zur Verbesserung der Insulinsensitivit\u00e4t<\/h2>\r\nZiel der BARIA-DDZ-Studie ist es, mehr \u00fcber die gesundheitlichen Auswirkungen nach einer bariatrischen Operation herauszufinden und m\u00f6glicherweise neue Konzepte zur Therapie von Adipositas und dessen Begleiterkrankungen zu entwickeln.\r\n\r\n[\/vc_column_text][vc_empty_space height=\"40px\"][\/vc_column][\/vc_row][vc_row][vc_column][vc_tta_tour tab_position=\"right\" controls_size=\"md\" active_section=\"1\"][vc_tta_section i_icon_fontawesome=\"far fa-user-circle\" add_icon=\"true\" title=\"Wer kann teilnehmen?\" tab_id=\"1568905612162-cc98c880-f00f\"]<div id='ins-heading-69d2919956257' class='section-heading ins-heading default default    '  style='margin-top:0; margin-bottom:0'><h2 class='section-heading-title margin-10px-top  font-weight-600 '>Wer kann teilnehmen?<\/h2><\/div><script type=\"text\/javascript\">\n\t\t(function(jQuery) {\n\t\t\t\t\t})(jQuery);\n\t\t\t\t\t\t<\/script>[vc_empty_space height=\"10px\"][vc_column_text]Personen mit einem Body-Mass-Index (BMI) \u00fcber 35 kg\/m\u00b2 (Adipositas Grad II oder Grad III)[\/vc_column_text][\/vc_tta_section][vc_tta_section i_icon_fontawesome=\"fas fa-feather-alt\" add_icon=\"true\" title=\"Adipositastherapie\" tab_id=\"1568905612174-95224172-6149\"]<div id='ins-heading-69d2919956278' class='section-heading ins-heading default default    '  style='margin-top:0; margin-bottom:0'><h2 class='section-heading-title margin-10px-top  font-weight-600 '>Adipositastherapie<\/h2><\/div><script type=\"text\/javascript\">\n\t\t(function(jQuery) {\n\t\t\t\t\t})(jQuery);\n\t\t\t\t\t\t<\/script>[vc_empty_space height=\"10px\"][vc_column_text]Die Basisbehandlung der Adipositas beruht auf den drei S\u00e4ulen Ern\u00e4hrungs-, Bewegungs- und Verhaltenstherapie. Wenn diese Ma\u00dfnahmen nicht greifen, kann eine chirurgische Therapie, auch bekannt als bariatrische Chirurgie, in Betracht kommen. Erste Studien zur bariatrischen Chirurgie haben den positiven Langzeiteffekt auf das K\u00f6rpergewicht, Begleiterkrankungen und die Lebensdauer belegt. Operationen wie Magenband, Schlauchmagenbildung oder Magenbypass, k\u00f6nnen oft schon nach kurzer Zeit eine Verbesserung des Zuckerstoffwechsels bewirken. Bei der Magenbypass-Operation mit bestehendem Typ-2-Diabetes kann sich der Diabetes je nach Krankheitsdauer und -verlauf h\u00e4ufig sogar zur\u00fcckentwickeln und die Patientinnen und Patienten ben\u00f6tigen kein Insulin mehr. Bisher konnte allerdings nicht gekl\u00e4rt werden, worauf die positiven Effekte beruhen. Die Gewichtsabnahme allein kann daf\u00fcr nicht verantwortlich sein.\r\n\r\nEine sorgf\u00e4ltige klinische Untersuchung vor und nach einer bariatrischen Operation wird es zuk\u00fcnftig erlauben, den Nutzen bariatrischer Verfahren f\u00fcr die Patientinnen und Patienten genau zu definieren. Dies kann die Grundlage zur Festlegung neuer Zuweisungskriterien liefern. Zudem k\u00f6nnten sich neue Konzepte zur Therapie von Adipositas und dessen Begleiterkrankungen ergeben.[\/vc_column_text][\/vc_tta_section][vc_tta_section i_icon_fontawesome=\"fas fa-info-circle\" add_icon=\"true\" title=\"Weitere Informationen\" tab_id=\"1568905657429-f6fd801d-76b9\"]<div id='ins-heading-69d291995628f' class='section-heading ins-heading default default    '  style='margin-top:0; margin-bottom:0'><h2 class='section-heading-title margin-10px-top  font-weight-600 '>Weitere Informationen<\/h2><\/div><script type=\"text\/javascript\">\n\t\t(function(jQuery) {\n\t\t\t\t\t})(jQuery);\n\t\t\t\t\t\t<\/script>[vc_empty_space height=\"10px\"][vc_column_text]Die Studie beinhaltet mehrere Untersuchungstage. Einige Tage vor der Operation erfolgen spezielle Stoffwechseluntersuchungen, um den Kalorienverbrauch im Ruhezustand, die Fettverbrennung und -verteilung sowie die Insulinproduktion und -wirkung im K\u00f6rper zu bestimmen. Dazu erhalten Sie Infusionen (Insulin\/Zucker), w\u00e4hrend Ihnen in regelm\u00e4\u00dfigen Abst\u00e4nden kleine Mengen Blut abgenommen werden. Wenn Sie damit einverstanden sind, erfolgt zus\u00e4tzlich nach lokaler Bet\u00e4ubung die Entnahme einer kleinen Probe aus dem Bauchfett und dem seitlichen Oberschenkelmuskel.\r\n\r\nAm Tag Ihrer Operation sichern wir Blut- und Gewebeproben f\u00fcr sp\u00e4tere Analysen. Nach Ihrer Operation m\u00f6chten wir im Rahmen der Studie die Verbesserung Ihres Stoffwechsels beobachten. Geplant sind hierf\u00fcr f\u00fcnf Nachuntersuchungen: etwa 2 Wochen sowie 3, 6, 12 und 24 Monate nach der Operation. Der Zeitaufwand betr\u00e4gt f\u00fcr Sie jeweils 6-8 Stunden und wird mit jeweils 600 Euro entsch\u00e4digt. Sollten Sie weniger Zeit haben, k\u00f6nnen wir ein Untersuchungsprogramm mit geringem Zeitaufwand anbieten.\r\n\r\nIm Anschluss an die einzelnen Untersuchungstage erhalten Sie Ihre Befunde und eine detaillierte Erkl\u00e4rung Ihrer Untersuchungsergebnisse von Ihrem Studienarzt.[\/vc_column_text][\/vc_tta_section][vc_tta_section i_icon_fontawesome=\"fas fa-user-friends\" add_icon=\"true\" title=\"Ansprechpartner\" tab_id=\"kontakt\"]<div id='ins-heading-69d29199562a2' class='section-heading ins-heading default default    '  style='margin-top:0; margin-bottom:0'><h2 class='section-heading-title margin-10px-top  font-weight-600 '>Ansprechpartner<\/h2><\/div><script type=\"text\/javascript\">\n\t\t(function(jQuery) {\n\t\t\t\t\t})(jQuery);\n\t\t\t\t\t\t<\/script>[vc_empty_space height=\"10px\"][vc_column_text]Gerne k\u00f6nnen Sie uns bei Interesse oder Fragen unverbindlich telefonisch oder per E-Mail kontaktieren:\r\n\r\n\r\n<div class=\" pure-data shortcodes color-links\"><div class=\"visitenkarten-container\"><div class=\"visitenkarte\">\r\n\t\t\t\t\t<div class=\"inner\">\r\n\t\t\t\t\t\t\r\n\r\n\t\t\t\t\t\t<div class=\"left\">\r\n\t\t\t\t\t\t\t<div class=\"name mb-3\">Dr. med. Sabine Kahl<\/div>\r\n\t\t\t\t\t\t\t<div class=\"units-roles mt-2 clear-first\"><div class=\"roles-and-unit mt-2 clear-first\"><div class=\"roles hyphens\"><span class=\"role hyphens mb-1 clear-last\">Studienkoordination<\/span><\/div><div class=\"orgaunit hyphens\">BARIA-DDZ-Studie<\/div><\/div><\/div>\r\n\t\t\t\t\t\t\t\r\n\t\t\t\t\t\t\t\r\n\t\t\t\t\t\t\t\r\n\t\t\t\t\t\t\t\r\n\t\t\t\t\t\t\t<div class=\"contacts mt-4\">\r\n\t\t\t\t\t\t\t\t<div class=\"email mt-2\"><a href=\"mailto:energiestoffwechsel@ddz.de\" title=\"Send e-mail to Dr. med. Sabine Kahl\"><i class=\"fa fa-envelope\"><\/i> energiestoffwechsel@ddz.de<\/a><\/div>\r\n\t\t\t\t\t\t\t\t<div class=\"phones mt-2\"><div class=\"phone mt-1 clear-first\"><i class=\"fa fa-phone\"><\/i>+49 211 3382-698<\/div><\/div>\r\n\t\t\t\t\t\t\t<\/div>\r\n\t\t\t\t\t\t\t\r\n\t\t\t\t\t\t\t\r\n\t\t\t\t\t\t\t\r\n\t\t\t\t\t\t<\/div>\r\n\t\t\t\t\t<\/div>\r\n\t\t\t\t<\/div><\/div><\/div>\r\n<div class=\" pure-data shortcodes color-links\"><div class=\"visitenkarten-container\"><div class=\"visitenkarte\">\r\n\t\t\t\t\t<div class=\"inner\">\r\n\t\t\t\t\t\t\r\n\t\t\t\t\t\t<div class=\"portrait\" style=\"background-image:url(https:\/\/api.ddz.de\/file\/get\/d3452bf7dcb57d1cd53443d0ea3b86ec837eae2eb9b5c9011c83e16210c28396.jpg)\" title=\"Portrait image of Univ.-Prof. Dr. Michael Roden\"><\/div>\r\n\t\t\t\t\t\t\r\n\r\n\t\t\t\t\t\t<div class=\"left\">\r\n\t\t\t\t\t\t\t<div class=\"name mb-3\">Univ.-Prof. Dr. Michael Roden<\/div>\r\n\t\t\t\t\t\t\t<div class=\"units-roles mt-2 clear-first\"><div class=\"roles-and-unit mt-2 clear-first\"><div class=\"roles hyphens\"><span class=\"role hyphens mb-1 clear-last\">Studienleitung<\/span><\/div><div class=\"orgaunit hyphens\"><\/div><\/div><\/div>\r\n\t\t\t\t\t\t\t\r\n\t\t\t\t\t\t\t\r\n\t\t\t\t\t\t\t\r\n\t\t\t\t\t\t\t\r\n\t\t\t\t\t\t\t\r\n\t\t\t\t\t\t\t\r\n\t\t\t\t\t\t<\/div>\r\n\t\t\t\t\t<\/div>\r\n\t\t\t\t<\/div><\/div><\/div>[\/vc_column_text][\/vc_tta_section][\/vc_tta_tour][\/vc_column][\/vc_row][vc_row][vc_column][vc_empty_space height=\"100px\"][\/vc_column][\/vc_row]<!-- \/wp:post-content --><\/div>","protected":false},"excerpt":{"rendered":"<p>[vc_row][vc_column][vc_single_image image=&#8221;21518&#8243; img_size=&#8221;full&#8221;][vc_empty_space height=&#8221;40px&#8221;][\/vc_column][\/vc_row][vc_row][vc_column][vc_column_text] Ziel der BARIA-DDZ-Studie ist es, mehr \u00fcber die gesundheitlichen Auswirkungen nach einer bariatrischen Operation herauszufinden und m\u00f6glicherweise neue Konzepte zur Therapie von Adipositas und dessen Begleiterkrankungen [&hellip;]<\/p>\n","protected":false},"author":1,"featured_media":21518,"parent":15013,"menu_order":8,"comment_status":"closed","ping_status":"closed","template":"","meta":{"_acf_changed":false,"_FSMCFIC_featured_image_caption":"","_FSMCFIC_featured_image_nocaption":"","_FSMCFIC_featured_image_hide":"","footnotes":""},"categories":[44],"tags":[],"class_list":["post-15651","page","type-page","status-publish","has-post-thumbnail","hentry","category-studien"],"acf":{"ddz-icon":false,"attachments":false},"yoast_head":"<!-- This site is optimized with the Yoast SEO plugin v27.2 - https:\/\/yoast.com\/product\/yoast-seo-wordpress\/ -->\n<title>BARIA-DDZ-Studie - Deutsches Diabetes-Zentrum (DDZ)<\/title>\n<meta name=\"description\" content=\"Nutzen der bariatrischen Chirurgie zur Verbesserung der Insulinsensitivit\u00e4t\" \/>\n<meta name=\"robots\" content=\"index, follow, max-snippet:-1, max-image-preview:large, max-video-preview:-1\" \/>\n<link rel=\"canonical\" href=\"https:\/\/ddz.de\/en\/studien\/baria-ddz-studie\/\" \/>\n<meta property=\"og:locale\" content=\"en_US\" \/>\n<meta property=\"og:type\" content=\"article\" \/>\n<meta property=\"og:title\" content=\"BARIA-DDZ-Studie - Deutsches Diabetes-Zentrum (DDZ)\" \/>\n<meta property=\"og:description\" content=\"Nutzen der bariatrischen Chirurgie zur Verbesserung der Insulinsensitivit\u00e4t\" \/>\n<meta property=\"og:url\" content=\"https:\/\/ddz.de\/en\/studien\/baria-ddz-studie\/\" \/>\n<meta property=\"og:site_name\" content=\"Deutsches Diabetes-Zentrum (DDZ)\" \/>\n<meta property=\"article:publisher\" content=\"https:\/\/www.facebook.com\/diabetesinformationsdienst\/\" \/>\n<meta property=\"article:modified_time\" content=\"2024-03-11T12:38:19+00:00\" \/>\n<meta property=\"og:image\" content=\"https:\/\/ddz.de\/wp-content\/uploads\/baria-studie-210826.jpg\" \/>\n\t<meta property=\"og:image:width\" content=\"1000\" \/>\n\t<meta property=\"og:image:height\" content=\"668\" \/>\n\t<meta property=\"og:image:type\" content=\"image\/jpeg\" \/>\n<meta name=\"twitter:card\" content=\"summary_large_image\" \/>\n<meta name=\"twitter:site\" content=\"@ddz_info\" \/>\n<meta name=\"twitter:label1\" content=\"Est. reading time\" \/>\n\t<meta name=\"twitter:data1\" content=\"3 minutes\" \/>\n<script type=\"application\/ld+json\" class=\"yoast-schema-graph\">{\"@context\":\"https:\/\/schema.org\",\"@graph\":[{\"@type\":\"WebPage\",\"@id\":\"https:\/\/ddz.de\/en\/studien\/baria-ddz-studie\/\",\"url\":\"https:\/\/ddz.de\/en\/studien\/baria-ddz-studie\/\",\"name\":\"BARIA-DDZ-Studie - Deutsches Diabetes-Zentrum (DDZ)\",\"isPartOf\":{\"@id\":\"https:\/\/ddz.de\/en\/#website\"},\"primaryImageOfPage\":{\"@id\":\"https:\/\/ddz.de\/en\/studien\/baria-ddz-studie\/#primaryimage\"},\"image\":{\"@id\":\"https:\/\/ddz.de\/en\/studien\/baria-ddz-studie\/#primaryimage\"},\"thumbnailUrl\":\"https:\/\/ddz.de\/wp-content\/uploads\/baria-studie-210826.jpg\",\"datePublished\":\"2023-01-01T01:00:28+00:00\",\"dateModified\":\"2024-03-11T12:38:19+00:00\",\"description\":\"Nutzen der bariatrischen Chirurgie zur Verbesserung der Insulinsensitivit\u00e4t\",\"breadcrumb\":{\"@id\":\"https:\/\/ddz.de\/en\/studien\/baria-ddz-studie\/#breadcrumb\"},\"inLanguage\":\"en-US\",\"potentialAction\":[{\"@type\":\"ReadAction\",\"target\":[\"https:\/\/ddz.de\/en\/studien\/baria-ddz-studie\/\"]}]},{\"@type\":\"ImageObject\",\"inLanguage\":\"en-US\",\"@id\":\"https:\/\/ddz.de\/en\/studien\/baria-ddz-studie\/#primaryimage\",\"url\":\"https:\/\/ddz.de\/wp-content\/uploads\/baria-studie-210826.jpg\",\"contentUrl\":\"https:\/\/ddz.de\/wp-content\/uploads\/baria-studie-210826.jpg\",\"width\":1000,\"height\":668,\"caption\":\"Bild der Baria Studie\"},{\"@type\":\"BreadcrumbList\",\"@id\":\"https:\/\/ddz.de\/en\/studien\/baria-ddz-studie\/#breadcrumb\",\"itemListElement\":[{\"@type\":\"ListItem\",\"position\":1,\"name\":\"Startseite\",\"item\":\"https:\/\/ddz.de\/en\/\"},{\"@type\":\"ListItem\",\"position\":2,\"name\":\"Klinische Studien\",\"item\":\"https:\/\/ddz.de\/en\/studien\/\"},{\"@type\":\"ListItem\",\"position\":3,\"name\":\"BARIA-DDZ-Studie\"}]},{\"@type\":\"WebSite\",\"@id\":\"https:\/\/ddz.de\/en\/#website\",\"url\":\"https:\/\/ddz.de\/en\/\",\"name\":\"Deutsches Diabetes-Zentrum (DDZ)\",\"description\":\"Diabetes erforschen - Menschen helfen\",\"publisher\":{\"@id\":\"https:\/\/ddz.de\/en\/#organization\"},\"potentialAction\":[{\"@type\":\"SearchAction\",\"target\":{\"@type\":\"EntryPoint\",\"urlTemplate\":\"https:\/\/ddz.de\/en\/?s={search_term_string}\"},\"query-input\":{\"@type\":\"PropertyValueSpecification\",\"valueRequired\":true,\"valueName\":\"search_term_string\"}}],\"inLanguage\":\"en-US\"},{\"@type\":\"Organization\",\"@id\":\"https:\/\/ddz.de\/en\/#organization\",\"name\":\"Deutsches Diabetes-Zentrum (DDZ)\",\"url\":\"https:\/\/ddz.de\/en\/\",\"logo\":{\"@type\":\"ImageObject\",\"inLanguage\":\"en-US\",\"@id\":\"https:\/\/ddz.de\/en\/#\/schema\/logo\/image\/\",\"url\":\"https:\/\/ddz.de\/wp-content\/uploads\/ddz_logo_de.png\",\"contentUrl\":\"https:\/\/ddz.de\/wp-content\/uploads\/ddz_logo_de.png\",\"width\":640,\"height\":226,\"caption\":\"Deutsches Diabetes-Zentrum (DDZ)\"},\"image\":{\"@id\":\"https:\/\/ddz.de\/en\/#\/schema\/logo\/image\/\"},\"sameAs\":[\"https:\/\/www.facebook.com\/diabetesinformationsdienst\/\",\"https:\/\/x.com\/ddz_info\",\"https:\/\/www.youtube.com\/channel\/UCNxwshEljrBJXPri-w9IiLg\"]}]}<\/script>\n<!-- \/ Yoast SEO plugin. -->","yoast_head_json":{"title":"BARIA-DDZ-Studie - Deutsches Diabetes-Zentrum (DDZ)","description":"Nutzen der bariatrischen Chirurgie zur Verbesserung der Insulinsensitivit\u00e4t","robots":{"index":"index","follow":"follow","max-snippet":"max-snippet:-1","max-image-preview":"max-image-preview:large","max-video-preview":"max-video-preview:-1"},"canonical":"https:\/\/ddz.de\/en\/studien\/baria-ddz-studie\/","og_locale":"en_US","og_type":"article","og_title":"BARIA-DDZ-Studie - Deutsches Diabetes-Zentrum (DDZ)","og_description":"Nutzen der bariatrischen Chirurgie zur Verbesserung der Insulinsensitivit\u00e4t","og_url":"https:\/\/ddz.de\/en\/studien\/baria-ddz-studie\/","og_site_name":"Deutsches Diabetes-Zentrum (DDZ)","article_publisher":"https:\/\/www.facebook.com\/diabetesinformationsdienst\/","article_modified_time":"2024-03-11T12:38:19+00:00","og_image":[{"width":1000,"height":668,"url":"https:\/\/ddz.de\/wp-content\/uploads\/baria-studie-210826.jpg","type":"image\/jpeg"}],"twitter_card":"summary_large_image","twitter_site":"@ddz_info","twitter_misc":{"Est. reading time":"3 minutes"},"schema":{"@context":"https:\/\/schema.org","@graph":[{"@type":"WebPage","@id":"https:\/\/ddz.de\/en\/studien\/baria-ddz-studie\/","url":"https:\/\/ddz.de\/en\/studien\/baria-ddz-studie\/","name":"BARIA-DDZ-Studie - Deutsches Diabetes-Zentrum (DDZ)","isPartOf":{"@id":"https:\/\/ddz.de\/en\/#website"},"primaryImageOfPage":{"@id":"https:\/\/ddz.de\/en\/studien\/baria-ddz-studie\/#primaryimage"},"image":{"@id":"https:\/\/ddz.de\/en\/studien\/baria-ddz-studie\/#primaryimage"},"thumbnailUrl":"https:\/\/ddz.de\/wp-content\/uploads\/baria-studie-210826.jpg","datePublished":"2023-01-01T01:00:28+00:00","dateModified":"2024-03-11T12:38:19+00:00","description":"Nutzen der bariatrischen Chirurgie zur Verbesserung der Insulinsensitivit\u00e4t","breadcrumb":{"@id":"https:\/\/ddz.de\/en\/studien\/baria-ddz-studie\/#breadcrumb"},"inLanguage":"en-US","potentialAction":[{"@type":"ReadAction","target":["https:\/\/ddz.de\/en\/studien\/baria-ddz-studie\/"]}]},{"@type":"ImageObject","inLanguage":"en-US","@id":"https:\/\/ddz.de\/en\/studien\/baria-ddz-studie\/#primaryimage","url":"https:\/\/ddz.de\/wp-content\/uploads\/baria-studie-210826.jpg","contentUrl":"https:\/\/ddz.de\/wp-content\/uploads\/baria-studie-210826.jpg","width":1000,"height":668,"caption":"Bild der Baria Studie"},{"@type":"BreadcrumbList","@id":"https:\/\/ddz.de\/en\/studien\/baria-ddz-studie\/#breadcrumb","itemListElement":[{"@type":"ListItem","position":1,"name":"Startseite","item":"https:\/\/ddz.de\/en\/"},{"@type":"ListItem","position":2,"name":"Klinische Studien","item":"https:\/\/ddz.de\/en\/studien\/"},{"@type":"ListItem","position":3,"name":"BARIA-DDZ-Studie"}]},{"@type":"WebSite","@id":"https:\/\/ddz.de\/en\/#website","url":"https:\/\/ddz.de\/en\/","name":"Deutsches Diabetes-Zentrum (DDZ)","description":"Diabetes erforschen - Menschen helfen","publisher":{"@id":"https:\/\/ddz.de\/en\/#organization"},"potentialAction":[{"@type":"SearchAction","target":{"@type":"EntryPoint","urlTemplate":"https:\/\/ddz.de\/en\/?s={search_term_string}"},"query-input":{"@type":"PropertyValueSpecification","valueRequired":true,"valueName":"search_term_string"}}],"inLanguage":"en-US"},{"@type":"Organization","@id":"https:\/\/ddz.de\/en\/#organization","name":"Deutsches Diabetes-Zentrum (DDZ)","url":"https:\/\/ddz.de\/en\/","logo":{"@type":"ImageObject","inLanguage":"en-US","@id":"https:\/\/ddz.de\/en\/#\/schema\/logo\/image\/","url":"https:\/\/ddz.de\/wp-content\/uploads\/ddz_logo_de.png","contentUrl":"https:\/\/ddz.de\/wp-content\/uploads\/ddz_logo_de.png","width":640,"height":226,"caption":"Deutsches Diabetes-Zentrum (DDZ)"},"image":{"@id":"https:\/\/ddz.de\/en\/#\/schema\/logo\/image\/"},"sameAs":["https:\/\/www.facebook.com\/diabetesinformationsdienst\/","https:\/\/x.com\/ddz_info","https:\/\/www.youtube.com\/channel\/UCNxwshEljrBJXPri-w9IiLg"]}]}},"_links":{"self":[{"href":"https:\/\/ddz.de\/en\/wp-json\/wp\/v2\/pages\/15651","targetHints":{"allow":["GET"]}}],"collection":[{"href":"https:\/\/ddz.de\/en\/wp-json\/wp\/v2\/pages"}],"about":[{"href":"https:\/\/ddz.de\/en\/wp-json\/wp\/v2\/types\/page"}],"author":[{"embeddable":true,"href":"https:\/\/ddz.de\/en\/wp-json\/wp\/v2\/users\/1"}],"replies":[{"embeddable":true,"href":"https:\/\/ddz.de\/en\/wp-json\/wp\/v2\/comments?post=15651"}],"version-history":[{"count":20,"href":"https:\/\/ddz.de\/en\/wp-json\/wp\/v2\/pages\/15651\/revisions"}],"predecessor-version":[{"id":24253,"href":"https:\/\/ddz.de\/en\/wp-json\/wp\/v2\/pages\/15651\/revisions\/24253"}],"up":[{"embeddable":true,"href":"https:\/\/ddz.de\/en\/wp-json\/wp\/v2\/pages\/15013"}],"wp:featuredmedia":[{"embeddable":true,"href":"https:\/\/ddz.de\/en\/wp-json\/wp\/v2\/media\/21518"}],"wp:attachment":[{"href":"https:\/\/ddz.de\/en\/wp-json\/wp\/v2\/media?parent=15651"}],"wp:term":[{"taxonomy":"category","embeddable":true,"href":"https:\/\/ddz.de\/en\/wp-json\/wp\/v2\/categories?post=15651"},{"taxonomy":"post_tag","embeddable":true,"href":"https:\/\/ddz.de\/en\/wp-json\/wp\/v2\/tags?post=15651"}],"curies":[{"name":"wp","href":"https:\/\/api.w.org\/{rel}","templated":true}]}}