{"id":15642,"date":"2023-01-01T04:00:50","date_gmt":"2023-01-01T03:00:50","guid":{"rendered":"https:\/\/2020.ddz.de\/?page_id=15642"},"modified":"2024-03-11T13:34:13","modified_gmt":"2024-03-11T12:34:13","slug":"preg-studie","status":"publish","type":"page","link":"https:\/\/ddz.de\/en\/studien\/preg-studie\/","title":{"rendered":"PREG-Studie"},"content":{"rendered":"<div class=\"wpb-content-wrapper\"><p>[vc_row][vc_column][vc_single_image image=&#8221;15142&#8243; img_size=&#8221;full&#8221;][vc_empty_space height=&#8221;40px&#8221;][\/vc_column][\/vc_row][vc_row][vc_column][vc_column_text]<\/p>\n<h2>Studie f\u00fcr Frauen mit Schwangerschaftsdiabetes<\/h2>\n<p>Frauen mit Schwangerschaftsdiabetes haben ein vielfach erh\u00f6htes Risiko, sp\u00e4ter dauerhaft an Typ-2-Diabetes zu erkranken. Im Rahmen der Deutschen Gestationsdiabetes-Studie (PREG) werden daher deutschlandweit an 5 Standorten Patientinnen mit Schwangerschaftsdiabetes \u00fcber insgesamt zehn Jahre nach der Entbindung nachuntersucht. Dabei ist das Ziel, das Diabetesrisiko abzusch\u00e4tzen, fr\u00fchzeitig Diabetes-Vorstufen festzustellen und ggfs. vorbeugende Ma\u00dfnahmen anzubieten.[\/vc_column_text][vc_empty_space height=\"40px\"][\/vc_column][\/vc_row][vc_row][vc_column][vc_tta_tour tab_position=\"right\" controls_size=\"md\" active_section=\"1\"][vc_tta_section i_icon_fontawesome=\"far fa-user-circle\" add_icon=\"true\" title=\"Wer kann teilnehmen?\" tab_id=\"1677754030320-671d2b54-4c09\"]<div id='ins-heading-69ded7a98ca89' class='section-heading ins-heading default default    '  style='margin-top:0; margin-bottom:0'><h2 class='section-heading-title margin-10px-top  font-weight-600 '>Wer kann teilnehmen?<\/h2><\/div><script type=\"text\/javascript\">\n\t\t(function(jQuery) {\n\t\t\t\t\t})(jQuery);\n\t\t\t\t\t\t<\/script>[vc_empty_space height=\"10px\"][vc_column_text]<\/p>\n<h3>Einschlusskriterien:<\/h3>\n<ul>\n<li>Basisuntersuchung: Frauen in der 24. \u2013 27. +6 Schwangerschaftswoche<\/li>\n<li>1, 2, 5 und 10 Jahre nach Entbindung des Kindes: Wenn in der zur\u00fcckliegenden Schwangerschaft ein oraler Gukose-Toleranztest (oGTT) durchgef\u00fchrt und dokumentiert wurde<\/li>\n<\/ul>\n<h3>Wichtigste Ausschlusskriterien:<\/h3>\n<ul>\n<li>Alter unter 18 Jahre<\/li>\n<li>Typ-1- oder Typ-2-Diabetes<\/li>\n<li>Schwerwiegende Erkrankung, z.B. eine symptomatische koronare Herzerkrankung<\/li>\n<li>Schwere konsumierende Erkrankungen (Krebs)<\/li>\n<li>Schwere Leber- oder Nierenerkrankung<\/li>\n<li>Systemische Infektionen<\/li>\n<li>Psychische Erkrankungen mit Einschr\u00e4nkung der Kooperationsf\u00e4higkeit<\/li>\n<li>Cortison-Therapie<\/li>\n<\/ul>\n<p>[\/vc_column_text][\/vc_tta_section][vc_tta_section i_icon_fontawesome=\"fas fa-info-circle\" add_icon=\"true\" title=\"Schwangerschaftsdiabetes\" tab_id=\"schwangerschaftsdiabetes\"]<div id='ins-heading-69ded7a98caaa' class='section-heading ins-heading default default    '  style='margin-top:0; margin-bottom:0'><h2 class='section-heading-title margin-10px-top  font-weight-600 '>Schwangerschaftsdiabetes<\/h2><\/div><script type=\"text\/javascript\">\n\t\t(function(jQuery) {\n\t\t\t\t\t})(jQuery);\n\t\t\t\t\t\t<\/script>[vc_empty_space height=\"10px\"][vc_column_text]Als Schwangerschaftsdiabetes bezeichnet man eine St\u00f6rung im Zuckerstoffwechsel, die erstmalig w\u00e4hrend der Schwangerschaft auftritt bzw. diagnostiziert wird. Die Ursachen hierf\u00fcr sind vielf\u00e4ltig. Zum einen f\u00fchren verschiedene Schwangerschaftshormone zu einer Abschw\u00e4chung der Insulinwirkung (z. B. \u00d6strogen, Wachstumshormon, Cortisol), andererseits sind die Ern\u00e4hrungsgewohnheiten in der Schwangerschaft h\u00e4ufig ver\u00e4ndert.<\/p>\n<p>Aufgrund der verminderten Insulinwirkung muss der K\u00f6rper vermehrt Insulin produzieren. Wenn dies nicht m\u00f6glich ist, entstehen erh\u00f6hte Blutzuckerwerte und eventuell ein Diabetes. Auch wenn eine Insulintherapie selten erforderlich ist und die meisten Frauen nach der Geburt wieder normale Blutzuckerwerte aufweisen, ist das Risiko f\u00fcr diese Frauen, in ihrem weiteren Leben an Typ-2-Diabetes zu erkranken, erh\u00f6ht.<\/p>\n<p>Um das individuelle Risiko fr\u00fch absch\u00e4tzen zu k\u00f6nnen, sind empfindliche Methoden notwendig, um entsprechende Ma\u00dfnahmen zur Verhinderung einer dauerhaften Erkrankung einzuleiten. Dies ist insbesondere in der Schwangerschaft wichtig, um Komplikationen bei Mutter und Kind zu verhindern.[\/vc_column_text][\/vc_tta_section][vc_tta_section i_icon_fontawesome=\"fas fa-search\" add_icon=\"true\" title=\"Ablauf und Untersuchungen\" tab_id=\"1568905657429-f6fd801d-76b9\"]<div id='ins-heading-69ded7a98cac1' class='section-heading ins-heading default default    '  style='margin-top:0; margin-bottom:0'><h2 class='section-heading-title margin-10px-top  font-weight-600 '>Ablauf und Untersuchungen<\/h2><\/div><script type=\"text\/javascript\">\n\t\t(function(jQuery) {\n\t\t\t\t\t})(jQuery);\n\t\t\t\t\t\t<\/script>[vc_empty_space height=\"10px\"][vc_column_text]Die Studie beinhaltet eine Basisuntersuchung in der Schwangerschaft (24. \u2013 27. +6 Schwangerschaftswoche) sowie Nachuntersuchungen 1, 2, 5 und 10 Jahre nach der Geburt des Kindes.<\/p>\n<p>Bei der Basisuntersuchung werden eine k\u00f6rperliche Untersuchung und ein Zuckerbelastungstest (oGTT) durchgef\u00fchrt. Anhand des oGTT wird die Diagnose Schwangerschaftsdiabetes nach den Grenzwerten, die die Deutsche Diabetes Gesellschaft definiert hat, gestellt oder ausgeschlossen.<\/p>\n<p>1, 2, 5 und 10 Jahre nach der Geburt Ihres Kindes werden Sie erneut untersucht. Es erfolgt jeweils eine k\u00f6rperliche Untersuchung mit Elektrokardiogramm (EKG), ein oGTT sowie die Bestimmung Ihrer k\u00f6rperlichen Fitness und Ihrer Fettverteilung. Der Zeitaufwand betr\u00e4gt jeweils ca. vier Stunden.<\/p>\n<h3>Untersuchungen<\/h3>\n<ul>\n<li>\u00e4rztliche k\u00f6rperliche Untersuchung mit EKG<\/li>\n<li>K\u00f6rpervermessungen (Gewicht, Gr\u00f6\u00dfe, H\u00fcft- und Taillenumfang)<\/li>\n<li>Blutabnahmen<\/li>\n<li>verschiedene Stoffwechseluntersuchungen<\/li>\n<li>MRT (Kernspinuntersuchung) zur Bestimmung des Bauch- und Leberfettanteils<\/li>\n<\/ul>\n<p><strong>\u00a0<\/strong><\/p>\n<p>Alle Untersuchungen sind f\u00fcr Sie kostenlos. Die Kosten daf\u00fcr tr\u00e4gt das Studienzentrum.[\/vc_column_text][\/vc_tta_section][vc_tta_section i_icon_fontawesome=\"fas fa-user-friends\" add_icon=\"true\" title=\"Ansprechpartner\" tab_id=\"1568906521363-3a65b74e-b705\"]<div id='ins-heading-69ded7a98cad6' class='section-heading ins-heading default default    '  style='margin-top:0; margin-bottom:0'><h2 class='section-heading-title margin-10px-top  font-weight-600 '>Ansprechpartner<\/h2><\/div><script type=\"text\/javascript\">\n\t\t(function(jQuery) {\n\t\t\t\t\t})(jQuery);\n\t\t\t\t\t\t<\/script>[vc_empty_space height=\"10px\"][vc_column_text]Gerne k\u00f6nnen Sie uns bei Interesse oder Fragen unverbindlich telefonisch oder per E-Mail kontaktieren:<\/p>\n<p><br \/>\n<div class=\" pure-data shortcodes color-links\"><div class=\"visitenkarten-container\"><div class=\"visitenkarte\">\r\n\t\t\t\t\t<div class=\"inner\">\r\n\t\t\t\t\t\t\r\n\t\t\t\t\t\t<div class=\"portrait\" style=\"background-image:url(https:\/\/api.ddz.de\/file\/get\/d3452bf7dcb57d1cd53443d0ea3b86ec837eae2eb9b5c9011c83e16210c28396.jpg)\" title=\"Portrait image of Univ.-Prof. Dr. Michael Roden\"><\/div>\r\n\t\t\t\t\t\t\r\n\r\n\t\t\t\t\t\t<div class=\"left\">\r\n\t\t\t\t\t\t\t<div class=\"name mb-3\">Univ.-Prof. Dr. Michael Roden<\/div>\r\n\t\t\t\t\t\t\t<div class=\"units-roles mt-2 clear-first\"><div class=\"roles-and-unit mt-2 clear-first\"><div class=\"roles hyphens\"><span class=\"role hyphens mb-1 clear-last\">Studienleitung<\/span><\/div><div class=\"orgaunit hyphens\"><\/div><\/div><\/div>\r\n\t\t\t\t\t\t\t\r\n\t\t\t\t\t\t\t\r\n\t\t\t\t\t\t\t\r\n\t\t\t\t\t\t\t\r\n\t\t\t\t\t\t\t\r\n\t\t\t\t\t\t\t\r\n\t\t\t\t\t\t<\/div>\r\n\t\t\t\t\t<\/div>\r\n\t\t\t\t<\/div><\/div><\/div>[\/vc_column_text][\/vc_tta_section][vc_tta_section i_icon_fontawesome=\"fas fa-map-marker-alt\" add_icon=\"true\" title=\"Pr\u00fcfzentren\" tab_id=\"1677675619539-da2c4e82-04a4\"]<div id='ins-heading-69ded7a98cd52' class='section-heading ins-heading default default    '  style='margin-top:0; margin-bottom:0'><h2 class='section-heading-title margin-10px-top  font-weight-600 '>Pr\u00fcfzentren<\/h2><\/div><script type=\"text\/javascript\">\n\t\t(function(jQuery) {\n\t\t\t\t\t})(jQuery);\n\t\t\t\t\t\t<\/script>[vc_empty_space height=\"10px\"][vc_column_text]<strong>D\u00fcsseldorf<\/strong><br \/>\nProf. Dr. Michael Roden, Prof. Dr. Robert Wagner<br \/>\nDeutsches Diabetes-Zentrum<br \/>\n<i class=\"fa fa-phone\"><\/i> Tel.: 0211\u20133382209<br \/>\n<a title=\"E-Mail senden\" href=\"mailto:studienzentrum@ddz.de\"><i class=\"fa fa-envelope\"><\/i> studienzentrum@ddz.de<\/a><\/p>\n<p><strong>T\u00fcbingen<\/strong><br \/>\nProf. Dr. Andreas Fritsche, Prof. Dr. Reiner Jumpertz-von Schwartzenberg<br \/>\nUniversit\u00e4tsklinikum T\u00fcbingen<br \/>\n<i class=\"fa fa-phone\"><\/i> Tel.: 07071\u20132980687<br \/>\n<a title=\"E-Mail senden\" href=\"mailto:stoffwechsel@med.uni-tuebingen.de\"><i class=\"fa fa-envelope\"><\/i> stoffwechsel@med.uni-tuebingen.de<\/a><\/p>\n<p><strong>M\u00fcnchen<\/strong><br \/>\nProf. Dr. Jochen Sei\u00dfler<br \/>\nLudwig-Maximilians-Universit\u00e4t<br \/>\n<i class=\"fa fa-phone\"><\/i> Tel.: 089\u20134400\u201352234<br \/>\n<a title=\"E-Mail senden\" href=\"mailto:studienzentrum-diabetes@med.uni-muenchen.de\"><i class=\"fa fa-envelope\"><\/i> studienzentrum-diabetes@med.uni-muenchen.de<\/a><\/p>\n<p><strong>Dresden<\/strong><br \/>\nProf. Dr. Nikolaos Perakakis<br \/>\nStudienzentrum Dresden<br \/>\n<i class=\"fa fa-phone\"><\/i> Tel.: 0351 458 11722<br \/>\n<a title=\"E-Mail senden\" href=\"mailto:studien-stoffwechsel@ukdd.de\"><i class=\"fa fa-envelope\"><\/i> studien-stoffwechsel@ukdd.de<\/a><\/p>\n<p><strong>Leipzig<\/strong><br \/>\nProf. Dr. Michael Stumvoll, Dr. Gesine Flehmig<br \/>\nUniversit\u00e4tsklinikum Leipzig<br \/>\n<i class=\"fa fa-phone\"><\/i> Tel: 0341-9720728<br \/>\n<a title=\"E-Mail senden\" href=\"mailto:plis@medizin.uni-leipzig.de\"><i class=\"fa fa-envelope\"><\/i> plis@medizin.uni-leipzig.de<\/a>[\/vc_column_text][\/vc_tta_section][\/vc_tta_tour][\/vc_column][\/vc_row][vc_row][vc_column][vc_empty_space height=\"100px\"][\/vc_column][\/vc_row]<\/p>\n<\/div>","protected":false},"excerpt":{"rendered":"<p>[vc_row][vc_column][vc_single_image image=&#8221;15142&#8243; img_size=&#8221;full&#8221;][vc_empty_space height=&#8221;40px&#8221;][\/vc_column][\/vc_row][vc_row][vc_column][vc_column_text] Frauen mit Schwangerschaftsdiabetes haben ein vielfach erh\u00f6htes Risiko, sp\u00e4ter dauerhaft an Typ-2-Diabetes zu erkranken. Im Rahmen der Deutschen Gestationsdiabetes-Studie (PREG) werden daher deutschlandweit an 5 Standorten [&hellip;]<\/p>\n","protected":false},"author":1,"featured_media":15142,"parent":15013,"menu_order":6,"comment_status":"closed","ping_status":"closed","template":"","meta":{"_acf_changed":false,"_FSMCFIC_featured_image_caption":"","_FSMCFIC_featured_image_nocaption":"","_FSMCFIC_featured_image_hide":"","footnotes":""},"categories":[44],"tags":[],"class_list":["post-15642","page","type-page","status-publish","has-post-thumbnail","hentry","category-studien"],"acf":{"ddz-icon":false,"attachments":[{"datei":{"ID":23339,"id":23339,"title":"Faltblatt-zur-PREG-Studie","filename":"Faltblatt-zur-PREG-Studie.pdf","filesize":1085296,"url":"https:\/\/ddz.de\/wp-content\/uploads\/Faltblatt-zur-PREG-Studie.pdf","link":"https:\/\/ddz.de\/en\/faltblatt-zur-preg-studie-2\/","alt":"","author":"1","description":"","caption":"","name":"faltblatt-zur-preg-studie-2","status":"inherit","uploaded_to":0,"date":"2023-03-15 15:29:25","modified":"2023-03-15 15:29:25","menu_order":0,"mime_type":"application\/pdf","type":"application","subtype":"pdf","icon":"https:\/\/ddz.de\/wp-includes\/images\/media\/document.png"}}]},"yoast_head":"<!-- This site is optimized with the Yoast SEO plugin v27.2 - https:\/\/yoast.com\/product\/yoast-seo-wordpress\/ -->\n<title>PREG-Studie - Deutsches Diabetes-Zentrum (DDZ)<\/title>\n<meta name=\"description\" content=\"Studie f\u00fcr Frauen mit Schwangerschaftsdiabetes\" \/>\n<meta name=\"robots\" content=\"index, follow, max-snippet:-1, max-image-preview:large, max-video-preview:-1\" \/>\n<link rel=\"canonical\" href=\"https:\/\/ddz.de\/en\/studien\/preg-studie\/\" \/>\n<meta property=\"og:locale\" content=\"en_US\" \/>\n<meta property=\"og:type\" content=\"article\" \/>\n<meta property=\"og:title\" content=\"PREG-Studie - Deutsches Diabetes-Zentrum (DDZ)\" \/>\n<meta property=\"og:description\" content=\"Studie f\u00fcr Frauen mit Schwangerschaftsdiabetes\" \/>\n<meta property=\"og:url\" content=\"https:\/\/ddz.de\/en\/studien\/preg-studie\/\" \/>\n<meta property=\"og:site_name\" content=\"Deutsches Diabetes-Zentrum (DDZ)\" \/>\n<meta property=\"article:publisher\" content=\"https:\/\/www.facebook.com\/diabetesinformationsdienst\/\" \/>\n<meta property=\"article:modified_time\" content=\"2024-03-11T12:34:13+00:00\" \/>\n<meta property=\"og:image\" content=\"https:\/\/ddz.de\/wp-content\/uploads\/preg-studien-bilder-mit-logo.jpg\" \/>\n\t<meta property=\"og:image:width\" content=\"1000\" \/>\n\t<meta property=\"og:image:height\" content=\"668\" \/>\n\t<meta property=\"og:image:type\" content=\"image\/jpeg\" \/>\n<meta name=\"twitter:card\" content=\"summary_large_image\" \/>\n<meta name=\"twitter:site\" content=\"@ddz_info\" \/>\n<meta name=\"twitter:label1\" content=\"Est. reading time\" \/>\n\t<meta name=\"twitter:data1\" content=\"4 minutes\" \/>\n<script type=\"application\/ld+json\" class=\"yoast-schema-graph\">{\"@context\":\"https:\/\/schema.org\",\"@graph\":[{\"@type\":\"WebPage\",\"@id\":\"https:\/\/ddz.de\/en\/studien\/preg-studie\/\",\"url\":\"https:\/\/ddz.de\/en\/studien\/preg-studie\/\",\"name\":\"PREG-Studie - Deutsches Diabetes-Zentrum (DDZ)\",\"isPartOf\":{\"@id\":\"https:\/\/ddz.de\/en\/#website\"},\"primaryImageOfPage\":{\"@id\":\"https:\/\/ddz.de\/en\/studien\/preg-studie\/#primaryimage\"},\"image\":{\"@id\":\"https:\/\/ddz.de\/en\/studien\/preg-studie\/#primaryimage\"},\"thumbnailUrl\":\"https:\/\/ddz.de\/wp-content\/uploads\/preg-studien-bilder-mit-logo.jpg\",\"datePublished\":\"2023-01-01T03:00:50+00:00\",\"dateModified\":\"2024-03-11T12:34:13+00:00\",\"description\":\"Studie f\u00fcr Frauen mit Schwangerschaftsdiabetes\",\"breadcrumb\":{\"@id\":\"https:\/\/ddz.de\/en\/studien\/preg-studie\/#breadcrumb\"},\"inLanguage\":\"en-US\",\"potentialAction\":[{\"@type\":\"ReadAction\",\"target\":[\"https:\/\/ddz.de\/en\/studien\/preg-studie\/\"]}]},{\"@type\":\"ImageObject\",\"inLanguage\":\"en-US\",\"@id\":\"https:\/\/ddz.de\/en\/studien\/preg-studie\/#primaryimage\",\"url\":\"https:\/\/ddz.de\/wp-content\/uploads\/preg-studien-bilder-mit-logo.jpg\",\"contentUrl\":\"https:\/\/ddz.de\/wp-content\/uploads\/preg-studien-bilder-mit-logo.jpg\",\"width\":1000,\"height\":668,\"caption\":\"Eine schwangere Frau beantwortet die Fragen einer Arzthelferin. Oben rechts ist das Logo der PREG-Studie abgebildet\"},{\"@type\":\"BreadcrumbList\",\"@id\":\"https:\/\/ddz.de\/en\/studien\/preg-studie\/#breadcrumb\",\"itemListElement\":[{\"@type\":\"ListItem\",\"position\":1,\"name\":\"Startseite\",\"item\":\"https:\/\/ddz.de\/en\/\"},{\"@type\":\"ListItem\",\"position\":2,\"name\":\"Klinische Studien\",\"item\":\"https:\/\/ddz.de\/en\/studien\/\"},{\"@type\":\"ListItem\",\"position\":3,\"name\":\"PREG-Studie\"}]},{\"@type\":\"WebSite\",\"@id\":\"https:\/\/ddz.de\/en\/#website\",\"url\":\"https:\/\/ddz.de\/en\/\",\"name\":\"Deutsches Diabetes-Zentrum (DDZ)\",\"description\":\"Diabetes erforschen - Menschen helfen\",\"publisher\":{\"@id\":\"https:\/\/ddz.de\/en\/#organization\"},\"potentialAction\":[{\"@type\":\"SearchAction\",\"target\":{\"@type\":\"EntryPoint\",\"urlTemplate\":\"https:\/\/ddz.de\/en\/?s={search_term_string}\"},\"query-input\":{\"@type\":\"PropertyValueSpecification\",\"valueRequired\":true,\"valueName\":\"search_term_string\"}}],\"inLanguage\":\"en-US\"},{\"@type\":\"Organization\",\"@id\":\"https:\/\/ddz.de\/en\/#organization\",\"name\":\"Deutsches Diabetes-Zentrum (DDZ)\",\"url\":\"https:\/\/ddz.de\/en\/\",\"logo\":{\"@type\":\"ImageObject\",\"inLanguage\":\"en-US\",\"@id\":\"https:\/\/ddz.de\/en\/#\/schema\/logo\/image\/\",\"url\":\"https:\/\/ddz.de\/wp-content\/uploads\/ddz_logo_de.png\",\"contentUrl\":\"https:\/\/ddz.de\/wp-content\/uploads\/ddz_logo_de.png\",\"width\":640,\"height\":226,\"caption\":\"Deutsches Diabetes-Zentrum (DDZ)\"},\"image\":{\"@id\":\"https:\/\/ddz.de\/en\/#\/schema\/logo\/image\/\"},\"sameAs\":[\"https:\/\/www.facebook.com\/diabetesinformationsdienst\/\",\"https:\/\/x.com\/ddz_info\",\"https:\/\/www.youtube.com\/channel\/UCNxwshEljrBJXPri-w9IiLg\"]}]}<\/script>\n<!-- \/ Yoast SEO plugin. -->","yoast_head_json":{"title":"PREG-Studie - Deutsches Diabetes-Zentrum (DDZ)","description":"Studie f\u00fcr Frauen mit Schwangerschaftsdiabetes","robots":{"index":"index","follow":"follow","max-snippet":"max-snippet:-1","max-image-preview":"max-image-preview:large","max-video-preview":"max-video-preview:-1"},"canonical":"https:\/\/ddz.de\/en\/studien\/preg-studie\/","og_locale":"en_US","og_type":"article","og_title":"PREG-Studie - Deutsches Diabetes-Zentrum (DDZ)","og_description":"Studie f\u00fcr Frauen mit Schwangerschaftsdiabetes","og_url":"https:\/\/ddz.de\/en\/studien\/preg-studie\/","og_site_name":"Deutsches Diabetes-Zentrum (DDZ)","article_publisher":"https:\/\/www.facebook.com\/diabetesinformationsdienst\/","article_modified_time":"2024-03-11T12:34:13+00:00","og_image":[{"width":1000,"height":668,"url":"https:\/\/ddz.de\/wp-content\/uploads\/preg-studien-bilder-mit-logo.jpg","type":"image\/jpeg"}],"twitter_card":"summary_large_image","twitter_site":"@ddz_info","twitter_misc":{"Est. reading time":"4 minutes"},"schema":{"@context":"https:\/\/schema.org","@graph":[{"@type":"WebPage","@id":"https:\/\/ddz.de\/en\/studien\/preg-studie\/","url":"https:\/\/ddz.de\/en\/studien\/preg-studie\/","name":"PREG-Studie - Deutsches Diabetes-Zentrum (DDZ)","isPartOf":{"@id":"https:\/\/ddz.de\/en\/#website"},"primaryImageOfPage":{"@id":"https:\/\/ddz.de\/en\/studien\/preg-studie\/#primaryimage"},"image":{"@id":"https:\/\/ddz.de\/en\/studien\/preg-studie\/#primaryimage"},"thumbnailUrl":"https:\/\/ddz.de\/wp-content\/uploads\/preg-studien-bilder-mit-logo.jpg","datePublished":"2023-01-01T03:00:50+00:00","dateModified":"2024-03-11T12:34:13+00:00","description":"Studie f\u00fcr Frauen mit Schwangerschaftsdiabetes","breadcrumb":{"@id":"https:\/\/ddz.de\/en\/studien\/preg-studie\/#breadcrumb"},"inLanguage":"en-US","potentialAction":[{"@type":"ReadAction","target":["https:\/\/ddz.de\/en\/studien\/preg-studie\/"]}]},{"@type":"ImageObject","inLanguage":"en-US","@id":"https:\/\/ddz.de\/en\/studien\/preg-studie\/#primaryimage","url":"https:\/\/ddz.de\/wp-content\/uploads\/preg-studien-bilder-mit-logo.jpg","contentUrl":"https:\/\/ddz.de\/wp-content\/uploads\/preg-studien-bilder-mit-logo.jpg","width":1000,"height":668,"caption":"Eine schwangere Frau beantwortet die Fragen einer Arzthelferin. Oben rechts ist das Logo der PREG-Studie abgebildet"},{"@type":"BreadcrumbList","@id":"https:\/\/ddz.de\/en\/studien\/preg-studie\/#breadcrumb","itemListElement":[{"@type":"ListItem","position":1,"name":"Startseite","item":"https:\/\/ddz.de\/en\/"},{"@type":"ListItem","position":2,"name":"Klinische Studien","item":"https:\/\/ddz.de\/en\/studien\/"},{"@type":"ListItem","position":3,"name":"PREG-Studie"}]},{"@type":"WebSite","@id":"https:\/\/ddz.de\/en\/#website","url":"https:\/\/ddz.de\/en\/","name":"Deutsches Diabetes-Zentrum (DDZ)","description":"Diabetes erforschen - Menschen helfen","publisher":{"@id":"https:\/\/ddz.de\/en\/#organization"},"potentialAction":[{"@type":"SearchAction","target":{"@type":"EntryPoint","urlTemplate":"https:\/\/ddz.de\/en\/?s={search_term_string}"},"query-input":{"@type":"PropertyValueSpecification","valueRequired":true,"valueName":"search_term_string"}}],"inLanguage":"en-US"},{"@type":"Organization","@id":"https:\/\/ddz.de\/en\/#organization","name":"Deutsches Diabetes-Zentrum (DDZ)","url":"https:\/\/ddz.de\/en\/","logo":{"@type":"ImageObject","inLanguage":"en-US","@id":"https:\/\/ddz.de\/en\/#\/schema\/logo\/image\/","url":"https:\/\/ddz.de\/wp-content\/uploads\/ddz_logo_de.png","contentUrl":"https:\/\/ddz.de\/wp-content\/uploads\/ddz_logo_de.png","width":640,"height":226,"caption":"Deutsches Diabetes-Zentrum (DDZ)"},"image":{"@id":"https:\/\/ddz.de\/en\/#\/schema\/logo\/image\/"},"sameAs":["https:\/\/www.facebook.com\/diabetesinformationsdienst\/","https:\/\/x.com\/ddz_info","https:\/\/www.youtube.com\/channel\/UCNxwshEljrBJXPri-w9IiLg"]}]}},"_links":{"self":[{"href":"https:\/\/ddz.de\/en\/wp-json\/wp\/v2\/pages\/15642","targetHints":{"allow":["GET"]}}],"collection":[{"href":"https:\/\/ddz.de\/en\/wp-json\/wp\/v2\/pages"}],"about":[{"href":"https:\/\/ddz.de\/en\/wp-json\/wp\/v2\/types\/page"}],"author":[{"embeddable":true,"href":"https:\/\/ddz.de\/en\/wp-json\/wp\/v2\/users\/1"}],"replies":[{"embeddable":true,"href":"https:\/\/ddz.de\/en\/wp-json\/wp\/v2\/comments?post=15642"}],"version-history":[{"count":38,"href":"https:\/\/ddz.de\/en\/wp-json\/wp\/v2\/pages\/15642\/revisions"}],"predecessor-version":[{"id":24250,"href":"https:\/\/ddz.de\/en\/wp-json\/wp\/v2\/pages\/15642\/revisions\/24250"}],"up":[{"embeddable":true,"href":"https:\/\/ddz.de\/en\/wp-json\/wp\/v2\/pages\/15013"}],"wp:featuredmedia":[{"embeddable":true,"href":"https:\/\/ddz.de\/en\/wp-json\/wp\/v2\/media\/15142"}],"wp:attachment":[{"href":"https:\/\/ddz.de\/en\/wp-json\/wp\/v2\/media?parent=15642"}],"wp:term":[{"taxonomy":"category","embeddable":true,"href":"https:\/\/ddz.de\/en\/wp-json\/wp\/v2\/categories?post=15642"},{"taxonomy":"post_tag","embeddable":true,"href":"https:\/\/ddz.de\/en\/wp-json\/wp\/v2\/tags?post=15642"}],"curies":[{"name":"wp","href":"https:\/\/api.w.org\/{rel}","templated":true}]}}