{"id":15634,"date":"2023-01-01T09:00:53","date_gmt":"2023-01-01T08:00:53","guid":{"rendered":"https:\/\/2020.ddz.de\/?page_id=15634"},"modified":"2025-07-16T01:47:37","modified_gmt":"2025-07-15T23:47:37","slug":"deutsche-diabetes-studie","status":"publish","type":"page","link":"https:\/\/ddz.de\/en\/studien\/deutsche-diabetes-studie\/","title":{"rendered":"Deutsche Diabetes-Studie"},"content":{"rendered":"<div class=\"wpb-content-wrapper\">[vc_row][vc_column][vc_single_image image=&#8221;15133&#8243; img_size=&#8221;full&#8221;][vc_empty_space height=&#8221;40px&#8221;][\/vc_column][\/vc_row][vc_row][vc_column][vc_column_text]\r\n<h2>Studie zu k\u00fcrzlich diagnostiziertem Diabetes im Erwachsenenalter<\/h2>\r\n[\/vc_column_text][vc_column_text]F\u00fcr unsere Studie ben\u00f6tigen wir eine gro\u00dfe Zahl von Patienten mit neu entdecktem Diabetes mellitus sowie auch Teilnehmer mit gesundem Stoffwechsel.\r\n\r\n[\/vc_column_text][vc_empty_space height=\"40px\"][vc_column_text]\r\n<h3>Patienten mit neu entdecktem Diabetes oder Teilnehmer ohne Diabetes (stoffwechselgesund) gesucht!<\/h3>\r\n[\/vc_column_text][\/vc_column][\/vc_row][vc_row][vc_column width=\"1\/2\"][vc_column_text]Sie haben einen k\u00fcrzlich diagnostizierten Diabetes? Nehmen Sie an der Deutschen Diabetes-Studie teil und profitieren Sie von den umfangreichen medizinischen Untersuchungen![\/vc_column_text][vc_empty_space height=\"20px\"][vc_btn title=\"Anmeldung zur Studienteilnahme\" css=\"\" link=\"url:https%3A%2F%2Fdeutsche-diabetes-studie.de%2Fanmeldung%2F|target:_blank\"][vc_empty_space height=\"50px\"][vc_column_text]Weitere Informationen finden Sie unter folgender Website:[\/vc_column_text][vc_column_text]<a href=\"https:\/\/deutsche-diabetes-studie.de\/\" target=\"_blank\" rel=\"noopener\">DEUTSCHE-DIABETES-STUDIE.DE<\/a>[\/vc_column_text][\/vc_column][vc_column width=\"1\/2\"][vc_single_image image=\"17315\" img_size=\"medium\" alignment=\"center\"][\/vc_column][\/vc_row][vc_row][vc_column][vc_empty_space height=\"60px\"][\/vc_column][vc_column][vc_tta_tour tab_position=\"right\" controls_size=\"md\" active_section=\"1\"][vc_tta_section i_icon_fontawesome=\"far fa-user-circle\" add_icon=\"true\" title=\"Wer kann teilnehmen?\" tab_id=\"1568905612162-cc98c880-f00f\"]<div id='ins-heading-69e0f7c095714' class='section-heading ins-heading default default    '  style='margin-top:0; margin-bottom:0'><h2 class='section-heading-title margin-10px-top  font-weight-600 '>Wer kann teilnehmen?<\/h2><\/div><script type=\"text\/javascript\">\n\t\t(function(jQuery) {\n\t\t\t\t\t})(jQuery);\n\t\t\t\t\t\t<\/script>[vc_empty_space height=\"10px\"][vc_column_text]\r\n<h3>Einschlusskriterien<\/h3>\r\n<ul>\r\n \t<li>Patienten mit neu diagnostiziertem Typ-1- oder Typ-2-Diabetes (weniger als 12 Monate nach Diagnosestellung)<\/li>\r\n \t<li>Personen ohne Diabetes (stoffwechselgesund)<\/li>\r\n \t<li>Alter 18 - 69 Jahre<\/li>\r\n<\/ul>\r\n<h3>Ausschlusskriterien f\u00fcr Teilnehmer\/innen mit Diabetes<\/h3>\r\n<ul>\r\n \t<li>Diabetes mellitus aufgrund anderer Begleiterkrankungen<\/li>\r\n \t<li>Schwangerschaft<\/li>\r\n \t<li>Immunsuppressive Therapie<\/li>\r\n \t<li>Schwere konsumierende Erkrankungen (Krebs)<\/li>\r\n \t<li>Psychische Erkrankung mit Einschr\u00e4nkung der Kooperationsf\u00e4higkeit<\/li>\r\n<\/ul>\r\n<h3>Ausschlusskriterien f\u00fcr Teilnehmer\/innen ohne Diabetes (stoffwechselgesund)<\/h3>\r\n<ul>\r\n \t<li>Diabetes-Erkrankung<\/li>\r\n \t<li>Diabetes in der Familie<\/li>\r\n \t<li>Schwangerschaft<\/li>\r\n \t<li>Immunsuppressive Therapie<\/li>\r\n \t<li>Schwere konsumierende Erkrankungen (Krebs)<\/li>\r\n \t<li>Psychische Erkrankung mit Einschr\u00e4nkung der Kooperationsf\u00e4higkeit<\/li>\r\n<\/ul>\r\n[\/vc_column_text][\/vc_tta_section][vc_tta_section i_icon_fontawesome=\"fas fa-circle\" add_icon=\"true\" title=\"K\u00fcrzlich diagnostizierter Diabetes\" tab_id=\"1568905612174-95224172-6149\"]<div id='ins-heading-69e0f7c095737' class='section-heading ins-heading default default    '  style='margin-top:0; margin-bottom:0'><h2 class='section-heading-title margin-10px-top  font-weight-600 '>K\u00fcrzlich diagnostizierter Diabetes<\/h2><\/div><script type=\"text\/javascript\">\n\t\t(function(jQuery) {\n\t\t\t\t\t})(jQuery);\n\t\t\t\t\t\t<\/script>[vc_empty_space height=\"10px\"][vc_column_text]Die Diabetes-assoziierten Folgeerkrankungen tragen zu einer erheblichen Verminderung der Lebensqualit\u00e4t und zu einer deutlichen Erh\u00f6hung der Sterblichkeit bei. M\u00f6gliche Folgesch\u00e4den sind Herzinfarkt, Schlaganfall, Nierenschw\u00e4che mit Dialysepflichtigkeit, Erblindung und das diabetische Fu\u00dfsyndrom mit eventuellen Amputationen. Das Risiko Folgeerkrankungen zu erleiden ist besonders hoch f\u00fcr Patienten, bei denen es bereits in jungen Jahren zu einem Diabetes kommt.[\/vc_column_text][\/vc_tta_section][vc_tta_section i_icon_fontawesome=\"far fa-circle\" add_icon=\"true\" title=\"Ohne Diabetes (stoffwechselgesund)\" tab_id=\"1571657993156-44bfae55-6940\"]<div id='ins-heading-69e0f7c09574d' class='section-heading ins-heading default default    '  style='margin-top:0; margin-bottom:0'><h2 class='section-heading-title margin-10px-top  font-weight-600 '>Ohne Diabetes (stoffwechselgesund)<\/h2><\/div><script type=\"text\/javascript\">\n\t\t(function(jQuery) {\n\t\t\t\t\t})(jQuery);\n\t\t\t\t\t\t<\/script>[vc_empty_space height=\"10px\"][vc_column_text]Es vergeht kein Tag, an dem nicht \u00fcber Stoffwechselerkrankungen in den Medien berichtet wird. Stoffwechselkrankheiten wie Diabetes mellitus und Hypercholesterin\u00e4mie gelten inzwischen als Volkskrankheiten. Bis die Diagnose einer dieser Krankheiten gestellt wird, vergehen meist viele Jahre, in denen erste Ver\u00e4nderungen der Stoffwechselwerte erkennbar sind.\r\nBereits in dieser Zeit kann es zu Sch\u00e4digungen an wichtigen Organen des K\u00f6rpers kommen, ohne dass Betroffene dies bemerken. Deshalb ist es von gro\u00dfer Wichtigkeit, die Ver\u00e4nderungen des Stoffwechsels fr\u00fchzeitig zu entdecken, um durch eine ad\u00e4quate Behandlung Schlimmeres zu verhindern.[\/vc_column_text][\/vc_tta_section][vc_tta_section i_icon_fontawesome=\"fas fa-info-circle\" add_icon=\"true\" title=\"Weitere Informationen\" tab_id=\"1568905657429-f6fd801d-76b9\"]<div id='ins-heading-69e0f7c095761' class='section-heading ins-heading default default    '  style='margin-top:0; margin-bottom:0'><h2 class='section-heading-title margin-10px-top  font-weight-600 '>Weitere Informationen<\/h2><\/div><script type=\"text\/javascript\">\n\t\t(function(jQuery) {\n\t\t\t\t\t})(jQuery);\n\t\t\t\t\t\t<\/script>[vc_empty_space height=\"10px\"][vc_column_text]F\u00fcr unsere Studie ben\u00f6tigen wir eine gro\u00dfe Zahl von Patienten mit neu entdecktem Diabetes mellitus und Personen ohne Diabetes (stoffwechselgesund). Die Deutsche Diabetes-Studie wurde unter dem Namen \"German Diabetes Center (GDC)-Studie\" begonnen und stellt Ihre Fortsetzung dar.\r\n\r\nIm Rahmen der Studie m\u00f6chten wir Sie zu umfassenden Spezialuntersuchungen ins Deutsche Diabetes-Zentrum (DDZ) einladen, mit denen Ihr aktueller Gesundheitszustand, die Restproduktion von Insulin und die Insulinwirkung im K\u00f6rper genau erfasst werden kann. Au\u00dferdem wird an zwei Tagen eine k\u00f6rperliche Untersuchung einschlie\u00dflich EKG, Bestimmung des K\u00f6rperfettanteils und Blutdruckmessung, Messung der k\u00f6rperlichen Fitness und des Energieumsatzes, spezielle Untersuchungen der Gef\u00e4\u00dfe, der Augen, der Nerven und der Niere ambulant durchgef\u00fchrt. F\u00fcr die Untersuchungen erhalten Sie bis zu 400,-\u20ac Aufwandsentsch\u00e4digung.\r\n\r\nAu\u00dferdem k\u00f6nnen Sie an einem dritten Untersuchungstag teilnehmen, an dem z.B. mittels Magnetresonanztomographie (MRT) die Stoffwechselvorg\u00e4nge in Leber und Muskel noch detaillierter untersucht und Gewebeproben aus Muskel und Fettgewebe entnommen werden. F\u00fcr diese zus\u00e4tzlichen Untersuchungen erhalten Sie bis zu 300,-\u20ac Aufwandsentsch\u00e4digung.\r\n\r\nDie Untersuchungen werden anschlie\u00dfend nach f\u00fcnf und zehn Jahren wiederholt.\r\n\r\nJ\u00e4hrlich wird ein Telefoninterview durchgef\u00fchrt, um die aktuelle Behandlung zu erfassen. Die Befunde der Untersuchungen werden Ihnen und Ihrem Hausarzt selbstverst\u00e4ndlich zur Verf\u00fcgung gestellt. Es erfolgt keine Behandlung im Rahmen der Studie, diese verbleibt vollst\u00e4ndig in den H\u00e4nden Ihres Hausarztes. Es werden Ihnen keine neuen Medikamente verabreicht, da es sich um eine reine Beobachtungsstudie handelt.\r\n\r\nEine kostenfreie \u00dcbernachtung in D\u00fcsseldorf und die Erstattung der Reisekosten sind m\u00f6glich.[\/vc_column_text][\/vc_tta_section][vc_tta_section i_icon_fontawesome=\"fa fa-users\" add_icon=\"true\" title=\"Ansprechpartner\" tab_id=\"1568906521363-3a65b74e-b705\"]<div id='ins-heading-69e0f7c095775' class='section-heading ins-heading default default    '  style='margin-top:0; margin-bottom:0'><h2 class='section-heading-title margin-10px-top  font-weight-600 '>Ansprechpartner<\/h2><\/div><script type=\"text\/javascript\">\n\t\t(function(jQuery) {\n\t\t\t\t\t})(jQuery);\n\t\t\t\t\t\t<\/script>[vc_empty_space height=\"10px\"][vc_column_text]Gerne k\u00f6nnen Sie uns bei Interesse oder Fragen unverbindlich telefonisch oder per E-Mail kontaktieren:\r\n\r\n<div class=\" pure-data shortcodes color-links\"><div class=\"visitenkarten-container\"><div class=\"visitenkarte\">\r\n\t\t\t\t\t<div class=\"inner\">\r\n\t\t\t\t\t\t\r\n\r\n\t\t\t\t\t\t<div class=\"left\">\r\n\t\t\t\t\t\t\t<div class=\"name mb-3\">Monika Schulte<\/div>\r\n\t\t\t\t\t\t\t<div class=\"units-roles mt-2 clear-first\"><div class=\"roles-and-unit mt-2 clear-first\"><div class=\"roles hyphens\"><span class=\"role hyphens mb-1 clear-last\">Studienkoordination<\/span><\/div><div class=\"orgaunit hyphens\">Deutsche Diabetes-Studie<\/div><\/div><\/div>\r\n\t\t\t\t\t\t\t\r\n\t\t\t\t\t\t\t\r\n\t\t\t\t\t\t\t\r\n\t\t\t\t\t\t\t\r\n\t\t\t\t\t\t\t<div class=\"contacts mt-4\">\r\n\t\t\t\t\t\t\t\t<div class=\"email mt-2\"><a href=\"mailto:studienzentrum@ddz.de\" title=\"Send e-mail to Monika Schulte\"><i class=\"fa fa-envelope\"><\/i> studienzentrum@ddz.de<\/a><\/div>\r\n\t\t\t\t\t\t\t\t<div class=\"phones mt-2\"><div class=\"phone\"><i class=\"fa fa-phone\"><\/i>+49 211-3382-209<\/div><\/div>\r\n\t\t\t\t\t\t\t<\/div>\r\n\t\t\t\t\t\t\t\r\n\t\t\t\t\t\t\t\r\n\t\t\t\t\t\t\t\r\n\t\t\t\t\t\t<\/div>\r\n\t\t\t\t\t<\/div>\r\n\t\t\t\t<\/div><\/div><\/div>\r\n<div class=\" pure-data shortcodes color-links\"><div class=\"visitenkarten-container\"><div class=\"visitenkarte\">\r\n\t\t\t\t\t<div class=\"inner\">\r\n\t\t\t\t\t\t\r\n\r\n\t\t\t\t\t\t<div class=\"left\">\r\n\t\t\t\t\t\t\t<div class=\"name mb-3\">Francesco Battiato, B. Sc.<\/div>\r\n\t\t\t\t\t\t\t<div class=\"units-roles mt-2 clear-first\"><div class=\"roles-and-unit mt-2 clear-first\"><div class=\"roles hyphens\"><span class=\"role hyphens mb-1 clear-last\">Studienkoordination<\/span><\/div><div class=\"orgaunit hyphens\">Deutsche Diabetes-Studie<\/div><\/div><\/div>\r\n\t\t\t\t\t\t\t\r\n\t\t\t\t\t\t\t\r\n\t\t\t\t\t\t\t\r\n\t\t\t\t\t\t\t\r\n\t\t\t\t\t\t\t<div class=\"contacts mt-4\">\r\n\t\t\t\t\t\t\t\t<div class=\"email mt-2\"><a href=\"mailto:studienzentrum@ddz.de\" title=\"Send e-mail to Francesco Battiato, B. Sc.\"><i class=\"fa fa-envelope\"><\/i> studienzentrum@ddz.de<\/a><\/div>\r\n\t\t\t\t\t\t\t\t<div class=\"phones mt-2\"><div class=\"phone\"><i class=\"fa fa-phone\"><\/i>+49 211-3382-209<\/div><\/div>\r\n\t\t\t\t\t\t\t<\/div>\r\n\t\t\t\t\t\t\t\r\n\t\t\t\t\t\t\t\r\n\t\t\t\t\t\t\t\r\n\t\t\t\t\t\t<\/div>\r\n\t\t\t\t\t<\/div>\r\n\t\t\t\t<\/div><\/div><\/div>\r\n<div class=\" pure-data shortcodes color-links\"><div class=\"visitenkarten-container\"><div class=\"visitenkarte\">\r\n\t\t\t\t\t<div class=\"inner\">\r\n\t\t\t\t\t\t\r\n\t\t\t\t\t\t<div class=\"portrait\" style=\"background-image:url(https:\/\/api.ddz.de\/file\/get\/d3452bf7dcb57d1cd53443d0ea3b86ec837eae2eb9b5c9011c83e16210c28396.jpg)\" title=\"Portrait image of Univ.-Prof. Dr. Michael Roden\"><\/div>\r\n\t\t\t\t\t\t\r\n\r\n\t\t\t\t\t\t<div class=\"left\">\r\n\t\t\t\t\t\t\t<div class=\"name mb-3\">Univ.-Prof. Dr. Michael Roden<\/div>\r\n\t\t\t\t\t\t\t<div class=\"units-roles mt-2 clear-first\"><div class=\"roles-and-unit mt-2 clear-first\"><div class=\"roles hyphens\"><span class=\"role hyphens mb-1 clear-last\">Studienleitung<\/span><\/div><div class=\"orgaunit hyphens\"><\/div><\/div><\/div>\r\n\t\t\t\t\t\t\t\r\n\t\t\t\t\t\t\t\r\n\t\t\t\t\t\t\t\r\n\t\t\t\t\t\t\t\r\n\t\t\t\t\t\t\t\r\n\t\t\t\t\t\t\t\r\n\t\t\t\t\t\t<\/div>\r\n\t\t\t\t\t<\/div>\r\n\t\t\t\t<\/div><\/div><\/div>[\/vc_column_text][\/vc_tta_section][\/vc_tta_tour][\/vc_column][vc_column][vc_empty_space height=\"100px\"][\/vc_column][\/vc_row]<!-- \/wp:post-content --><\/div>","protected":false},"excerpt":{"rendered":"<p>[vc_row][vc_column][vc_single_image image=&#8221;15133&#8243; img_size=&#8221;full&#8221;][vc_empty_space height=&#8221;40px&#8221;][\/vc_column][\/vc_row][vc_row][vc_column][vc_column_text] [\/vc_column_text][vc_column_text]F\u00fcr unsere Studie ben\u00f6tigen wir eine gro\u00dfe Zahl von Patienten mit neu entdecktem Diabetes mellitus sowie auch Teilnehmer mit gesundem Stoffwechsel. [\/vc_column_text][vc_empty_space height=&#8221;40px&#8221;][vc_column_text] Patienten mit neu [&hellip;]<\/p>\n","protected":false},"author":1,"featured_media":15133,"parent":15013,"menu_order":1,"comment_status":"closed","ping_status":"closed","template":"","meta":{"_acf_changed":false,"_FSMCFIC_featured_image_caption":"","_FSMCFIC_featured_image_nocaption":"","_FSMCFIC_featured_image_hide":"","footnotes":""},"categories":[44],"tags":[],"class_list":["post-15634","page","type-page","status-publish","has-post-thumbnail","hentry","category-studien"],"acf":{"ddz-icon":false,"attachments":false},"yoast_head":"<!-- This site is optimized with the Yoast SEO plugin v27.2 - https:\/\/yoast.com\/product\/yoast-seo-wordpress\/ -->\n<title>Deutsche Diabetes-Studie - Deutsches Diabetes-Zentrum (DDZ)<\/title>\n<meta name=\"description\" content=\"Studie zu k\u00fcrzlich diagnostiziertem Diabetes im Erwachsenenalter\" \/>\n<meta name=\"robots\" content=\"index, follow, max-snippet:-1, max-image-preview:large, max-video-preview:-1\" \/>\n<link rel=\"canonical\" href=\"https:\/\/ddz.de\/en\/studien\/deutsche-diabetes-studie\/\" \/>\n<meta property=\"og:locale\" content=\"en_US\" \/>\n<meta property=\"og:type\" content=\"article\" \/>\n<meta property=\"og:title\" content=\"Deutsche Diabetes-Studie - Deutsches Diabetes-Zentrum (DDZ)\" \/>\n<meta property=\"og:description\" content=\"Studie zu k\u00fcrzlich diagnostiziertem Diabetes im Erwachsenenalter\" \/>\n<meta property=\"og:url\" content=\"https:\/\/ddz.de\/en\/studien\/deutsche-diabetes-studie\/\" \/>\n<meta property=\"og:site_name\" content=\"Deutsches Diabetes-Zentrum (DDZ)\" \/>\n<meta property=\"article:publisher\" content=\"https:\/\/www.facebook.com\/diabetesinformationsdienst\/\" \/>\n<meta property=\"article:modified_time\" content=\"2025-07-15T23:47:37+00:00\" \/>\n<meta property=\"og:image\" content=\"https:\/\/ddz.de\/wp-content\/uploads\/dds-studien-bilder-mit-logo.jpg\" \/>\n\t<meta property=\"og:image:width\" content=\"1000\" \/>\n\t<meta property=\"og:image:height\" content=\"668\" \/>\n\t<meta property=\"og:image:type\" content=\"image\/jpeg\" \/>\n<meta name=\"twitter:card\" content=\"summary_large_image\" \/>\n<meta name=\"twitter:site\" content=\"@ddz_info\" \/>\n<meta name=\"twitter:label1\" content=\"Est. reading time\" \/>\n\t<meta name=\"twitter:data1\" content=\"5 minutes\" \/>\n<script type=\"application\/ld+json\" class=\"yoast-schema-graph\">{\"@context\":\"https:\/\/schema.org\",\"@graph\":[{\"@type\":\"WebPage\",\"@id\":\"https:\/\/ddz.de\/en\/studien\/deutsche-diabetes-studie\/\",\"url\":\"https:\/\/ddz.de\/en\/studien\/deutsche-diabetes-studie\/\",\"name\":\"Deutsche Diabetes-Studie - Deutsches Diabetes-Zentrum (DDZ)\",\"isPartOf\":{\"@id\":\"https:\/\/ddz.de\/en\/#website\"},\"primaryImageOfPage\":{\"@id\":\"https:\/\/ddz.de\/en\/studien\/deutsche-diabetes-studie\/#primaryimage\"},\"image\":{\"@id\":\"https:\/\/ddz.de\/en\/studien\/deutsche-diabetes-studie\/#primaryimage\"},\"thumbnailUrl\":\"https:\/\/ddz.de\/wp-content\/uploads\/dds-studien-bilder-mit-logo.jpg\",\"datePublished\":\"2023-01-01T08:00:53+00:00\",\"dateModified\":\"2025-07-15T23:47:37+00:00\",\"description\":\"Studie zu k\u00fcrzlich diagnostiziertem Diabetes im Erwachsenenalter\",\"breadcrumb\":{\"@id\":\"https:\/\/ddz.de\/en\/studien\/deutsche-diabetes-studie\/#breadcrumb\"},\"inLanguage\":\"en-US\",\"potentialAction\":[{\"@type\":\"ReadAction\",\"target\":[\"https:\/\/ddz.de\/en\/studien\/deutsche-diabetes-studie\/\"]}]},{\"@type\":\"ImageObject\",\"inLanguage\":\"en-US\",\"@id\":\"https:\/\/ddz.de\/en\/studien\/deutsche-diabetes-studie\/#primaryimage\",\"url\":\"https:\/\/ddz.de\/wp-content\/uploads\/dds-studien-bilder-mit-logo.jpg\",\"contentUrl\":\"https:\/\/ddz.de\/wp-content\/uploads\/dds-studien-bilder-mit-logo.jpg\",\"width\":1000,\"height\":668,\"caption\":\"Eine lachende Familie mit zwei Kindern und den Gro\u00dfeltern sitzt zusammen auf einer Couch. Oben rechts ist das Logo der Deutschen Diabetes-Studie abgebildet\"},{\"@type\":\"BreadcrumbList\",\"@id\":\"https:\/\/ddz.de\/en\/studien\/deutsche-diabetes-studie\/#breadcrumb\",\"itemListElement\":[{\"@type\":\"ListItem\",\"position\":1,\"name\":\"Startseite\",\"item\":\"https:\/\/ddz.de\/en\/\"},{\"@type\":\"ListItem\",\"position\":2,\"name\":\"Klinische Studien\",\"item\":\"https:\/\/ddz.de\/en\/studien\/\"},{\"@type\":\"ListItem\",\"position\":3,\"name\":\"Deutsche Diabetes-Studie\"}]},{\"@type\":\"WebSite\",\"@id\":\"https:\/\/ddz.de\/en\/#website\",\"url\":\"https:\/\/ddz.de\/en\/\",\"name\":\"Deutsches Diabetes-Zentrum (DDZ)\",\"description\":\"Diabetes erforschen - Menschen helfen\",\"publisher\":{\"@id\":\"https:\/\/ddz.de\/en\/#organization\"},\"potentialAction\":[{\"@type\":\"SearchAction\",\"target\":{\"@type\":\"EntryPoint\",\"urlTemplate\":\"https:\/\/ddz.de\/en\/?s={search_term_string}\"},\"query-input\":{\"@type\":\"PropertyValueSpecification\",\"valueRequired\":true,\"valueName\":\"search_term_string\"}}],\"inLanguage\":\"en-US\"},{\"@type\":\"Organization\",\"@id\":\"https:\/\/ddz.de\/en\/#organization\",\"name\":\"Deutsches Diabetes-Zentrum (DDZ)\",\"url\":\"https:\/\/ddz.de\/en\/\",\"logo\":{\"@type\":\"ImageObject\",\"inLanguage\":\"en-US\",\"@id\":\"https:\/\/ddz.de\/en\/#\/schema\/logo\/image\/\",\"url\":\"https:\/\/ddz.de\/wp-content\/uploads\/ddz_logo_de.png\",\"contentUrl\":\"https:\/\/ddz.de\/wp-content\/uploads\/ddz_logo_de.png\",\"width\":640,\"height\":226,\"caption\":\"Deutsches Diabetes-Zentrum (DDZ)\"},\"image\":{\"@id\":\"https:\/\/ddz.de\/en\/#\/schema\/logo\/image\/\"},\"sameAs\":[\"https:\/\/www.facebook.com\/diabetesinformationsdienst\/\",\"https:\/\/x.com\/ddz_info\",\"https:\/\/www.youtube.com\/channel\/UCNxwshEljrBJXPri-w9IiLg\"]}]}<\/script>\n<!-- \/ Yoast SEO plugin. -->","yoast_head_json":{"title":"Deutsche Diabetes-Studie - Deutsches Diabetes-Zentrum (DDZ)","description":"Studie zu k\u00fcrzlich diagnostiziertem Diabetes im Erwachsenenalter","robots":{"index":"index","follow":"follow","max-snippet":"max-snippet:-1","max-image-preview":"max-image-preview:large","max-video-preview":"max-video-preview:-1"},"canonical":"https:\/\/ddz.de\/en\/studien\/deutsche-diabetes-studie\/","og_locale":"en_US","og_type":"article","og_title":"Deutsche Diabetes-Studie - Deutsches Diabetes-Zentrum (DDZ)","og_description":"Studie zu k\u00fcrzlich diagnostiziertem Diabetes im Erwachsenenalter","og_url":"https:\/\/ddz.de\/en\/studien\/deutsche-diabetes-studie\/","og_site_name":"Deutsches Diabetes-Zentrum (DDZ)","article_publisher":"https:\/\/www.facebook.com\/diabetesinformationsdienst\/","article_modified_time":"2025-07-15T23:47:37+00:00","og_image":[{"width":1000,"height":668,"url":"https:\/\/ddz.de\/wp-content\/uploads\/dds-studien-bilder-mit-logo.jpg","type":"image\/jpeg"}],"twitter_card":"summary_large_image","twitter_site":"@ddz_info","twitter_misc":{"Est. reading time":"5 minutes"},"schema":{"@context":"https:\/\/schema.org","@graph":[{"@type":"WebPage","@id":"https:\/\/ddz.de\/en\/studien\/deutsche-diabetes-studie\/","url":"https:\/\/ddz.de\/en\/studien\/deutsche-diabetes-studie\/","name":"Deutsche Diabetes-Studie - Deutsches Diabetes-Zentrum (DDZ)","isPartOf":{"@id":"https:\/\/ddz.de\/en\/#website"},"primaryImageOfPage":{"@id":"https:\/\/ddz.de\/en\/studien\/deutsche-diabetes-studie\/#primaryimage"},"image":{"@id":"https:\/\/ddz.de\/en\/studien\/deutsche-diabetes-studie\/#primaryimage"},"thumbnailUrl":"https:\/\/ddz.de\/wp-content\/uploads\/dds-studien-bilder-mit-logo.jpg","datePublished":"2023-01-01T08:00:53+00:00","dateModified":"2025-07-15T23:47:37+00:00","description":"Studie zu k\u00fcrzlich diagnostiziertem Diabetes im Erwachsenenalter","breadcrumb":{"@id":"https:\/\/ddz.de\/en\/studien\/deutsche-diabetes-studie\/#breadcrumb"},"inLanguage":"en-US","potentialAction":[{"@type":"ReadAction","target":["https:\/\/ddz.de\/en\/studien\/deutsche-diabetes-studie\/"]}]},{"@type":"ImageObject","inLanguage":"en-US","@id":"https:\/\/ddz.de\/en\/studien\/deutsche-diabetes-studie\/#primaryimage","url":"https:\/\/ddz.de\/wp-content\/uploads\/dds-studien-bilder-mit-logo.jpg","contentUrl":"https:\/\/ddz.de\/wp-content\/uploads\/dds-studien-bilder-mit-logo.jpg","width":1000,"height":668,"caption":"Eine lachende Familie mit zwei Kindern und den Gro\u00dfeltern sitzt zusammen auf einer Couch. Oben rechts ist das Logo der Deutschen Diabetes-Studie abgebildet"},{"@type":"BreadcrumbList","@id":"https:\/\/ddz.de\/en\/studien\/deutsche-diabetes-studie\/#breadcrumb","itemListElement":[{"@type":"ListItem","position":1,"name":"Startseite","item":"https:\/\/ddz.de\/en\/"},{"@type":"ListItem","position":2,"name":"Klinische Studien","item":"https:\/\/ddz.de\/en\/studien\/"},{"@type":"ListItem","position":3,"name":"Deutsche Diabetes-Studie"}]},{"@type":"WebSite","@id":"https:\/\/ddz.de\/en\/#website","url":"https:\/\/ddz.de\/en\/","name":"Deutsches Diabetes-Zentrum (DDZ)","description":"Diabetes erforschen - Menschen helfen","publisher":{"@id":"https:\/\/ddz.de\/en\/#organization"},"potentialAction":[{"@type":"SearchAction","target":{"@type":"EntryPoint","urlTemplate":"https:\/\/ddz.de\/en\/?s={search_term_string}"},"query-input":{"@type":"PropertyValueSpecification","valueRequired":true,"valueName":"search_term_string"}}],"inLanguage":"en-US"},{"@type":"Organization","@id":"https:\/\/ddz.de\/en\/#organization","name":"Deutsches Diabetes-Zentrum (DDZ)","url":"https:\/\/ddz.de\/en\/","logo":{"@type":"ImageObject","inLanguage":"en-US","@id":"https:\/\/ddz.de\/en\/#\/schema\/logo\/image\/","url":"https:\/\/ddz.de\/wp-content\/uploads\/ddz_logo_de.png","contentUrl":"https:\/\/ddz.de\/wp-content\/uploads\/ddz_logo_de.png","width":640,"height":226,"caption":"Deutsches Diabetes-Zentrum (DDZ)"},"image":{"@id":"https:\/\/ddz.de\/en\/#\/schema\/logo\/image\/"},"sameAs":["https:\/\/www.facebook.com\/diabetesinformationsdienst\/","https:\/\/x.com\/ddz_info","https:\/\/www.youtube.com\/channel\/UCNxwshEljrBJXPri-w9IiLg"]}]}},"_links":{"self":[{"href":"https:\/\/ddz.de\/en\/wp-json\/wp\/v2\/pages\/15634","targetHints":{"allow":["GET"]}}],"collection":[{"href":"https:\/\/ddz.de\/en\/wp-json\/wp\/v2\/pages"}],"about":[{"href":"https:\/\/ddz.de\/en\/wp-json\/wp\/v2\/types\/page"}],"author":[{"embeddable":true,"href":"https:\/\/ddz.de\/en\/wp-json\/wp\/v2\/users\/1"}],"replies":[{"embeddable":true,"href":"https:\/\/ddz.de\/en\/wp-json\/wp\/v2\/comments?post=15634"}],"version-history":[{"count":68,"href":"https:\/\/ddz.de\/en\/wp-json\/wp\/v2\/pages\/15634\/revisions"}],"predecessor-version":[{"id":24968,"href":"https:\/\/ddz.de\/en\/wp-json\/wp\/v2\/pages\/15634\/revisions\/24968"}],"up":[{"embeddable":true,"href":"https:\/\/ddz.de\/en\/wp-json\/wp\/v2\/pages\/15013"}],"wp:featuredmedia":[{"embeddable":true,"href":"https:\/\/ddz.de\/en\/wp-json\/wp\/v2\/media\/15133"}],"wp:attachment":[{"href":"https:\/\/ddz.de\/en\/wp-json\/wp\/v2\/media?parent=15634"}],"wp:term":[{"taxonomy":"category","embeddable":true,"href":"https:\/\/ddz.de\/en\/wp-json\/wp\/v2\/categories?post=15634"},{"taxonomy":"post_tag","embeddable":true,"href":"https:\/\/ddz.de\/en\/wp-json\/wp\/v2\/tags?post=15634"}],"curies":[{"name":"wp","href":"https:\/\/api.w.org\/{rel}","templated":true}]}}